{"id":8733,"date":"2022-12-13T11:45:09","date_gmt":"2022-12-13T10:45:09","guid":{"rendered":"https:\/\/tibble.nu\/campus-taby\/?page_id=8733"},"modified":"2022-12-13T11:45:09","modified_gmt":"2022-12-13T10:45:09","slug":"mikael-littwold","status":"publish","type":"page","link":"https:\/\/tibble.nu\/campus-taby\/att-vara-elev-pa-tibble\/vara-larare\/mikael-littwold\/","title":{"rendered":"Mikael Littwold"},"content":{"rendered":"<p><span style=\"font-weight: 400\">Det Estetiska programmet p\u00e5 Tibble sprider en fantastisk st\u00e4mning \u00e5ret om, och n\u00e5gon som har sett till att utbildningen har kunnat h\u00e5lla den h\u00f6ga kvaliteten de senaste 30 \u00e5ren \u00e4r f\u00f6rstel\u00e4rare Mikael Littwold.\u00a0<\/span><\/p>\n<p><span style=\"font-weight: 400\">Mikael undervisar i \u00e4mnet Musik och det roligaste med att undervisa p\u00e5 Tibble \u00e4r esteteleverna och den dagliga kontakten med dem.<\/span><\/p>\n<p><span style=\"font-weight: 400\">\u201cAtt f\u00e5 vara med och p\u00e5verka deras utvecklingsprocess inom deras respektive konstn\u00e4rliga omr\u00e5de \u00e4r fantastiskt och en ren ynnest. Den talang och kreativitet som esteteleverna b\u00e4r p\u00e5 \u00e4r s\u00e5 inspirerande och hj\u00e4lper mig att forts\u00e4tta utvecklas och vara \u00e0 jour med samtiden i mitt eget musikut\u00f6vande\u201d<\/span><\/p>\n<p><span style=\"font-weight: 400\">Ett starkt minne som Mikael har fr\u00e5n sin tid p\u00e5 Tibble \u00e4r n\u00e4r de satte upp musikalen CHESS p\u00e5 Tibble Teater 2005 och den sista f\u00f6rest\u00e4llningen bes\u00f6ktes av sj\u00e4lvaste Benny Andersson och Anders Eljas.\u00a0<\/span><\/p>\n<p><span style=\"font-weight: 400\">\u201cDet var ett stort \u00f6gonblick. Alla musikaler, konserter och utst\u00e4llningar vi g\u00f6r skapar of\u00f6rgl\u00f6mliga minnen.\u201d<\/span><\/p>\n","protected":false},"excerpt":{"rendered":"<p>Det Estetiska programmet p\u00e5 Tibble sprider en fantastisk st\u00e4mning \u00e5ret om, och n\u00e5gon som har sett till att utbildningen har kunnat h\u00e5lla den h\u00f6ga kvaliteten de senaste 30 \u00e5ren \u00e4r f\u00f6rstel\u00e4rare Mikael Littwold.\u00a0 Mikael undervisar i \u00e4mnet Musik och det&#8230;<\/p>\n","protected":false},"author":14,"featured_media":0,"parent":5741,"menu_order":0,"comment_status":"closed","ping_status":"closed","template":"","meta":{"footnotes":""},"class_list":["post-8733","page","type-page","status-publish","hentry"],"acf":[],"_links":{"self":[{"href":"https:\/\/tibble.nu\/campus-taby\/wp-json\/wp\/v2\/pages\/8733","targetHints":{"allow":["GET"]}}],"collection":[{"href":"https:\/\/tibble.nu\/campus-taby\/wp-json\/wp\/v2\/pages"}],"about":[{"href":"https:\/\/tibble.nu\/campus-taby\/wp-json\/wp\/v2\/types\/page"}],"author":[{"embeddable":true,"href":"https:\/\/tibble.nu\/campus-taby\/wp-json\/wp\/v2\/users\/14"}],"replies":[{"embeddable":true,"href":"https:\/\/tibble.nu\/campus-taby\/wp-json\/wp\/v2\/comments?post=8733"}],"version-history":[{"count":1,"href":"https:\/\/tibble.nu\/campus-taby\/wp-json\/wp\/v2\/pages\/8733\/revisions"}],"predecessor-version":[{"id":8734,"href":"https:\/\/tibble.nu\/campus-taby\/wp-json\/wp\/v2\/pages\/8733\/revisions\/8734"}],"up":[{"embeddable":true,"href":"https:\/\/tibble.nu\/campus-taby\/wp-json\/wp\/v2\/pages\/5741"}],"wp:attachment":[{"href":"https:\/\/tibble.nu\/campus-taby\/wp-json\/wp\/v2\/media?parent=8733"}],"curies":[{"name":"wp","href":"https:\/\/api.w.org\/{rel}","templated":true}]}}