{"id":8716,"date":"2022-12-13T11:29:20","date_gmt":"2022-12-13T10:29:20","guid":{"rendered":"https:\/\/tibble.nu\/campus-taby\/?page_id=8716"},"modified":"2024-10-29T15:17:21","modified_gmt":"2024-10-29T14:17:21","slug":"eva-sandstrom","status":"publish","type":"page","link":"https:\/\/tibble.nu\/campus-taby\/att-vara-elev-pa-tibble\/vara-larare\/eva-sandstrom\/","title":{"rendered":"Eva Sandstr\u00f6m"},"content":{"rendered":"<p><span style=\"font-weight: 400\">Eva Sandstr\u00f6m som undervisar i Idrott &amp; h\u00e4lsa, Specialidrott och i programgemensamma \u00e4mnen p\u00e5 FHL-programmet. Hon har \u00e4ven som uppdrag p\u00e5 Tibble att driva NIU- och LIU-utbildningarna.\u00a0<\/span><\/p>\n<p><span style=\"font-weight: 400\">Eva tycker det roligaste med att undervisa p\u00e5 Tibble \u00e4r att f\u00e5 utveckla den h\u00f6ga idrottsliga niv\u00e5n som eleverna har och att undervisa p\u00e5 FHL-programmet \u00e4r extra roligt d\u00e5 ingen dag \u00e4r den andra lik. Hennes starkaste minne fr\u00e5n Tibble \u00e4r den \u00e5rliga Tibblekampen, en rolig kick-off f\u00f6r eleverna som b\u00f6rjar i \u00e5rskurs 1 och som arrangeras av eleverna p\u00e5 FHL-programmet.\u00a0<\/span><\/p>\n<p><span style=\"font-weight: 400\">Eva valde att bli l\u00e4rare eftersom hon tror att man som l\u00e4rare har en stor inverkan p\u00e5 eleverna.<\/span><\/p>\n<p><span style=\"font-weight: 400\">\u201c<\/span><span style=\"font-weight: 400\">Jag har haft n\u00e5gra l\u00e4rare som lyckades mindre bra i sitt uppdrag vilket p\u00e5verkade mig och min skolg\u00e5ng negativt. N\u00e5gonstans d\u00e4r best\u00e4mde jag mig f\u00f6r att f\u00f6rs\u00f6ka bli en l\u00e4rare som ser alla elever. Det \u00e4r viktigt att alla f\u00e5r sin chans oavsett f\u00f6ruts\u00e4ttningar.\u201d<\/span><\/p>\n","protected":false},"excerpt":{"rendered":"<p>Eva Sandstr\u00f6m som undervisar i Idrott &amp; h\u00e4lsa, Specialidrott och i programgemensamma \u00e4mnen p\u00e5 FHL-programmet. Hon har \u00e4ven som uppdrag p\u00e5 Tibble att driva NIU- och LIU-utbildningarna.\u00a0 Eva tycker det roligaste med att undervisa p\u00e5 Tibble \u00e4r att f\u00e5 utveckla&#8230;<\/p>\n","protected":false},"author":14,"featured_media":0,"parent":5741,"menu_order":0,"comment_status":"closed","ping_status":"closed","template":"","meta":{"footnotes":""},"class_list":["post-8716","page","type-page","status-publish","hentry"],"acf":[],"_links":{"self":[{"href":"https:\/\/tibble.nu\/campus-taby\/wp-json\/wp\/v2\/pages\/8716","targetHints":{"allow":["GET"]}}],"collection":[{"href":"https:\/\/tibble.nu\/campus-taby\/wp-json\/wp\/v2\/pages"}],"about":[{"href":"https:\/\/tibble.nu\/campus-taby\/wp-json\/wp\/v2\/types\/page"}],"author":[{"embeddable":true,"href":"https:\/\/tibble.nu\/campus-taby\/wp-json\/wp\/v2\/users\/14"}],"replies":[{"embeddable":true,"href":"https:\/\/tibble.nu\/campus-taby\/wp-json\/wp\/v2\/comments?post=8716"}],"version-history":[{"count":2,"href":"https:\/\/tibble.nu\/campus-taby\/wp-json\/wp\/v2\/pages\/8716\/revisions"}],"predecessor-version":[{"id":11291,"href":"https:\/\/tibble.nu\/campus-taby\/wp-json\/wp\/v2\/pages\/8716\/revisions\/11291"}],"up":[{"embeddable":true,"href":"https:\/\/tibble.nu\/campus-taby\/wp-json\/wp\/v2\/pages\/5741"}],"wp:attachment":[{"href":"https:\/\/tibble.nu\/campus-taby\/wp-json\/wp\/v2\/media?parent=8716"}],"curies":[{"name":"wp","href":"https:\/\/api.w.org\/{rel}","templated":true}]}}