{"id":8680,"date":"2022-12-09T11:38:10","date_gmt":"2022-12-09T10:38:10","guid":{"rendered":"https:\/\/tibble.nu\/campus-taby\/?page_id=8680"},"modified":"2025-05-21T13:22:25","modified_gmt":"2025-05-21T11:22:25","slug":"helen-seetodeh","status":"publish","type":"page","link":"https:\/\/tibble.nu\/campus-taby\/helen-seetodeh\/","title":{"rendered":"Helen Seetodeh"},"content":{"rendered":"<p>&nbsp;<\/p>\n<p><span style=\"font-weight: 400\">Helen Setoodeh har arbetat p\u00e5 Tibble sedan 2018 och \u00e4r f\u00f6rstel\u00e4rare p\u00e5 Teknikprogrammet p\u00e5 skolan. Helen har en magisterexamen inom Matematik och Data fr\u00e5n KTH och SU och hon letar st\u00e4ndigt efter nya s\u00e4tt att utveckla sig inom sitt favorit\u00e4mne teknik. Senast skaffade hon beh\u00f6righet inom Cybers\u00e4kerhet och hon \u00e4r sedan tidigare instrukt\u00f6r inom utbildningsf\u00f6retaget Cisco som levererar produkter och tj\u00e4nster inom n\u00e4tverk och datakommunikation.<\/span><\/p>\n<p><span style=\"font-weight: 400\">P\u00e5 tekniklektionerna fokuserar Helen p\u00e5 att undervisa eleverna inom de senaste teknologierna som AI, Internet of Things eller att skapa r\u00f6relse med Arduino. F\u00f6r Helen \u00e4r det roligaste med teknik att kunna f\u00f6lja med i utvecklingen som sker hela tiden.\u00a0<\/span><\/p>\n<p><span style=\"font-weight: 400\">\u201cAtt vara kapabel till att informera och leverera en del av sina nya kunskaper till nyfikna och engagerade elever leder till att det h\u00e4nder massor med roliga saker p\u00e5 lektionerna. Eleverna skapar en helt ny v\u00e4rld av sin nyfikenhet och kreativitet.\u201d ber\u00e4ttar hon. <\/span><\/p>\n<p>&nbsp;<\/p>\n","protected":false},"excerpt":{"rendered":"<p>&nbsp; Helen Setoodeh har arbetat p\u00e5 Tibble sedan 2018 och \u00e4r f\u00f6rstel\u00e4rare p\u00e5 Teknikprogrammet p\u00e5 skolan. Helen har en magisterexamen inom Matematik och Data fr\u00e5n KTH och SU och hon letar st\u00e4ndigt efter nya s\u00e4tt att utveckla sig inom sitt&#8230;<\/p>\n","protected":false},"author":14,"featured_media":0,"parent":0,"menu_order":22,"comment_status":"closed","ping_status":"closed","template":"","meta":{"footnotes":""},"class_list":["post-8680","page","type-page","status-publish","hentry"],"acf":[],"_links":{"self":[{"href":"https:\/\/tibble.nu\/campus-taby\/wp-json\/wp\/v2\/pages\/8680","targetHints":{"allow":["GET"]}}],"collection":[{"href":"https:\/\/tibble.nu\/campus-taby\/wp-json\/wp\/v2\/pages"}],"about":[{"href":"https:\/\/tibble.nu\/campus-taby\/wp-json\/wp\/v2\/types\/page"}],"author":[{"embeddable":true,"href":"https:\/\/tibble.nu\/campus-taby\/wp-json\/wp\/v2\/users\/14"}],"replies":[{"embeddable":true,"href":"https:\/\/tibble.nu\/campus-taby\/wp-json\/wp\/v2\/comments?post=8680"}],"version-history":[{"count":2,"href":"https:\/\/tibble.nu\/campus-taby\/wp-json\/wp\/v2\/pages\/8680\/revisions"}],"predecessor-version":[{"id":8692,"href":"https:\/\/tibble.nu\/campus-taby\/wp-json\/wp\/v2\/pages\/8680\/revisions\/8692"}],"wp:attachment":[{"href":"https:\/\/tibble.nu\/campus-taby\/wp-json\/wp\/v2\/media?parent=8680"}],"curies":[{"name":"wp","href":"https:\/\/api.w.org\/{rel}","templated":true}]}}