{"id":8648,"date":"2022-12-07T13:57:21","date_gmt":"2022-12-07T12:57:21","guid":{"rendered":"https:\/\/tibble.nu\/campus-taby\/?page_id=8648"},"modified":"2023-04-25T10:13:18","modified_gmt":"2023-04-25T08:13:18","slug":"tibble-musikal-2023","status":"publish","type":"page","link":"https:\/\/tibble.nu\/campus-taby\/utbildningar\/estet\/musikal\/tibble-musikal-2023\/","title":{"rendered":"Tibble musikal 2023"},"content":{"rendered":"<p>\u00c5rets musikal p\u00e5 Tibble Gymnasium \u00e4r Rock of Ages, en komedi med \u00f6ver 25 klassiska rockhit&#8217;s fr\u00e5n 80-talet!<\/p>\n<p>Den inneh\u00e5ller of\u00f6rgl\u00f6mliga l\u00e5tar som <em>Don&#8217;t stop Believin&#8217;, We built this city, The final countdown, I Wanna rock och I want to know what love is.<\/em><\/p>\n<p>Kom till Tibble Teater, l\u00e4mna allt bakom dig och f\u00f6rlora dig sj\u00e4lv i en stad och i en tid d\u00e4r dr\u00f6mmar \u00e4r lika stora som frisyrerna och energin f\u00e5r dig att k\u00e4nna att allt \u00e4r m\u00f6jligt!<\/p>\n<p>Musikalen spelas just nu flitigt p\u00e5 turn\u00e9 i England och den sattes upp i Stockholm p\u00e5 Chinateatern 2013, samma \u00e5r som musikalfilmen kom med bl.a. Tom Cruise, Catherine Zeta Jones och svenska Malin \u00c5kerman i rollerna!\u00a0 Nu presenteras den stolt av Estetiska programmet p\u00e5 Tibble Gymnasium.<\/p>\n<p><strong>V\u00e4lkommen p\u00e5 premi\u00e4r 28 april!\u00a0<\/strong><\/p>\n<p>&nbsp;<\/p>\n<p><img loading=\"lazy\" decoding=\"async\" class=\"alignnone size-full wp-image-8687\" src=\"https:\/\/tibble.nu\/campus-taby\/wp-content\/uploads\/Tibble_ROA_logo.jpg\" alt=\"\" width=\"1040\" height=\"584\" srcset=\"https:\/\/tibble.nu\/campus-taby\/wp-content\/uploads\/Tibble_ROA_logo.jpg 1040w, https:\/\/tibble.nu\/campus-taby\/wp-content\/uploads\/Tibble_ROA_logo-300x168.jpg 300w, https:\/\/tibble.nu\/campus-taby\/wp-content\/uploads\/Tibble_ROA_logo-1024x575.jpg 1024w, https:\/\/tibble.nu\/campus-taby\/wp-content\/uploads\/Tibble_ROA_logo-768x431.jpg 768w, https:\/\/tibble.nu\/campus-taby\/wp-content\/uploads\/Tibble_ROA_logo-150x84.jpg 150w, https:\/\/tibble.nu\/campus-taby\/wp-content\/uploads\/Tibble_ROA_logo-660x371.jpg 660w\" sizes=\"auto, (max-width: 1040px) 100vw, 1040px\" \/><\/p>\n","protected":false},"excerpt":{"rendered":"<p>\u00c5rets musikal p\u00e5 Tibble Gymnasium \u00e4r Rock of Ages, en komedi med \u00f6ver 25 klassiska rockhit&#8217;s fr\u00e5n 80-talet! Den inneh\u00e5ller of\u00f6rgl\u00f6mliga l\u00e5tar som Don&#8217;t stop Believin&#8217;, We built this city, The final countdown, I Wanna rock och I want to&#8230;<\/p>\n","protected":false},"author":14,"featured_media":0,"parent":4390,"menu_order":0,"comment_status":"closed","ping_status":"closed","template":"","meta":{"footnotes":""},"class_list":["post-8648","page","type-page","status-publish","hentry"],"acf":[],"_links":{"self":[{"href":"https:\/\/tibble.nu\/campus-taby\/wp-json\/wp\/v2\/pages\/8648","targetHints":{"allow":["GET"]}}],"collection":[{"href":"https:\/\/tibble.nu\/campus-taby\/wp-json\/wp\/v2\/pages"}],"about":[{"href":"https:\/\/tibble.nu\/campus-taby\/wp-json\/wp\/v2\/types\/page"}],"author":[{"embeddable":true,"href":"https:\/\/tibble.nu\/campus-taby\/wp-json\/wp\/v2\/users\/14"}],"replies":[{"embeddable":true,"href":"https:\/\/tibble.nu\/campus-taby\/wp-json\/wp\/v2\/comments?post=8648"}],"version-history":[{"count":7,"href":"https:\/\/tibble.nu\/campus-taby\/wp-json\/wp\/v2\/pages\/8648\/revisions"}],"predecessor-version":[{"id":9302,"href":"https:\/\/tibble.nu\/campus-taby\/wp-json\/wp\/v2\/pages\/8648\/revisions\/9302"}],"up":[{"embeddable":true,"href":"https:\/\/tibble.nu\/campus-taby\/wp-json\/wp\/v2\/pages\/4390"}],"wp:attachment":[{"href":"https:\/\/tibble.nu\/campus-taby\/wp-json\/wp\/v2\/media?parent=8648"}],"curies":[{"name":"wp","href":"https:\/\/api.w.org\/{rel}","templated":true}]}}