{"id":8555,"date":"2022-12-02T13:11:25","date_gmt":"2022-12-02T12:11:25","guid":{"rendered":"https:\/\/tibble.nu\/campus-taby\/?page_id=8555"},"modified":"2025-05-21T13:22:25","modified_gmt":"2025-05-21T11:22:25","slug":"hamada-sidqi","status":"publish","type":"page","link":"https:\/\/tibble.nu\/campus-taby\/hamada-sidqi\/","title":{"rendered":"Hamada Sidqi"},"content":{"rendered":"<p><span style=\"font-weight: 400\">Hamada har varit l\u00e4rare p\u00e5 Tibble sedan 2017 och h\u00e4r undervisar han i matematik, datavetenskap, fysik och teknik. Med en master i teoretisk fysik och bakgrund som forskare i matematik p\u00e5 KTH har han arbetat som programvaru- och spelutvecklare i m\u00e5nga \u00e5r innan han sadlade om till l\u00e4rare 1997.<\/span><\/p>\n<p>Hamadas intresse f\u00f6r teknik grundar sig i begreppet STEM som st\u00e5r f\u00f6r Science, Technology, Engenering and Mathematics.<\/p>\n<p>\u201dDet \u00e4r en tv\u00e4rvetenskaplig l\u00e4ra d\u00e4r begreppsbildning och sammanhang i l\u00e4randet st\u00e5r i fokus\u201d, f\u00f6rklarar han.<\/p>\n<p>Hamada ber\u00e4ttar att inom tekniken ing\u00e5r \u00e4ven mjuka v\u00e4rden som kreativitet, konst och design.<\/p>\n<p>\u201dStimulering av och balans i IQ och EQ. I den andan arbetar jag med mina elever: bildning i sammanhang!\u201d ber\u00e4ttar han.<\/p>\n<p><strong>Tibble Mathletes\u00a0<\/strong><\/p>\n<p><span style=\"font-weight: 400\">P\u00e5 Tibble har Hamada uppdraget att vara Utvecklingsledare inom Matematik spets, d\u00e4r han driver projektet Tibble Mathletes. Precis som det l\u00e5ter s\u00e5 best\u00e5r projektet av Tibbles matematikatleter, en grupp elever som har ett s\u00e4rskilt stort intresse f\u00f6r och som vill utvecklas i \u00e4mnet. Gruppen leds av Hamada som undervisar i extra avancerad matematik (linj\u00e4r algebra och analys) till\u00e4mpad p\u00e5 elevens program och intresse. Vidare h\u00e5ller han en kurs \u201dProgrammering under press\u201d. D\u00e4r ska eleverna l\u00e4ra sig l\u00f6sa uppgifter under tidspress vilket g\u00f6r de mer vana och trygga vid moment som att skriva prov eller delta i diverse t\u00e4vlingar.<\/span><\/p>\n<p><span style=\"font-weight: 400\">Tibble Mathletes best\u00e5r av omkring 20 elever fr\u00e5n alla \u00e5rskurser inom Teknik-, Ekonomi- och Naturvetenskapsprogrammet som ut\u00f6ver den extra undervisningen deltar i flera rikst\u00e4ckande t\u00e4vlingar, exempelvis Skolornas matematikt\u00e4vling och Olympiader inom programmering och matematik.<\/span><\/p>\n<p><span style=\"font-weight: 400\">\u201dT\u00e4vlingarna g\u00f6r att eleverna blir \u00e4nnu vassare i probleml\u00f6sning\u201d f\u00f6rklarar Hamada.<\/span><\/p>\n<p><span style=\"font-weight: 400\">Tibble Mathletes tr\u00e4ffas fysiskt eller digitalt p\u00e5 torsdagar och alla elever p\u00e5 skolan \u00e4r v\u00e4lkomna att vara med, oavsett vilket program eller \u00e5rskurs man g\u00e5r i.<\/span><\/p>\n<p><span style=\"font-weight: 400\">\u00c4r du intresserad av att vara med i Tibble Mathletes? Anm\u00e4l ditt intresse till <a href=\"mailto:hamada.sidqi@tibble.nu\">hamada.sidqi@tibble.nu<\/a><\/span><\/p>\n\n\t\t<style type=\"text\/css\">\n\t\t\t#gallery-1 {\n\t\t\t\tmargin: auto;\n\t\t\t}\n\t\t\t#gallery-1 .gallery-item {\n\t\t\t\tfloat: left;\n\t\t\t\tmargin-top: 10px;\n\t\t\t\ttext-align: center;\n\t\t\t\twidth: 33%;\n\t\t\t}\n\t\t\t#gallery-1 img {\n\t\t\t\tborder: 2px solid #cfcfcf;\n\t\t\t}\n\t\t\t#gallery-1 .gallery-caption {\n\t\t\t\tmargin-left: 0;\n\t\t\t}\n\t\t\t\/* see gallery_shortcode() in wp-includes\/media.php *\/\n\t\t<\/style>\n\t\t<div id='gallery-1' class='gallery galleryid-8555 gallery-columns-3 gallery-size-thumbnail'><dl class='gallery-item'>\n\t\t\t<dt class='gallery-icon landscape'>\n\t\t\t\t<a href='https:\/\/tibble.nu\/campus-taby\/wp-content\/uploads\/Math_03.jpg' title=\"\" data-rl_title=\"\" class=\"rl-gallery-link\" data-rl_caption=\"\" data-rel=\"lightbox-gallery-1\"><img loading=\"lazy\" decoding=\"async\" width=\"500\" height=\"500\" src=\"https:\/\/tibble.nu\/campus-taby\/wp-content\/uploads\/Math_03-500x500.jpg\" class=\"attachment-thumbnail size-thumbnail\" alt=\"\" \/><\/a>\n\t\t\t<\/dt><\/dl><dl class='gallery-item'>\n\t\t\t<dt class='gallery-icon portrait'>\n\t\t\t\t<a href='https:\/\/tibble.nu\/campus-taby\/wp-content\/uploads\/Math_09.jpg' title=\"\" data-rl_title=\"\" class=\"rl-gallery-link\" data-rl_caption=\"\" data-rel=\"lightbox-gallery-1\"><img loading=\"lazy\" decoding=\"async\" width=\"500\" height=\"500\" src=\"https:\/\/tibble.nu\/campus-taby\/wp-content\/uploads\/Math_09-500x500.jpg\" class=\"attachment-thumbnail size-thumbnail\" alt=\"\" \/><\/a>\n\t\t\t<\/dt><\/dl><dl class='gallery-item'>\n\t\t\t<dt class='gallery-icon landscape'>\n\t\t\t\t<a href='https:\/\/tibble.nu\/campus-taby\/wp-content\/uploads\/Math_05.jpg' title=\"\" data-rl_title=\"\" class=\"rl-gallery-link\" data-rl_caption=\"\" data-rel=\"lightbox-gallery-1\"><img loading=\"lazy\" decoding=\"async\" width=\"500\" height=\"500\" src=\"https:\/\/tibble.nu\/campus-taby\/wp-content\/uploads\/Math_05-500x500.jpg\" class=\"attachment-thumbnail size-thumbnail\" alt=\"\" \/><\/a>\n\t\t\t<\/dt><\/dl><br style=\"clear: both\" \/>\n\t\t<\/div>\n\n","protected":false},"excerpt":{"rendered":"<p>Hamada har varit l\u00e4rare p\u00e5 Tibble sedan 2017 och h\u00e4r undervisar han i matematik, datavetenskap, fysik och teknik. Med en master i teoretisk fysik och bakgrund som forskare i matematik p\u00e5 KTH har han arbetat som programvaru- och spelutvecklare i&#8230;<\/p>\n","protected":false},"author":14,"featured_media":0,"parent":0,"menu_order":21,"comment_status":"closed","ping_status":"closed","template":"","meta":{"footnotes":""},"class_list":["post-8555","page","type-page","status-publish","hentry"],"acf":[],"_links":{"self":[{"href":"https:\/\/tibble.nu\/campus-taby\/wp-json\/wp\/v2\/pages\/8555","targetHints":{"allow":["GET"]}}],"collection":[{"href":"https:\/\/tibble.nu\/campus-taby\/wp-json\/wp\/v2\/pages"}],"about":[{"href":"https:\/\/tibble.nu\/campus-taby\/wp-json\/wp\/v2\/types\/page"}],"author":[{"embeddable":true,"href":"https:\/\/tibble.nu\/campus-taby\/wp-json\/wp\/v2\/users\/14"}],"replies":[{"embeddable":true,"href":"https:\/\/tibble.nu\/campus-taby\/wp-json\/wp\/v2\/comments?post=8555"}],"version-history":[{"count":5,"href":"https:\/\/tibble.nu\/campus-taby\/wp-json\/wp\/v2\/pages\/8555\/revisions"}],"predecessor-version":[{"id":8696,"href":"https:\/\/tibble.nu\/campus-taby\/wp-json\/wp\/v2\/pages\/8555\/revisions\/8696"}],"wp:attachment":[{"href":"https:\/\/tibble.nu\/campus-taby\/wp-json\/wp\/v2\/media?parent=8555"}],"curies":[{"name":"wp","href":"https:\/\/api.w.org\/{rel}","templated":true}]}}