{"id":8232,"date":"2022-10-19T16:27:05","date_gmt":"2022-10-19T14:27:05","guid":{"rendered":"https:\/\/tibble.nu\/campus-taby\/?page_id=8232"},"modified":"2026-03-19T10:06:18","modified_gmt":"2026-03-19T09:06:18","slug":"teknik","status":"publish","type":"page","link":"https:\/\/tibble.nu\/campus-taby\/utbildningar\/teknik\/","title":{"rendered":"Teknik"},"content":{"rendered":"<p><span style=\"font-size: 1rem;\">P\u00e5 Tibble erbjuder vi en framtidsinriktad teknikutbildning som f\u00f6rbereder dig f\u00f6r den digitala v\u00e4rldens utmaningar. Du f\u00e5r djupg\u00e5ende kunskaper inom programmering, webbutveckling, informationsteknik, samt design med CAD, vilket ger dig en solid teknisk grund att bygga vidare p\u00e5. Utbildningen kombinerar teoretiska och praktiska moment och tr\u00e4nar dig i att t\u00e4nka b\u00e5de kreativt och analytiskt.<\/span><\/p>\n<p>Hos oss l\u00e4r du dig att utveckla moderna webbapplikationer och f\u00f6rst\u00e5 hur tekniska system fungerar, med fokus p\u00e5 att ge dig starka f\u00e4rdigheter inom programmering och teknik. Du f\u00e5r \u00e4ven m\u00f6jlighet att arbeta med avancerade projekt inom artificiell intelligens (AI) och maskininl\u00e4rning, d\u00e4r du l\u00e4r dig hur dessa tekniker kan till\u00e4mpas i verkliga scenarier.<\/p>\n<p>Genom v\u00e5rt samarbete med Mentorspace, under ledning av professor Mark Smith som \u00e4r baserad p\u00e5 Tibble Gymnasium, f\u00e5r du insyn i hur AI och annan teknik anv\u00e4nds i riktiga projekt. Detta samarbete ger dig praktiska erfarenheter och kopplar din utbildning till aktuella tekniska utvecklingar.<\/p>\n<p>Vi str\u00e4var efter att ge dig de b\u00e4sta f\u00f6ruts\u00e4ttningarna att lyckas, oavsett om du vill f\u00f6rdjupa dig i programmering, webbutveckling eller AI. Under din utbildning har du \u00e4ven m\u00f6jlighet att delta i t\u00e4vlingar inom teknik och programmering, samt certifiera dig inom olika tekniska omr\u00e5den.<\/p>\n<p><strong>V\u00e4lkommen till Teknikprogrammet p\u00e5 Tibble!\u00a0<\/strong><\/p>\n<p>&nbsp;<\/p>\n<div class=\"video-embed-container\"><iframe loading=\"lazy\" title=\"Teknikprogrammet p\u00e5 Tibble Campus T\u00e4by\" width=\"500\" height=\"281\" src=\"https:\/\/www.youtube.com\/embed\/_X92vOrYTLA?feature=oembed\" frameborder=\"0\" allow=\"accelerometer; autoplay; clipboard-write; encrypted-media; gyroscope; picture-in-picture; web-share\" referrerpolicy=\"strict-origin-when-cross-origin\" allowfullscreen><\/iframe><\/div>\n","protected":false},"excerpt":{"rendered":"<p>P\u00e5 Tibble erbjuder vi en framtidsinriktad teknikutbildning som f\u00f6rbereder dig f\u00f6r den digitala v\u00e4rldens utmaningar. Du f\u00e5r djupg\u00e5ende kunskaper inom programmering, webbutveckling, informationsteknik, samt design med CAD, vilket ger dig en solid teknisk grund att bygga vidare p\u00e5. Utbildningen kombinerar&#8230;<\/p>\n","protected":false},"author":14,"featured_media":0,"parent":4195,"menu_order":0,"comment_status":"closed","ping_status":"closed","template":"template-program.php","meta":{"footnotes":""},"class_list":["post-8232","page","type-page","status-publish","hentry"],"acf":[],"_links":{"self":[{"href":"https:\/\/tibble.nu\/campus-taby\/wp-json\/wp\/v2\/pages\/8232","targetHints":{"allow":["GET"]}}],"collection":[{"href":"https:\/\/tibble.nu\/campus-taby\/wp-json\/wp\/v2\/pages"}],"about":[{"href":"https:\/\/tibble.nu\/campus-taby\/wp-json\/wp\/v2\/types\/page"}],"author":[{"embeddable":true,"href":"https:\/\/tibble.nu\/campus-taby\/wp-json\/wp\/v2\/users\/14"}],"replies":[{"embeddable":true,"href":"https:\/\/tibble.nu\/campus-taby\/wp-json\/wp\/v2\/comments?post=8232"}],"version-history":[{"count":6,"href":"https:\/\/tibble.nu\/campus-taby\/wp-json\/wp\/v2\/pages\/8232\/revisions"}],"predecessor-version":[{"id":11938,"href":"https:\/\/tibble.nu\/campus-taby\/wp-json\/wp\/v2\/pages\/8232\/revisions\/11938"}],"up":[{"embeddable":true,"href":"https:\/\/tibble.nu\/campus-taby\/wp-json\/wp\/v2\/pages\/4195"}],"wp:attachment":[{"href":"https:\/\/tibble.nu\/campus-taby\/wp-json\/wp\/v2\/media?parent=8232"}],"curies":[{"name":"wp","href":"https:\/\/api.w.org\/{rel}","templated":true}]}}