{"id":6739,"date":"2021-11-24T14:34:47","date_gmt":"2021-11-24T13:34:47","guid":{"rendered":"https:\/\/tibble.nu\/campus-taby\/?page_id=6739"},"modified":"2022-04-20T16:39:39","modified_gmt":"2022-04-20T14:39:39","slug":"tibble-musikal-2022","status":"publish","type":"page","link":"https:\/\/tibble.nu\/campus-taby\/utbildningar\/estet\/musikal\/tibble-musikal-2022\/","title":{"rendered":"Tibble musikal 2022"},"content":{"rendered":"<div class=\"video-embed-container\"><iframe loading=\"lazy\" title=\"Flashdance intervju\" width=\"500\" height=\"281\" src=\"https:\/\/www.youtube.com\/embed\/3Ekrlqpbr9U?feature=oembed\" frameborder=\"0\" allow=\"accelerometer; autoplay; clipboard-write; encrypted-media; gyroscope; picture-in-picture; web-share\" referrerpolicy=\"strict-origin-when-cross-origin\" allowfullscreen><\/iframe><\/div>\n<p>&#8212;<\/p>\n<p>Vi \u00e4r \u00f6verlyckliga och v\u00e4ldigt peppade \u00f6ver att f\u00e5 arbeta igen och att Ni publiken \u00e4ntligen f\u00e5r m\u00f6jlighet att g\u00e5 p\u00e5 teater igen! Till v\u00e5ren bjuder vi in till visning av musikalen Flashdance!<\/p>\n<p>Flashdance bygger p\u00e5 kultfilmen med samma namn. Filmen hade premi\u00e4r 15 april 1983 och fick stor genomslagskraft. Historien f\u00f6ljer ett stark 80-talstema som handlar om unga m\u00e4nniskors dr\u00f6mmar och l\u00e4ngtan om att lyckas inom dans, musik och\/eller teater i en v\u00e4rld d\u00e4r det kan tyckas saknas helt eller k\u00e4nnas vara om\u00f6jligt. I den h\u00e5rda industristaden Pittsburgh f\u00e5r vi f\u00f6lja Alex som har ett h\u00e5rt arbete inom st\u00e5lindustrin p\u00e5 dagarna och dansar p\u00e5 kv\u00e4llarna p\u00e5 nattklubben Harry\u2019s. Hennes innersta dr\u00f6m \u00e4r att f\u00e5 arbeta som dansare p\u00e5 heltid och hennes fantastiska mentor Hanna st\u00f6ttar henne att s\u00f6ka till den eftertraktade Shipley Dance Academy. Karakt\u00e4rerna som finns p\u00e5 Harry\u2019s, p\u00e5 den konkurrerande och till ytan fashionabla dansklubben Camelont och runt omkring industrin \u00e4r starka personligheter som r\u00f6r om i tillvaron. Naturligtvis finns ocks\u00e5 ett par k\u00e4rlekshistorier inv\u00e4vda i ber\u00e4ttelsen!<\/p>\n<p>Musikalen bjuder p\u00e5 h\u00f6g energi med hits som Maniac, Gloria, Manhunt och What a feeling.<\/p>\n<p>V\u00e5r ensemble \u00e4r Musikalelever och de tillsammans med Bild &amp; Formeleverna f\u00e5r arbeta med ett professionellt konstn\u00e4rligt team, orkester och ljud- och ljus-tekniker i skapandet av musikalen Flashdance!<\/p>\n<p>Varmt v\u00e4lkomna till Tibble teater!<\/p>\n<p>&nbsp;<\/p>\n","protected":false},"excerpt":{"rendered":"<p>&#8212; Vi \u00e4r \u00f6verlyckliga och v\u00e4ldigt peppade \u00f6ver att f\u00e5 arbeta igen och att Ni publiken \u00e4ntligen f\u00e5r m\u00f6jlighet att g\u00e5 p\u00e5 teater igen! Till v\u00e5ren bjuder vi in till visning av musikalen Flashdance! Flashdance bygger p\u00e5 kultfilmen med samma&#8230;<\/p>\n","protected":false},"author":14,"featured_media":0,"parent":4390,"menu_order":0,"comment_status":"closed","ping_status":"closed","template":"","meta":{"footnotes":""},"class_list":["post-6739","page","type-page","status-publish","hentry"],"acf":[],"_links":{"self":[{"href":"https:\/\/tibble.nu\/campus-taby\/wp-json\/wp\/v2\/pages\/6739","targetHints":{"allow":["GET"]}}],"collection":[{"href":"https:\/\/tibble.nu\/campus-taby\/wp-json\/wp\/v2\/pages"}],"about":[{"href":"https:\/\/tibble.nu\/campus-taby\/wp-json\/wp\/v2\/types\/page"}],"author":[{"embeddable":true,"href":"https:\/\/tibble.nu\/campus-taby\/wp-json\/wp\/v2\/users\/14"}],"replies":[{"embeddable":true,"href":"https:\/\/tibble.nu\/campus-taby\/wp-json\/wp\/v2\/comments?post=6739"}],"version-history":[{"count":6,"href":"https:\/\/tibble.nu\/campus-taby\/wp-json\/wp\/v2\/pages\/6739\/revisions"}],"predecessor-version":[{"id":7387,"href":"https:\/\/tibble.nu\/campus-taby\/wp-json\/wp\/v2\/pages\/6739\/revisions\/7387"}],"up":[{"embeddable":true,"href":"https:\/\/tibble.nu\/campus-taby\/wp-json\/wp\/v2\/pages\/4390"}],"wp:attachment":[{"href":"https:\/\/tibble.nu\/campus-taby\/wp-json\/wp\/v2\/media?parent=6739"}],"curies":[{"name":"wp","href":"https:\/\/api.w.org\/{rel}","templated":true}]}}