{"id":6623,"date":"2021-11-23T11:17:28","date_gmt":"2021-11-23T10:17:28","guid":{"rendered":"https:\/\/tibble.nu\/campus-taby\/?page_id=6623"},"modified":"2026-01-30T16:03:16","modified_gmt":"2026-01-30T15:03:16","slug":"oppet-hus","status":"publish","type":"page","link":"https:\/\/tibble.nu\/campus-taby\/gymnasievalet\/oppet-hus\/","title":{"rendered":"\u00d6ppet hus"},"content":{"rendered":"<p>Vi bjuder inte in till fler \u00f6ppna hus under det h\u00e4r l\u00e4s\u00e5ret. Om du vill veta mer om skolan hittar du information och filmer om v\u00e5ra utbildningar h\u00e4r. Du kan ocks\u00e5 se po\u00e4ngplaner och information om antagningsgr\u00e4nser l\u00e4ngre ner p\u00e5 sidan.<\/p>\n","protected":false},"excerpt":{"rendered":"<p>Vi bjuder inte in till fler \u00f6ppna hus under det h\u00e4r l\u00e4s\u00e5ret. Om du vill veta mer om skolan hittar du information och filmer om v\u00e5ra utbildningar h\u00e4r. Du kan ocks\u00e5 se po\u00e4ngplaner och information om antagningsgr\u00e4nser l\u00e4ngre ner p\u00e5&#8230;<\/p>\n","protected":false},"author":1,"featured_media":0,"parent":4201,"menu_order":0,"comment_status":"closed","ping_status":"closed","template":"template-media.php","meta":{"footnotes":""},"class_list":["post-6623","page","type-page","status-publish","hentry"],"acf":[],"_links":{"self":[{"href":"https:\/\/tibble.nu\/campus-taby\/wp-json\/wp\/v2\/pages\/6623","targetHints":{"allow":["GET"]}}],"collection":[{"href":"https:\/\/tibble.nu\/campus-taby\/wp-json\/wp\/v2\/pages"}],"about":[{"href":"https:\/\/tibble.nu\/campus-taby\/wp-json\/wp\/v2\/types\/page"}],"author":[{"embeddable":true,"href":"https:\/\/tibble.nu\/campus-taby\/wp-json\/wp\/v2\/users\/1"}],"replies":[{"embeddable":true,"href":"https:\/\/tibble.nu\/campus-taby\/wp-json\/wp\/v2\/comments?post=6623"}],"version-history":[{"count":6,"href":"https:\/\/tibble.nu\/campus-taby\/wp-json\/wp\/v2\/pages\/6623\/revisions"}],"predecessor-version":[{"id":11889,"href":"https:\/\/tibble.nu\/campus-taby\/wp-json\/wp\/v2\/pages\/6623\/revisions\/11889"}],"up":[{"embeddable":true,"href":"https:\/\/tibble.nu\/campus-taby\/wp-json\/wp\/v2\/pages\/4201"}],"wp:attachment":[{"href":"https:\/\/tibble.nu\/campus-taby\/wp-json\/wp\/v2\/media?parent=6623"}],"curies":[{"name":"wp","href":"https:\/\/api.w.org\/{rel}","templated":true}]}}