{"id":6542,"date":"2021-11-08T14:31:06","date_gmt":"2021-11-08T13:31:06","guid":{"rendered":"https:\/\/tibble.nu\/campus-taby\/?page_id=6542"},"modified":"2025-10-15T16:47:07","modified_gmt":"2025-10-15T14:47:07","slug":"digitala-beteenden","status":"publish","type":"page","link":"https:\/\/tibble.nu\/campus-taby\/utbildningar\/samhallsvetenskap\/digitala-beteenden\/","title":{"rendered":"Digitala beteenden"},"content":{"rendered":"<h4>Vill du f\u00f6rst\u00e5 beteendem\u00f6nster som sker p\u00e5 n\u00e4tet? Har du n\u00e5gon g\u00e5ng funderat \u00f6ver hur olika normer uppst\u00e5r i v\u00e5rt digitala medielandskap? D\u00e5 \u00e4r f\u00f6rdjupningen Digitala beteenden f\u00f6r dig!<\/h4>\n<p>P\u00e5 Digitala beteenden l\u00e4ser du traditionella beteendekurser i kombination med f\u00f6rdjupningskurserna \u201dVisuell kommunikation\u201d och \u201dMedieproduktion 1\u201d. Valet \u00e4r \u00f6ppet f\u00f6r dig som valt att studera Samh\u00e4llsvetenskapsprogrammet inriktning Beteendevetenskap p\u00e5 Tibble och valet g\u00f6rs inf\u00f6r \u00e5rskurs 2.<\/p>\n<p>Inom f\u00f6rdjupningskurserna kommer du bland annat att arbeta med digitala verktyg och plattformar inom Adobesviten som t.ex. Photoshop f\u00f6r att skapa kommunikativt material som bilder och film. Kurserna ges i skolans moderna mediasalar och fotostudior av l\u00e4rare med l\u00e5ng yrkeserfarenhet inom reklam och webbdesign. Vi unders\u00f6ker bildspr\u00e5k som f\u00f6rekommer i sociala och traditionella medier samt hur dessa p\u00e5verkar m\u00e4nskliga beteenden. I kurserna lyfter vi hur olika faktorer som t.ex. k\u00f6nsnormer, konspirationsteorier, och kroppsideal p\u00e5verkar dagens medielandskap och hur detta kan leda till konsekvenser som psykisk oh\u00e4lsa i samh\u00e4llet.<\/p>\n<p>F\u00f6rdjupningen ger en bred beh\u00f6righet f\u00f6r fortsatta studier p\u00e5 universitet och h\u00f6gskola.<\/p>\n<div class=\"video-embed-container\"><iframe loading=\"lazy\" title=\"Programf\u00f6rdjupning Digitala Beteenden\" width=\"500\" height=\"281\" src=\"https:\/\/www.youtube.com\/embed\/jcMY9l8sJNM?feature=oembed\" frameborder=\"0\" allow=\"accelerometer; autoplay; clipboard-write; encrypted-media; gyroscope; picture-in-picture; web-share\" referrerpolicy=\"strict-origin-when-cross-origin\" allowfullscreen><\/iframe><\/div>\n\n\t\t<style type=\"text\/css\">\n\t\t\t#gallery-1 {\n\t\t\t\tmargin: auto;\n\t\t\t}\n\t\t\t#gallery-1 .gallery-item {\n\t\t\t\tfloat: left;\n\t\t\t\tmargin-top: 10px;\n\t\t\t\ttext-align: center;\n\t\t\t\twidth: 33%;\n\t\t\t}\n\t\t\t#gallery-1 img {\n\t\t\t\tborder: 2px solid #cfcfcf;\n\t\t\t}\n\t\t\t#gallery-1 .gallery-caption {\n\t\t\t\tmargin-left: 0;\n\t\t\t}\n\t\t\t\/* see gallery_shortcode() in wp-includes\/media.php *\/\n\t\t<\/style>\n\t\t<div id='gallery-1' class='gallery galleryid-6542 gallery-columns-3 gallery-size-thumbnail'><dl class='gallery-item'>\n\t\t\t<dt class='gallery-icon landscape'>\n\t\t\t\t<a href='https:\/\/tibble.nu\/campus-taby\/wp-content\/uploads\/reklamfilm.png' title=\"\" data-rl_title=\"\" class=\"rl-gallery-link\" data-rl_caption=\"\" data-rel=\"lightbox-gallery-1\"><img loading=\"lazy\" decoding=\"async\" width=\"500\" height=\"500\" src=\"https:\/\/tibble.nu\/campus-taby\/wp-content\/uploads\/reklamfilm-500x500.png\" class=\"attachment-thumbnail size-thumbnail\" alt=\"\" \/><\/a>\n\t\t\t<\/dt><\/dl><dl class='gallery-item'>\n\t\t\t<dt class='gallery-icon landscape'>\n\t\t\t\t<a href='https:\/\/tibble.nu\/campus-taby\/wp-content\/uploads\/IMG_4200-scaled.jpg' title=\"\" data-rl_title=\"\" class=\"rl-gallery-link\" data-rl_caption=\"\" data-rel=\"lightbox-gallery-1\"><img loading=\"lazy\" decoding=\"async\" width=\"500\" height=\"500\" src=\"https:\/\/tibble.nu\/campus-taby\/wp-content\/uploads\/IMG_4200-500x500.jpg\" class=\"attachment-thumbnail size-thumbnail\" alt=\"\" \/><\/a>\n\t\t\t<\/dt><\/dl><dl class='gallery-item'>\n\t\t\t<dt class='gallery-icon landscape'>\n\t\t\t\t<a href='https:\/\/tibble.nu\/campus-taby\/wp-content\/uploads\/P1060453-scaled.jpg' title=\"\" data-rl_title=\"\" class=\"rl-gallery-link\" data-rl_caption=\"\" data-rel=\"lightbox-gallery-1\"><img loading=\"lazy\" decoding=\"async\" width=\"500\" height=\"500\" src=\"https:\/\/tibble.nu\/campus-taby\/wp-content\/uploads\/P1060453-500x500.jpg\" class=\"attachment-thumbnail size-thumbnail\" alt=\"\" \/><\/a>\n\t\t\t<\/dt><\/dl><br style=\"clear: both\" \/><dl class='gallery-item'>\n\t\t\t<dt class='gallery-icon portrait'>\n\t\t\t\t<a href='https:\/\/tibble.nu\/campus-taby\/wp-content\/uploads\/studio2.jpg' title=\"\" data-rl_title=\"\" class=\"rl-gallery-link\" data-rl_caption=\"\" data-rel=\"lightbox-gallery-1\"><img loading=\"lazy\" decoding=\"async\" width=\"481\" height=\"500\" src=\"https:\/\/tibble.nu\/campus-taby\/wp-content\/uploads\/studio2-481x500.jpg\" class=\"attachment-thumbnail size-thumbnail\" alt=\"\" \/><\/a>\n\t\t\t<\/dt><\/dl><dl class='gallery-item'>\n\t\t\t<dt class='gallery-icon landscape'>\n\t\t\t\t<a href='https:\/\/tibble.nu\/campus-taby\/wp-content\/uploads\/Ylva_Hennix_Ripa_foto_.jpg' title=\"\" data-rl_title=\"\" class=\"rl-gallery-link\" data-rl_caption=\"\" data-rel=\"lightbox-gallery-1\"><img loading=\"lazy\" decoding=\"async\" width=\"500\" height=\"500\" src=\"https:\/\/tibble.nu\/campus-taby\/wp-content\/uploads\/Ylva_Hennix_Ripa_foto_-500x500.jpg\" class=\"attachment-thumbnail size-thumbnail\" alt=\"\" \/><\/a>\n\t\t\t<\/dt><\/dl><dl class='gallery-item'>\n\t\t\t<dt class='gallery-icon landscape'>\n\t\t\t\t<a href='https:\/\/tibble.nu\/campus-taby\/wp-content\/uploads\/P1060435-scaled.jpg' title=\"\" data-rl_title=\"\" class=\"rl-gallery-link\" data-rl_caption=\"\" data-rel=\"lightbox-gallery-1\"><img loading=\"lazy\" decoding=\"async\" width=\"500\" height=\"500\" src=\"https:\/\/tibble.nu\/campus-taby\/wp-content\/uploads\/P1060435-500x500.jpg\" class=\"attachment-thumbnail size-thumbnail\" alt=\"\" \/><\/a>\n\t\t\t<\/dt><\/dl><br style=\"clear: both\" \/>\n\t\t<\/div>\n\n","protected":false},"excerpt":{"rendered":"<p>Vill du f\u00f6rst\u00e5 beteendem\u00f6nster som sker p\u00e5 n\u00e4tet? Har du n\u00e5gon g\u00e5ng funderat \u00f6ver hur olika normer uppst\u00e5r i v\u00e5rt digitala medielandskap? D\u00e5 \u00e4r f\u00f6rdjupningen Digitala beteenden f\u00f6r dig! P\u00e5 Digitala beteenden l\u00e4ser du traditionella beteendekurser i kombination med f\u00f6rdjupningskurserna&#8230;<\/p>\n","protected":false},"author":14,"featured_media":0,"parent":4485,"menu_order":0,"comment_status":"closed","ping_status":"closed","template":"template-program.php","meta":{"footnotes":""},"class_list":["post-6542","page","type-page","status-publish","hentry"],"acf":[],"_links":{"self":[{"href":"https:\/\/tibble.nu\/campus-taby\/wp-json\/wp\/v2\/pages\/6542","targetHints":{"allow":["GET"]}}],"collection":[{"href":"https:\/\/tibble.nu\/campus-taby\/wp-json\/wp\/v2\/pages"}],"about":[{"href":"https:\/\/tibble.nu\/campus-taby\/wp-json\/wp\/v2\/types\/page"}],"author":[{"embeddable":true,"href":"https:\/\/tibble.nu\/campus-taby\/wp-json\/wp\/v2\/users\/14"}],"replies":[{"embeddable":true,"href":"https:\/\/tibble.nu\/campus-taby\/wp-json\/wp\/v2\/comments?post=6542"}],"version-history":[{"count":5,"href":"https:\/\/tibble.nu\/campus-taby\/wp-json\/wp\/v2\/pages\/6542\/revisions"}],"predecessor-version":[{"id":11759,"href":"https:\/\/tibble.nu\/campus-taby\/wp-json\/wp\/v2\/pages\/6542\/revisions\/11759"}],"up":[{"embeddable":true,"href":"https:\/\/tibble.nu\/campus-taby\/wp-json\/wp\/v2\/pages\/4485"}],"wp:attachment":[{"href":"https:\/\/tibble.nu\/campus-taby\/wp-json\/wp\/v2\/media?parent=6542"}],"curies":[{"name":"wp","href":"https:\/\/api.w.org\/{rel}","templated":true}]}}