{"id":6229,"date":"2021-09-23T11:36:06","date_gmt":"2021-09-23T09:36:06","guid":{"rendered":"https:\/\/tibble.nu\/campus-taby\/?page_id=6229"},"modified":"2021-10-13T16:41:55","modified_gmt":"2021-10-13T14:41:55","slug":"rotary-stipendiet","status":"publish","type":"page","link":"https:\/\/tibble.nu\/campus-taby\/att-vara-elev-pa-tibble\/uf\/rotary-stipendiet\/","title":{"rendered":"Rotary Stipendiet"},"content":{"rendered":"<p>Tibble Gymnasium har sedan ett antal \u00e5r tillbaka ett samarbete med Rotary T\u00e4by som genom sina medlemmar erbjuder r\u00e5dgivare till skolans UF-f\u00f6retagare. Rotary T\u00e4by tillh\u00f6r ett globalt n\u00e4tverk som genom olika projekt \u00f6ver hela v\u00e4rlden arbetar f\u00f6r att utveckla samh\u00e4llen och skapa b\u00e4ttre levnadsvillkor f\u00f6r m\u00e4nniskor. Rotarys T\u00e4bys medlemmar har gedigen erfarenhet fr\u00e5n n\u00e4ringslivet och entrepren\u00f6rskap och som r\u00e5dgivare st\u00f6ttar de UF-f\u00f6retagen i hur de p\u00e5 b\u00e4st s\u00e4tt kan bedriva sina verksamheter.<\/p>\n<p>Tobias Str\u00e5hle \u00e4r Rotarymedlem och har varit r\u00e5dgivare till Tibbles UF f\u00f6retag under m\u00e5nga \u00e5r. Under sitt \u00e5r som president 2020-2021 s\u00e5g han m\u00f6jligheten att ut\u00f6ka det goda samarbeten med Tibble genom att instifta ett Stipendium i Rotarys namn som delas ut till \u00e5rets b\u00e4sta UF-f\u00f6retag. Syftet med stipendiet \u00e4r att uppm\u00e4rksamma det UF-f\u00f6retag som Rotary anser har lyckats b\u00e4st med sin aff\u00e4rsplan samt ge m\u00f6jlighet till att kunna bedriva verksamheten vidare.<\/p>\n<p>Stipendiet \u00e4r \u00f6ppet f\u00f6r alla som driver UF-f\u00f6retag p\u00e5 Tibble. Under h\u00f6sten skickar UF-f\u00f6retagen in sina aff\u00e4rsplaner till en jury best\u00e5ende av Rotarys UF R\u00e5dgivare. Juryn diskuterar olika aspekter av UF-f\u00f6retagens aff\u00e4rsid\u00e9er. Bland annat tittar man p\u00e5 hur h\u00e5llbart f\u00f6retaget \u00e4r och hur stor m\u00f6jlighet aff\u00e4rsid\u00e9n har att kunna bedrivas efter UF-\u00e5ret. D\u00e4rifr\u00e5n v\u00e4ljs sedan fem finalister ut som under v\u00e5rterminen f\u00e5r presentera sina f\u00f6retag f\u00f6r juryn som i sin tur utv\u00e4rdera hur de lyckats med sin aff\u00e4rsplan, fr\u00e5n b\u00f6rjan till slut. Tillsammans med juryn diskuteras vad UF f\u00f6retagens medlemmar l\u00e4rt sig, om UF f\u00f6retaget utvecklats som de t\u00e4nk, hur de hanterat hinder p\u00e5 v\u00e4gen samt hur samarbetet i gruppen fungerat. D\u00e4rmed f\u00e5r UF-f\u00f6retagen inte bara pitcha sina aff\u00e4rsid\u00e9er f\u00f6r juryn utan \u00e4ven v\u00e4rdefull feedback fr\u00e5n personer som sitter p\u00e5 h\u00f6ga positioner inom n\u00e4ringslivet.<\/p>\n<p>Juryn g\u00f6r sedan en slutbed\u00f6mning som ligger till grunden f\u00f6r valet av \u00e5rets stipendiat. Det f\u00f6rsta stipendiet delades ut p\u00e5 studentdagen 2021 till Matilda Lindgren och hennes f\u00f6retag Illbatting-UF, men konkurrensen var h\u00f6g.<\/p>\n<p>&#8221;Det var oerh\u00f6rt m\u00e5nga bra kandidater i \u00e5r med spridda teman. En del hade tydligt h\u00e5llbarhetsteman, medan andra hade stark paketering av sina produkter. Men utst\u00e5ende var Matilda som hade f\u00e5tt med b\u00e5da delarna samt lyckats lansera sin produkt utomlands,&#8221; ber\u00e4ttar Tobias Str\u00e5hle.<\/p>\n<p>Ut\u00f6ver samarbetet med Tibble bedriver Rotary T\u00e4by bland annat initiativet \u201dR\u00e4dda \u00d6stersj\u00f6n\u201d tillsammans med distriktets \u00f6vriga klubbar, utbytesstipendier samt andra internationella utbyten f\u00f6r ungdomar runt om i v\u00e4rlden. Globalt driver Rotary projekt f\u00f6r att utrota polio och fr\u00e4mja fred och demokratiutveckling.<\/p>\n<p><a href=\"https:\/\/www.rotary.se\/taby\">L\u00e4s mer om Rotary T\u00e4by h\u00e4r.<\/a><\/p>\n","protected":false},"excerpt":{"rendered":"<p>Tibble Gymnasium har sedan ett antal \u00e5r tillbaka ett samarbete med Rotary T\u00e4by som genom sina medlemmar erbjuder r\u00e5dgivare till skolans UF-f\u00f6retagare. Rotary T\u00e4by tillh\u00f6r ett globalt n\u00e4tverk som genom olika projekt \u00f6ver hela v\u00e4rlden arbetar f\u00f6r att utveckla samh\u00e4llen&#8230;<\/p>\n","protected":false},"author":14,"featured_media":0,"parent":4986,"menu_order":0,"comment_status":"closed","ping_status":"closed","template":"","meta":{"footnotes":""},"class_list":["post-6229","page","type-page","status-publish","hentry"],"acf":[],"_links":{"self":[{"href":"https:\/\/tibble.nu\/campus-taby\/wp-json\/wp\/v2\/pages\/6229","targetHints":{"allow":["GET"]}}],"collection":[{"href":"https:\/\/tibble.nu\/campus-taby\/wp-json\/wp\/v2\/pages"}],"about":[{"href":"https:\/\/tibble.nu\/campus-taby\/wp-json\/wp\/v2\/types\/page"}],"author":[{"embeddable":true,"href":"https:\/\/tibble.nu\/campus-taby\/wp-json\/wp\/v2\/users\/14"}],"replies":[{"embeddable":true,"href":"https:\/\/tibble.nu\/campus-taby\/wp-json\/wp\/v2\/comments?post=6229"}],"version-history":[{"count":5,"href":"https:\/\/tibble.nu\/campus-taby\/wp-json\/wp\/v2\/pages\/6229\/revisions"}],"predecessor-version":[{"id":6378,"href":"https:\/\/tibble.nu\/campus-taby\/wp-json\/wp\/v2\/pages\/6229\/revisions\/6378"}],"up":[{"embeddable":true,"href":"https:\/\/tibble.nu\/campus-taby\/wp-json\/wp\/v2\/pages\/4986"}],"wp:attachment":[{"href":"https:\/\/tibble.nu\/campus-taby\/wp-json\/wp\/v2\/media?parent=6229"}],"curies":[{"name":"wp","href":"https:\/\/api.w.org\/{rel}","templated":true}]}}