{"id":5969,"date":"2021-08-27T12:01:40","date_gmt":"2021-08-27T10:01:40","guid":{"rendered":"https:\/\/tibble.nu\/campus-taby\/?page_id=5969"},"modified":"2021-08-27T16:25:35","modified_gmt":"2021-08-27T14:25:35","slug":"reklamfilm","status":"publish","type":"page","link":"https:\/\/tibble.nu\/campus-taby\/tibbleportalen\/elevarbeten\/medier-information-kommunikation\/reklamfilm\/","title":{"rendered":"Reklamfilm"},"content":{"rendered":"<p>Kurs: Medieproduktion 2<br \/>\nKlass: SAM18a<br \/>\nUppgift: G\u00f6r en reklamfilm f\u00f6r Samh\u00e4llsprogrammet inriktning Medier, information &amp; kommunikation i Premier Pro.<\/p>\n<p><iframe loading=\"lazy\" title=\"20210521_055128000_iOS\" src=\"https:\/\/player.vimeo.com\/video\/555665009?dnt=1&amp;app_id=122963\" width=\"500\" height=\"281\" frameborder=\"0\" allow=\"autoplay; fullscreen; picture-in-picture; clipboard-write; encrypted-media; web-share\"><\/iframe><\/p>\n<p><iframe loading=\"lazy\" title=\"filmreklam MLLP KLAR\" src=\"https:\/\/player.vimeo.com\/video\/553322989?dnt=1&amp;app_id=122963\" width=\"480\" height=\"268\" frameborder=\"0\" allow=\"autoplay; fullscreen; picture-in-picture; clipboard-write; encrypted-media; web-share\"><\/iframe><\/p>\n<p><iframe loading=\"lazy\" title=\"Medieinriktning_ A_J_C_E VT2021\" src=\"https:\/\/player.vimeo.com\/video\/553323126?dnt=1&amp;app_id=122963\" width=\"500\" height=\"282\" frameborder=\"0\" allow=\"autoplay; fullscreen; picture-in-picture; clipboard-write; encrypted-media; web-share\"><\/iframe><\/p>\n<p><iframe loading=\"lazy\" title=\"REKLAM_EMB\" src=\"https:\/\/player.vimeo.com\/video\/553323290?dnt=1&amp;app_id=122963\" width=\"500\" height=\"281\" frameborder=\"0\" allow=\"autoplay; fullscreen; picture-in-picture; clipboard-write; encrypted-media; web-share\"><\/iframe><\/p>\n<p><iframe loading=\"lazy\" title=\"Reklamfilm - Erik Rasmus, Hannah och Ebba, KLARmp4\" src=\"https:\/\/player.vimeo.com\/video\/553323656?dnt=1&amp;app_id=122963\" width=\"500\" height=\"281\" frameborder=\"0\" allow=\"autoplay; fullscreen; picture-in-picture; clipboard-write; encrypted-media; web-share\"><\/iframe><\/p>\n<p><iframe loading=\"lazy\" title=\"reklamfilm B S L L\" src=\"https:\/\/player.vimeo.com\/video\/553324048?dnt=1&amp;app_id=122963\" width=\"500\" height=\"281\" frameborder=\"0\" allow=\"autoplay; fullscreen; picture-in-picture; clipboard-write; encrypted-media; web-share\"><\/iframe><\/p>\n<p><iframe loading=\"lazy\" title=\"reklamfilm S_R_VT2021\" src=\"https:\/\/player.vimeo.com\/video\/553324402?dnt=1&amp;app_id=122963\" width=\"500\" height=\"281\" frameborder=\"0\" allow=\"autoplay; fullscreen; picture-in-picture; clipboard-write; encrypted-media; web-share\"><\/iframe><\/p>\n<p><iframe loading=\"lazy\" title=\"Reklamfilm\" src=\"https:\/\/player.vimeo.com\/video\/553325016?dnt=1&amp;app_id=122963\" width=\"500\" height=\"281\" frameborder=\"0\" allow=\"autoplay; fullscreen; picture-in-picture; clipboard-write; encrypted-media; web-share\"><\/iframe><\/p>\n<p><iframe loading=\"lazy\" title=\"Reklamfilm\" src=\"https:\/\/player.vimeo.com\/video\/553330111?dnt=1&amp;app_id=122963\" width=\"500\" height=\"281\" frameborder=\"0\" allow=\"autoplay; fullscreen; picture-in-picture; clipboard-write; encrypted-media; web-share\"><\/iframe><\/p>\n","protected":false},"excerpt":{"rendered":"<p>Kurs: Medieproduktion 2 Klass: SAM18a Uppgift: G\u00f6r en reklamfilm f\u00f6r Samh\u00e4llsprogrammet inriktning Medier, information &amp; kommunikation i Premier Pro.<\/p>\n","protected":false},"author":14,"featured_media":0,"parent":5911,"menu_order":0,"comment_status":"closed","ping_status":"closed","template":"","meta":{"footnotes":""},"class_list":["post-5969","page","type-page","status-publish","hentry"],"acf":[],"_links":{"self":[{"href":"https:\/\/tibble.nu\/campus-taby\/wp-json\/wp\/v2\/pages\/5969","targetHints":{"allow":["GET"]}}],"collection":[{"href":"https:\/\/tibble.nu\/campus-taby\/wp-json\/wp\/v2\/pages"}],"about":[{"href":"https:\/\/tibble.nu\/campus-taby\/wp-json\/wp\/v2\/types\/page"}],"author":[{"embeddable":true,"href":"https:\/\/tibble.nu\/campus-taby\/wp-json\/wp\/v2\/users\/14"}],"replies":[{"embeddable":true,"href":"https:\/\/tibble.nu\/campus-taby\/wp-json\/wp\/v2\/comments?post=5969"}],"version-history":[{"count":4,"href":"https:\/\/tibble.nu\/campus-taby\/wp-json\/wp\/v2\/pages\/5969\/revisions"}],"predecessor-version":[{"id":6014,"href":"https:\/\/tibble.nu\/campus-taby\/wp-json\/wp\/v2\/pages\/5969\/revisions\/6014"}],"up":[{"embeddable":true,"href":"https:\/\/tibble.nu\/campus-taby\/wp-json\/wp\/v2\/pages\/5911"}],"wp:attachment":[{"href":"https:\/\/tibble.nu\/campus-taby\/wp-json\/wp\/v2\/media?parent=5969"}],"curies":[{"name":"wp","href":"https:\/\/api.w.org\/{rel}","templated":true}]}}