{"id":5874,"date":"2021-08-27T08:16:36","date_gmt":"2021-08-27T06:16:36","guid":{"rendered":"https:\/\/tibble.nu\/campus-taby\/?page_id=5874"},"modified":"2022-08-16T13:50:39","modified_gmt":"2022-08-16T11:50:39","slug":"tibble-akademi","status":"publish","type":"page","link":"https:\/\/tibble.nu\/campus-taby\/att-vara-elev-pa-tibble\/foreningar\/tibble-akademi\/","title":{"rendered":"Tibble Akademi"},"content":{"rendered":"<p>Tibble Akademi startade 2013 i syfte att erbjuda kunskapst\u00f6rstiga och nyfikna elever mer stimulans efter skoltid. N\u00e5gra g\u00e5nger per termin blir eleverna i Tibble Akademin inbjudna till olika former av seminarier, utst\u00e4llningar eller andra skr\u00e4ddarsydda studiebes\u00f6k. Efter bes\u00f6ket \u00e4ter man vanligtvis en bit mat och diskutera bes\u00f6ket.<\/p>\n<p>Eleverna anm\u00e4ler sig till aktiviteterna via mail eller sms, och information om vilket studiebes\u00f6k som \u00e4r p\u00e5 g\u00e5ng, ansl\u00e5s via app:en eller p\u00e5 vita tavlan utanf\u00f6r receptionen.<\/p>\n<p><strong>Varf\u00f6r ska jag vara med?<\/strong><\/p>\n<p>Att vara med i Tibble Akademi inneb\u00e4r att man f\u00e5r tr\u00e4ffa andra nyfikna och kunskapst\u00f6rstiga elever i andra klasser, och att man f\u00e5r uppleva s\u00e5dant som man kanske inte har haft m\u00f6jlighet till annars. Dessutom kommer man vid terminens slut erh\u00e5lla ett intyg om att man ing\u00e5tt i denna grupp, n\u00e5got som kan se bra ut i t.ex. ett framtida CV.<\/p>\n<p><strong>Vilka f\u00e5r vara med?<\/strong><\/p>\n<p>Alla elever i \u00e5rkurs 1, 2 och 3 som k\u00e4nner att de har den motivation som kr\u00e4vs, \u00e4r v\u00e4lkomna.<\/p>\n<p>&nbsp;<\/p>\n","protected":false},"excerpt":{"rendered":"<p>Tibble Akademi startade 2013 i syfte att erbjuda kunskapst\u00f6rstiga och nyfikna elever mer stimulans efter skoltid. N\u00e5gra g\u00e5nger per termin blir eleverna i Tibble Akademin inbjudna till olika former av seminarier, utst\u00e4llningar eller andra skr\u00e4ddarsydda studiebes\u00f6k. Efter bes\u00f6ket \u00e4ter man&#8230;<\/p>\n","protected":false},"author":14,"featured_media":0,"parent":4764,"menu_order":0,"comment_status":"closed","ping_status":"closed","template":"","meta":{"footnotes":""},"class_list":["post-5874","page","type-page","status-publish","hentry"],"acf":[],"_links":{"self":[{"href":"https:\/\/tibble.nu\/campus-taby\/wp-json\/wp\/v2\/pages\/5874","targetHints":{"allow":["GET"]}}],"collection":[{"href":"https:\/\/tibble.nu\/campus-taby\/wp-json\/wp\/v2\/pages"}],"about":[{"href":"https:\/\/tibble.nu\/campus-taby\/wp-json\/wp\/v2\/types\/page"}],"author":[{"embeddable":true,"href":"https:\/\/tibble.nu\/campus-taby\/wp-json\/wp\/v2\/users\/14"}],"replies":[{"embeddable":true,"href":"https:\/\/tibble.nu\/campus-taby\/wp-json\/wp\/v2\/comments?post=5874"}],"version-history":[{"count":5,"href":"https:\/\/tibble.nu\/campus-taby\/wp-json\/wp\/v2\/pages\/5874\/revisions"}],"predecessor-version":[{"id":7905,"href":"https:\/\/tibble.nu\/campus-taby\/wp-json\/wp\/v2\/pages\/5874\/revisions\/7905"}],"up":[{"embeddable":true,"href":"https:\/\/tibble.nu\/campus-taby\/wp-json\/wp\/v2\/pages\/4764"}],"wp:attachment":[{"href":"https:\/\/tibble.nu\/campus-taby\/wp-json\/wp\/v2\/media?parent=5874"}],"curies":[{"name":"wp","href":"https:\/\/api.w.org\/{rel}","templated":true}]}}