{"id":5868,"date":"2021-08-26T16:43:11","date_gmt":"2021-08-26T14:43:11","guid":{"rendered":"https:\/\/tibble.nu\/campus-taby\/?page_id=5868"},"modified":"2021-08-26T16:43:11","modified_gmt":"2021-08-26T14:43:11","slug":"fn-foreningen","status":"publish","type":"page","link":"https:\/\/tibble.nu\/campus-taby\/att-vara-elev-pa-tibble\/foreningar\/fn-foreningen\/","title":{"rendered":"FN-f\u00f6reningen"},"content":{"rendered":"<p>Sedan ett antal \u00e5r \u00e4r Tibble Gymnasium en FN-skola med en aktiv elevf\u00f6rening. F\u00f6reningen har f\u00e5tt allt fler medlemmar sedan starten. Globalt engagemang, intresse f\u00f6r m\u00e4nskliga r\u00e4ttigheter och fattigdomsbek\u00e4mpning k\u00e4nnetecknar elevf\u00f6reningens arbete.<\/p>\n<p>Under \u00e5ren har elever fr\u00e5n f\u00f6reningen deltagit i nordiska klimatrollspel. I likhet med de internationella klimatf\u00f6rhandlingarna har kommunikationen varit p\u00e5 engelska. V\u00e5ra delegationer har i sina roller varit med och formulerat resolutioner, debatterat och r\u00f6stat i Generalf\u00f6rsamlingen och till sist undertecknat dem.<\/p>\n<p>Elevf\u00f6reningen har \u00e4ven drivit olika kampanjer p\u00e5 skolan. Bland annat har eleverna tidigare \u00e5r arbetat f\u00f6r FN-f\u00f6rbundets kampanj Flicka som fick extra uppm\u00e4rksamhet p\u00e5 FN-dagen det \u00e5ret. FN-eleverna s\u00e5lde frukost och skramlade med b\u00f6ssor f\u00f6r att samla in pengar till flickor i utvecklingsl\u00e4nderna. Dessutom anordnades ett timsl\u00e5ngt program i Tibble Teater tillsammans med skolans estetprogram och f\u00f6rel\u00e4sare fr\u00e5n Svenska FN-f\u00f6rbundet.<\/p>\n<p>Tibble Gymnasium har \u00e4ven haft f\u00f6rm\u00e5nen att som FN-skola ta emot bes\u00f6k av internationella g\u00e4ster. Monique Coleman, musikalartist och sk\u00e5despelare, har bes\u00f6kt oss och gav d\u00e5 en f\u00f6rel\u00e4sning f\u00f6r skolans elever. F\u00f6rra \u00e5ret var Young Leaders Visitors Program aktiva och bes\u00f6kte flera olika klasser p\u00e5 Tibble. Bland annat fick eleverna tr\u00e4ffa och ta del av Martin Engstr\u00f6ms erfarenheter som journalist och fotograf i krisdrabbade omr\u00e5den och Chavia Ali som ber\u00e4ttade om de funktionsnedsattas situation i Syrien.<\/p>\n<p>Som elev p\u00e5 Tibble och aktiv medlem i skolans FN-f\u00f6rening har du m\u00f6jlighet att medverka till en b\u00e4ttre v\u00e4rld och m\u00f6ta kunniga och engagerade personer av internationell kaliber.<\/p>\n","protected":false},"excerpt":{"rendered":"<p>Sedan ett antal \u00e5r \u00e4r Tibble Gymnasium en FN-skola med en aktiv elevf\u00f6rening. F\u00f6reningen har f\u00e5tt allt fler medlemmar sedan starten. Globalt engagemang, intresse f\u00f6r m\u00e4nskliga r\u00e4ttigheter och fattigdomsbek\u00e4mpning k\u00e4nnetecknar elevf\u00f6reningens arbete. Under \u00e5ren har elever fr\u00e5n f\u00f6reningen deltagit i&#8230;<\/p>\n","protected":false},"author":14,"featured_media":0,"parent":4764,"menu_order":0,"comment_status":"closed","ping_status":"closed","template":"","meta":{"footnotes":""},"class_list":["post-5868","page","type-page","status-publish","hentry"],"acf":[],"_links":{"self":[{"href":"https:\/\/tibble.nu\/campus-taby\/wp-json\/wp\/v2\/pages\/5868","targetHints":{"allow":["GET"]}}],"collection":[{"href":"https:\/\/tibble.nu\/campus-taby\/wp-json\/wp\/v2\/pages"}],"about":[{"href":"https:\/\/tibble.nu\/campus-taby\/wp-json\/wp\/v2\/types\/page"}],"author":[{"embeddable":true,"href":"https:\/\/tibble.nu\/campus-taby\/wp-json\/wp\/v2\/users\/14"}],"replies":[{"embeddable":true,"href":"https:\/\/tibble.nu\/campus-taby\/wp-json\/wp\/v2\/comments?post=5868"}],"version-history":[{"count":1,"href":"https:\/\/tibble.nu\/campus-taby\/wp-json\/wp\/v2\/pages\/5868\/revisions"}],"predecessor-version":[{"id":5869,"href":"https:\/\/tibble.nu\/campus-taby\/wp-json\/wp\/v2\/pages\/5868\/revisions\/5869"}],"up":[{"embeddable":true,"href":"https:\/\/tibble.nu\/campus-taby\/wp-json\/wp\/v2\/pages\/4764"}],"wp:attachment":[{"href":"https:\/\/tibble.nu\/campus-taby\/wp-json\/wp\/v2\/media?parent=5868"}],"curies":[{"name":"wp","href":"https:\/\/api.w.org\/{rel}","templated":true}]}}