{"id":5863,"date":"2021-08-26T15:59:10","date_gmt":"2021-08-26T13:59:10","guid":{"rendered":"https:\/\/tibble.nu\/campus-taby\/?page_id=5863"},"modified":"2024-04-26T09:45:13","modified_gmt":"2024-04-26T07:45:13","slug":"byt-till-tibble","status":"publish","type":"page","link":"https:\/\/tibble.nu\/campus-taby\/gymnasievalet\/byt-till-tibble\/","title":{"rendered":"Byt till Tibble"},"content":{"rendered":"<p>Om du redan studerar p\u00e5 en gymnasieskola men \u00e4r intresserad av att byta till Tibble Campus T\u00e4by \u00e4r du \u00e4r varmt v\u00e4lkommen att ans\u00f6ka om en plats hos oss.<\/p>\n<p>F\u00f6r att ans\u00f6ka om en plats m\u00e5ste du ladda ner och fylla i nedan blankett, skicka med dina betyg fr\u00e5n \u00c5K9, din studieplan fr\u00e5n nuvarande utbildning och ett n\u00e4rvaroutdrag. Skicka den sedan i ett mail till: <a href=\"mailto:syv@tibble.nu\">syv@tibble.nu<\/a><\/p>\n<p><a href=\"https:\/\/tibble.nu\/campus-taby\/wp-content\/uploads\/ansokan-till-tibble-gymnasium-campus-taby.pdf\" target=\"_blank\" rel=\"noopener\">Ladda ner blanketten h\u00e4r (PDF)<\/a><\/p>\n","protected":false},"excerpt":{"rendered":"<p>Om du redan studerar p\u00e5 en gymnasieskola men \u00e4r intresserad av att byta till Tibble Campus T\u00e4by \u00e4r du \u00e4r varmt v\u00e4lkommen att ans\u00f6ka om en plats hos oss. F\u00f6r att ans\u00f6ka om en plats m\u00e5ste du ladda ner och&#8230;<\/p>\n","protected":false},"author":14,"featured_media":0,"parent":4201,"menu_order":0,"comment_status":"closed","ping_status":"closed","template":"","meta":{"footnotes":""},"class_list":["post-5863","page","type-page","status-publish","hentry"],"acf":[],"_links":{"self":[{"href":"https:\/\/tibble.nu\/campus-taby\/wp-json\/wp\/v2\/pages\/5863","targetHints":{"allow":["GET"]}}],"collection":[{"href":"https:\/\/tibble.nu\/campus-taby\/wp-json\/wp\/v2\/pages"}],"about":[{"href":"https:\/\/tibble.nu\/campus-taby\/wp-json\/wp\/v2\/types\/page"}],"author":[{"embeddable":true,"href":"https:\/\/tibble.nu\/campus-taby\/wp-json\/wp\/v2\/users\/14"}],"replies":[{"embeddable":true,"href":"https:\/\/tibble.nu\/campus-taby\/wp-json\/wp\/v2\/comments?post=5863"}],"version-history":[{"count":5,"href":"https:\/\/tibble.nu\/campus-taby\/wp-json\/wp\/v2\/pages\/5863\/revisions"}],"predecessor-version":[{"id":10815,"href":"https:\/\/tibble.nu\/campus-taby\/wp-json\/wp\/v2\/pages\/5863\/revisions\/10815"}],"up":[{"embeddable":true,"href":"https:\/\/tibble.nu\/campus-taby\/wp-json\/wp\/v2\/pages\/4201"}],"wp:attachment":[{"href":"https:\/\/tibble.nu\/campus-taby\/wp-json\/wp\/v2\/media?parent=5863"}],"curies":[{"name":"wp","href":"https:\/\/api.w.org\/{rel}","templated":true}]}}