{"id":5821,"date":"2021-08-25T14:10:25","date_gmt":"2021-08-25T12:10:25","guid":{"rendered":"https:\/\/tibble.nu\/campus-taby\/?page_id=5821"},"modified":"2025-06-16T15:50:24","modified_gmt":"2025-06-16T13:50:24","slug":"skolskoterska","status":"publish","type":"page","link":"https:\/\/tibble.nu\/campus-taby\/att-vara-elev-pa-tibble\/elevhalsa\/skolskoterska\/","title":{"rendered":"Skolsk\u00f6terska"},"content":{"rendered":"<p>I skolsk\u00f6terskornas arbete ing\u00e5r:<\/p>\n<ul>\n<li>H\u00e4lsosamtal och st\u00f6dsamtal<\/li>\n<li>\u00d6ppen mottagning<\/li>\n<li>Kompletterande vaccination enligt nationella vaccinationsprogrammet f\u00f6r de elever som eventuellt missat dem i sin grundskolan<\/li>\n<li>F\u00f6rebyggande arbete och h\u00e4lsofr\u00e4mjande enskilt och i grupp<\/li>\n<li>Tillf\u00f6rande av medicinsk kompetens till skolan<\/li>\n<li>L\u00e4nk mellan skolan och externa v\u00e5rdgivare<\/li>\n<\/ul>\n<p>M\u00e5let f\u00f6r elevh\u00e4lsans medicinska insats (EMI) \u00e4r att bevara och f\u00f6rb\u00e4ttra elevernas sj\u00e4lsliga och kroppsliga h\u00e4lsa samt verka f\u00f6r sunda levnadsvanor.<\/p>\n<p>Under l\u00e4s\u00e5ret kommer de att arbeta med balans i livet, dvs kost, motion och r\u00f6relse f\u00f6r elever i \u00e5rskurs 1.<\/p>\n","protected":false},"excerpt":{"rendered":"<p>I skolsk\u00f6terskornas arbete ing\u00e5r: H\u00e4lsosamtal och st\u00f6dsamtal \u00d6ppen mottagning Kompletterande vaccination enligt nationella vaccinationsprogrammet f\u00f6r de elever som eventuellt missat dem i sin grundskolan F\u00f6rebyggande arbete och h\u00e4lsofr\u00e4mjande enskilt och i grupp Tillf\u00f6rande av medicinsk kompetens till skolan L\u00e4nk mellan&#8230;<\/p>\n","protected":false},"author":14,"featured_media":0,"parent":5138,"menu_order":0,"comment_status":"closed","ping_status":"closed","template":"","meta":{"footnotes":""},"class_list":["post-5821","page","type-page","status-publish","hentry"],"acf":[],"_links":{"self":[{"href":"https:\/\/tibble.nu\/campus-taby\/wp-json\/wp\/v2\/pages\/5821","targetHints":{"allow":["GET"]}}],"collection":[{"href":"https:\/\/tibble.nu\/campus-taby\/wp-json\/wp\/v2\/pages"}],"about":[{"href":"https:\/\/tibble.nu\/campus-taby\/wp-json\/wp\/v2\/types\/page"}],"author":[{"embeddable":true,"href":"https:\/\/tibble.nu\/campus-taby\/wp-json\/wp\/v2\/users\/14"}],"replies":[{"embeddable":true,"href":"https:\/\/tibble.nu\/campus-taby\/wp-json\/wp\/v2\/comments?post=5821"}],"version-history":[{"count":5,"href":"https:\/\/tibble.nu\/campus-taby\/wp-json\/wp\/v2\/pages\/5821\/revisions"}],"predecessor-version":[{"id":11646,"href":"https:\/\/tibble.nu\/campus-taby\/wp-json\/wp\/v2\/pages\/5821\/revisions\/11646"}],"up":[{"embeddable":true,"href":"https:\/\/tibble.nu\/campus-taby\/wp-json\/wp\/v2\/pages\/5138"}],"wp:attachment":[{"href":"https:\/\/tibble.nu\/campus-taby\/wp-json\/wp\/v2\/media?parent=5821"}],"curies":[{"name":"wp","href":"https:\/\/api.w.org\/{rel}","templated":true}]}}