{"id":5815,"date":"2021-08-25T14:03:05","date_gmt":"2021-08-25T12:03:05","guid":{"rendered":"https:\/\/tibble.nu\/campus-taby\/?page_id=5815"},"modified":"2022-01-31T10:00:52","modified_gmt":"2022-01-31T09:00:52","slug":"kuratorer","status":"publish","type":"page","link":"https:\/\/tibble.nu\/campus-taby\/att-vara-elev-pa-tibble\/elevhalsa\/kuratorer\/","title":{"rendered":"Kuratorer"},"content":{"rendered":"<p>I kuratorernas arbete ing\u00e5r:<\/p>\n<ul>\n<li><span style=\"font-size: 1rem\">Individuella samtal<\/span><\/li>\n<li><span style=\"font-size: 1rem\">Delaktighet i det \u00e5rliga arbetet kring planen mot kr\u00e4nkande behandling <\/span><\/li>\n<li><span style=\"font-size: 1rem\">L\u00e4rarkonsultation <\/span><\/li>\n<li><span style=\"font-size: 1rem\">Arbete ute i klass.\u00a0<\/span><\/li>\n<\/ul>\n<p>Kuratorerna kommer under l\u00e4s\u00e5ret fokusera p\u00e5 de h\u00f6gaktuella \u00e4mnena porr och sex.\u00a0 Tillsammans med \u00e5rskurs 1 kommer kuratorerna lyfta, diskutera och problematisera dessa \u00e4mnen. Tanken \u00e4r att samtycke ska vara ett ledord.<\/p>\n<p>Under h\u00f6stterminen kommer tre klasser \u00e5t g\u00e5ngen ses i storf\u00f6rel\u00e4sningsform. Den information som inh\u00e4mtas under f\u00f6rel\u00e4sningarna kommer sedan anv\u00e4ndas under v\u00e5rterminen n\u00e4r kuratorerna g\u00e5r ut till varje enskild klass f\u00f6r f\u00f6rdjupning.<\/p>\n","protected":false},"excerpt":{"rendered":"<p>I kuratorernas arbete ing\u00e5r: Individuella samtal Delaktighet i det \u00e5rliga arbetet kring planen mot kr\u00e4nkande behandling L\u00e4rarkonsultation Arbete ute i klass.\u00a0 Kuratorerna kommer under l\u00e4s\u00e5ret fokusera p\u00e5 de h\u00f6gaktuella \u00e4mnena porr och sex.\u00a0 Tillsammans med \u00e5rskurs 1 kommer kuratorerna lyfta,&#8230;<\/p>\n","protected":false},"author":14,"featured_media":0,"parent":5138,"menu_order":0,"comment_status":"closed","ping_status":"closed","template":"","meta":{"footnotes":""},"class_list":["post-5815","page","type-page","status-publish","hentry"],"acf":[],"_links":{"self":[{"href":"https:\/\/tibble.nu\/campus-taby\/wp-json\/wp\/v2\/pages\/5815","targetHints":{"allow":["GET"]}}],"collection":[{"href":"https:\/\/tibble.nu\/campus-taby\/wp-json\/wp\/v2\/pages"}],"about":[{"href":"https:\/\/tibble.nu\/campus-taby\/wp-json\/wp\/v2\/types\/page"}],"author":[{"embeddable":true,"href":"https:\/\/tibble.nu\/campus-taby\/wp-json\/wp\/v2\/users\/14"}],"replies":[{"embeddable":true,"href":"https:\/\/tibble.nu\/campus-taby\/wp-json\/wp\/v2\/comments?post=5815"}],"version-history":[{"count":5,"href":"https:\/\/tibble.nu\/campus-taby\/wp-json\/wp\/v2\/pages\/5815\/revisions"}],"predecessor-version":[{"id":7049,"href":"https:\/\/tibble.nu\/campus-taby\/wp-json\/wp\/v2\/pages\/5815\/revisions\/7049"}],"up":[{"embeddable":true,"href":"https:\/\/tibble.nu\/campus-taby\/wp-json\/wp\/v2\/pages\/5138"}],"wp:attachment":[{"href":"https:\/\/tibble.nu\/campus-taby\/wp-json\/wp\/v2\/media?parent=5815"}],"curies":[{"name":"wp","href":"https:\/\/api.w.org\/{rel}","templated":true}]}}