{"id":5741,"date":"2021-08-24T17:49:16","date_gmt":"2021-08-24T15:49:16","guid":{"rendered":"https:\/\/tibble.nu\/campus-taby\/?page_id=5741"},"modified":"2022-12-13T14:00:41","modified_gmt":"2022-12-13T13:00:41","slug":"vara-larare","status":"publish","type":"page","link":"https:\/\/tibble.nu\/campus-taby\/att-vara-elev-pa-tibble\/vara-larare\/","title":{"rendered":"V\u00e5ra l\u00e4rare"},"content":{"rendered":"<p>L\u00e4r k\u00e4nna n\u00e5gra av v\u00e5ra fantastiska l\u00e4rare p\u00e5 Tibble som ber\u00e4ttar om vad som \u00e4r utm\u00e4rkande i deras undervisning och hur de motiverar eleverna till att lyckas i skolan.<\/p>\n","protected":false},"excerpt":{"rendered":"<p>L\u00e4r k\u00e4nna n\u00e5gra av v\u00e5ra fantastiska l\u00e4rare p\u00e5 Tibble som ber\u00e4ttar om vad som \u00e4r utm\u00e4rkande i deras undervisning och hur de motiverar eleverna till att lyckas i skolan.<\/p>\n","protected":false},"author":14,"featured_media":0,"parent":4199,"menu_order":0,"comment_status":"closed","ping_status":"closed","template":"","meta":{"footnotes":""},"class_list":["post-5741","page","type-page","status-publish","hentry"],"acf":[],"_links":{"self":[{"href":"https:\/\/tibble.nu\/campus-taby\/wp-json\/wp\/v2\/pages\/5741","targetHints":{"allow":["GET"]}}],"collection":[{"href":"https:\/\/tibble.nu\/campus-taby\/wp-json\/wp\/v2\/pages"}],"about":[{"href":"https:\/\/tibble.nu\/campus-taby\/wp-json\/wp\/v2\/types\/page"}],"author":[{"embeddable":true,"href":"https:\/\/tibble.nu\/campus-taby\/wp-json\/wp\/v2\/users\/14"}],"replies":[{"embeddable":true,"href":"https:\/\/tibble.nu\/campus-taby\/wp-json\/wp\/v2\/comments?post=5741"}],"version-history":[{"count":3,"href":"https:\/\/tibble.nu\/campus-taby\/wp-json\/wp\/v2\/pages\/5741\/revisions"}],"predecessor-version":[{"id":5747,"href":"https:\/\/tibble.nu\/campus-taby\/wp-json\/wp\/v2\/pages\/5741\/revisions\/5747"}],"up":[{"embeddable":true,"href":"https:\/\/tibble.nu\/campus-taby\/wp-json\/wp\/v2\/pages\/4199"}],"wp:attachment":[{"href":"https:\/\/tibble.nu\/campus-taby\/wp-json\/wp\/v2\/media?parent=5741"}],"curies":[{"name":"wp","href":"https:\/\/api.w.org\/{rel}","templated":true}]}}