{"id":5717,"date":"2021-08-24T17:36:13","date_gmt":"2021-08-24T15:36:13","guid":{"rendered":"https:\/\/tibble.nu\/campus-taby\/?page_id=5717"},"modified":"2024-12-04T14:41:12","modified_gmt":"2024-12-04T13:41:12","slug":"elevintervjuer","status":"publish","type":"page","link":"https:\/\/tibble.nu\/campus-taby\/att-vara-elev-pa-tibble\/elevintervjuer\/","title":{"rendered":"Elevintervjuer"},"content":{"rendered":"<p>H\u00e4r har vi samlat intervjuer med b\u00e5de nuvarande och tidigare elever p\u00e5 Tibble. L\u00e4s om vad de tar med sig fr\u00e5n sin tid p\u00e5 Tibble och vad de g\u00f6r idag.<\/p>\n","protected":false},"excerpt":{"rendered":"<p>H\u00e4r har vi samlat intervjuer med b\u00e5de nuvarande och tidigare elever p\u00e5 Tibble. L\u00e4s om vad de tar med sig fr\u00e5n sin tid p\u00e5 Tibble och vad de g\u00f6r idag.<\/p>\n","protected":false},"author":14,"featured_media":0,"parent":4199,"menu_order":0,"comment_status":"closed","ping_status":"closed","template":"","meta":{"footnotes":""},"class_list":["post-5717","page","type-page","status-publish","hentry"],"acf":[],"_links":{"self":[{"href":"https:\/\/tibble.nu\/campus-taby\/wp-json\/wp\/v2\/pages\/5717","targetHints":{"allow":["GET"]}}],"collection":[{"href":"https:\/\/tibble.nu\/campus-taby\/wp-json\/wp\/v2\/pages"}],"about":[{"href":"https:\/\/tibble.nu\/campus-taby\/wp-json\/wp\/v2\/types\/page"}],"author":[{"embeddable":true,"href":"https:\/\/tibble.nu\/campus-taby\/wp-json\/wp\/v2\/users\/14"}],"replies":[{"embeddable":true,"href":"https:\/\/tibble.nu\/campus-taby\/wp-json\/wp\/v2\/comments?post=5717"}],"version-history":[{"count":1,"href":"https:\/\/tibble.nu\/campus-taby\/wp-json\/wp\/v2\/pages\/5717\/revisions"}],"predecessor-version":[{"id":5722,"href":"https:\/\/tibble.nu\/campus-taby\/wp-json\/wp\/v2\/pages\/5717\/revisions\/5722"}],"up":[{"embeddable":true,"href":"https:\/\/tibble.nu\/campus-taby\/wp-json\/wp\/v2\/pages\/4199"}],"wp:attachment":[{"href":"https:\/\/tibble.nu\/campus-taby\/wp-json\/wp\/v2\/media?parent=5717"}],"curies":[{"name":"wp","href":"https:\/\/api.w.org\/{rel}","templated":true}]}}