{"id":5471,"date":"2021-08-16T11:45:08","date_gmt":"2021-08-16T09:45:08","guid":{"rendered":"http:\/\/tibble.nu\/campus-taby\/?page_id=5471"},"modified":"2021-08-16T11:51:42","modified_gmt":"2021-08-16T09:51:42","slug":"lasaret-2021-2022","status":"publish","type":"page","link":"https:\/\/tibble.nu\/campus-taby\/om-tibble\/lasaret-2021-2022\/","title":{"rendered":"L\u00e4s\u00e5ret 2021\/2022"},"content":{"rendered":"<p>Vi ser fram emot att l\u00e4ra k\u00e4nna dig och tillsammans med dig och skolans personal ge dig en fantastisk gymnasietid p\u00e5 Tibble Campus T\u00e4by.<\/p>\n<p>Om du har fr\u00e5gor om v\u00e5r skola, din utbildning eller beh\u00f6ver komma i kontakt med elevh\u00e4lsa eller \u00e4r i behov av st\u00f6d i studierna \u00e4r du v\u00e4lkommen att kontakta v\u00e5r fantastiska personal som \u00e4r h\u00e4r f\u00f6r att hj\u00e4lpa och st\u00f6tta dig.<\/p>\n<p>Du hittar kontaktuppgifter till delar av v\u00e5r personal under fliken &#8221;Kontakt&#8221; uppe i h\u00f6gra h\u00f6rnet.\u00a0Det g\u00e5r ocks\u00e5 bra att kontakta v\u00e5ra l\u00e4rare genom att anv\u00e4nda mallen &#8221;f\u00f6rnamn.efternamn@tibble.nu&#8221; och skicka ett mail.<\/p>\n<p>Det g\u00e5r ocks\u00e5 bra att v\u00e4nda sig till din mentor om du \u00e4r os\u00e4ker p\u00e5 vem du ska kontakta.<\/p>\n","protected":false},"excerpt":{"rendered":"<p>Vi ser fram emot att l\u00e4ra k\u00e4nna dig och tillsammans med dig och skolans personal ge dig en fantastisk gymnasietid p\u00e5 Tibble Campus T\u00e4by. Om du har fr\u00e5gor om v\u00e5r skola, din utbildning eller beh\u00f6ver komma i kontakt med elevh\u00e4lsa&#8230;<\/p>\n","protected":false},"author":14,"featured_media":0,"parent":4197,"menu_order":0,"comment_status":"closed","ping_status":"closed","template":"","meta":{"footnotes":""},"class_list":["post-5471","page","type-page","status-publish","hentry"],"acf":[],"_links":{"self":[{"href":"https:\/\/tibble.nu\/campus-taby\/wp-json\/wp\/v2\/pages\/5471","targetHints":{"allow":["GET"]}}],"collection":[{"href":"https:\/\/tibble.nu\/campus-taby\/wp-json\/wp\/v2\/pages"}],"about":[{"href":"https:\/\/tibble.nu\/campus-taby\/wp-json\/wp\/v2\/types\/page"}],"author":[{"embeddable":true,"href":"https:\/\/tibble.nu\/campus-taby\/wp-json\/wp\/v2\/users\/14"}],"replies":[{"embeddable":true,"href":"https:\/\/tibble.nu\/campus-taby\/wp-json\/wp\/v2\/comments?post=5471"}],"version-history":[{"count":5,"href":"https:\/\/tibble.nu\/campus-taby\/wp-json\/wp\/v2\/pages\/5471\/revisions"}],"predecessor-version":[{"id":5478,"href":"https:\/\/tibble.nu\/campus-taby\/wp-json\/wp\/v2\/pages\/5471\/revisions\/5478"}],"up":[{"embeddable":true,"href":"https:\/\/tibble.nu\/campus-taby\/wp-json\/wp\/v2\/pages\/4197"}],"wp:attachment":[{"href":"https:\/\/tibble.nu\/campus-taby\/wp-json\/wp\/v2\/media?parent=5471"}],"curies":[{"name":"wp","href":"https:\/\/api.w.org\/{rel}","templated":true}]}}