{"id":5466,"date":"2021-08-16T11:37:28","date_gmt":"2021-08-16T09:37:28","guid":{"rendered":"http:\/\/tibble.nu\/campus-taby\/?page_id=5466"},"modified":"2025-05-21T13:22:25","modified_gmt":"2025-05-21T11:22:25","slug":"halsning-fran-rektorn","status":"publish","type":"page","link":"https:\/\/tibble.nu\/campus-taby\/halsning-fran-rektorn\/","title":{"rendered":"H\u00e4lsning fr\u00e5n rektorn"},"content":{"rendered":"<p>Nu b\u00f6rjar en viktig tid i ditt liv och vi \u00e4r glada att du valt att tillbringa de n\u00e4rmaste tre \u00e5ren med oss. Tillsammans kommer vi att l\u00e4ra k\u00e4nna varandra och utforska m\u00e5nga olika \u00e4mnen som du kanske m\u00f6ter f\u00f6r f\u00f6rsta g\u00e5ngen. Du kommer att f\u00e5 b\u00e5de utmaningar och nya perspektiv som blir bidragande i din personliga utveckling. Nya intressen uppt\u00e4cks och goda rutiner etableras samtidigt som du navigerar dig igenom gymnasietiden.<\/p>\n<p>Det h\u00e4nder mycket p\u00e5 Tibble. M\u00e4nniskor som inte k\u00e4nde varandra sedan tidigare m\u00f6ts och samlas runt gemensamma kompisar eller nyfunna bekantskaper. Kanske formas nya v\u00e4nskaper i n\u00e5gon av Tibbles m\u00e5nga f\u00f6reningar, eller som publik till n\u00e5got musikframtr\u00e4dande eller idrottsevenemang. Kanske \u00e4r det i L\u00e4rpunkten banden knyts n\u00e4r behovet av plugghj\u00e4lp i matte f\u00f6renar hela skolan. Men det kan ocks\u00e5 vara p\u00e5 rasten som rundpingisen blir starten till bra n\u00e4tverkande.<\/p>\n<p>L\u00e4rarna, elevh\u00e4lsan, syv och all \u00f6vrig personal kommer att finnas f\u00f6r dig under dina tre \u00e5r. De ger dig utrymme f\u00f6r b\u00e5de din personliga utveckling och f\u00f6r en riktigt god akademisk grund som skall h\u00e5lla f\u00f6r dina framtida v\u00e4gval. De kommer att engagera dig i dina studier och hj\u00e4lpa dig att hitta motivationen att orka litet till, att vilja litet mer och att uppt\u00e4cka nya talanger hos dig sj\u00e4lv. Det h\u00e4r \u00e4r din skola och nu \u00e4r det dags f\u00f6r dig att ta din plats i v\u00e5r elevgrupp.<\/p>\n<p>Det skall bli s\u00e5 kul att ses!<\/p>\n<p>Liisa Gellerstedt, rektor.<\/p>\n","protected":false},"excerpt":{"rendered":"<p>Nu b\u00f6rjar en viktig tid i ditt liv och vi \u00e4r glada att du valt att tillbringa de n\u00e4rmaste tre \u00e5ren med oss. Tillsammans kommer vi att l\u00e4ra k\u00e4nna varandra och utforska m\u00e5nga olika \u00e4mnen som du kanske m\u00f6ter f\u00f6r&#8230;<\/p>\n","protected":false},"author":14,"featured_media":0,"parent":0,"menu_order":20,"comment_status":"closed","ping_status":"closed","template":"","meta":{"footnotes":""},"class_list":["post-5466","page","type-page","status-publish","hentry"],"acf":[],"_links":{"self":[{"href":"https:\/\/tibble.nu\/campus-taby\/wp-json\/wp\/v2\/pages\/5466","targetHints":{"allow":["GET"]}}],"collection":[{"href":"https:\/\/tibble.nu\/campus-taby\/wp-json\/wp\/v2\/pages"}],"about":[{"href":"https:\/\/tibble.nu\/campus-taby\/wp-json\/wp\/v2\/types\/page"}],"author":[{"embeddable":true,"href":"https:\/\/tibble.nu\/campus-taby\/wp-json\/wp\/v2\/users\/14"}],"replies":[{"embeddable":true,"href":"https:\/\/tibble.nu\/campus-taby\/wp-json\/wp\/v2\/comments?post=5466"}],"version-history":[{"count":5,"href":"https:\/\/tibble.nu\/campus-taby\/wp-json\/wp\/v2\/pages\/5466\/revisions"}],"predecessor-version":[{"id":5762,"href":"https:\/\/tibble.nu\/campus-taby\/wp-json\/wp\/v2\/pages\/5466\/revisions\/5762"}],"wp:attachment":[{"href":"https:\/\/tibble.nu\/campus-taby\/wp-json\/wp\/v2\/media?parent=5466"}],"curies":[{"name":"wp","href":"https:\/\/api.w.org\/{rel}","templated":true}]}}