{"id":5246,"date":"2021-08-11T11:46:27","date_gmt":"2021-08-11T09:46:27","guid":{"rendered":"http:\/\/tibble.nu\/campus-taby\/?page_id=5246"},"modified":"2025-11-19T11:42:04","modified_gmt":"2025-11-19T10:42:04","slug":"poangplaner","status":"publish","type":"page","link":"https:\/\/tibble.nu\/campus-taby\/gymnasievalet\/poangplaner\/","title":{"rendered":"Po\u00e4ngplaner"},"content":{"rendered":"<p>Nedan hittar du po\u00e4ngplaner f\u00f6r respektive program p\u00e5 Tibble Campus T\u00e4by. De olika inriktningarna \u00e4r inkluderade i programmets po\u00e4ngplan.<\/p>\n","protected":false},"excerpt":{"rendered":"<p>Nedan hittar du po\u00e4ngplaner f\u00f6r respektive program p\u00e5 Tibble Campus T\u00e4by. De olika inriktningarna \u00e4r inkluderade i programmets po\u00e4ngplan.<\/p>\n","protected":false},"author":14,"featured_media":0,"parent":4201,"menu_order":0,"comment_status":"closed","ping_status":"closed","template":"","meta":{"footnotes":""},"class_list":["post-5246","page","type-page","status-publish","hentry"],"acf":[],"_links":{"self":[{"href":"https:\/\/tibble.nu\/campus-taby\/wp-json\/wp\/v2\/pages\/5246","targetHints":{"allow":["GET"]}}],"collection":[{"href":"https:\/\/tibble.nu\/campus-taby\/wp-json\/wp\/v2\/pages"}],"about":[{"href":"https:\/\/tibble.nu\/campus-taby\/wp-json\/wp\/v2\/types\/page"}],"author":[{"embeddable":true,"href":"https:\/\/tibble.nu\/campus-taby\/wp-json\/wp\/v2\/users\/14"}],"replies":[{"embeddable":true,"href":"https:\/\/tibble.nu\/campus-taby\/wp-json\/wp\/v2\/comments?post=5246"}],"version-history":[{"count":6,"href":"https:\/\/tibble.nu\/campus-taby\/wp-json\/wp\/v2\/pages\/5246\/revisions"}],"predecessor-version":[{"id":11801,"href":"https:\/\/tibble.nu\/campus-taby\/wp-json\/wp\/v2\/pages\/5246\/revisions\/11801"}],"up":[{"embeddable":true,"href":"https:\/\/tibble.nu\/campus-taby\/wp-json\/wp\/v2\/pages\/4201"}],"wp:attachment":[{"href":"https:\/\/tibble.nu\/campus-taby\/wp-json\/wp\/v2\/media?parent=5246"}],"curies":[{"name":"wp","href":"https:\/\/api.w.org\/{rel}","templated":true}]}}