{"id":5227,"date":"2021-08-11T09:38:01","date_gmt":"2021-08-11T07:38:01","guid":{"rendered":"http:\/\/tibble.nu\/campus-taby\/?page_id=5227"},"modified":"2025-09-04T16:22:00","modified_gmt":"2025-09-04T14:22:00","slug":"larpunkten","status":"publish","type":"page","link":"https:\/\/tibble.nu\/campus-taby\/att-vara-elev-pa-tibble\/larpunkten\/","title":{"rendered":"L\u00e4rpunkten"},"content":{"rendered":"<p>P\u00e5 L\u00e4rpunkten kan du som \u00e4r elev f\u00e5 hj\u00e4lp med dina skoluppgifter, l\u00e4xor och planeringsst\u00f6d av en pedagog. Du kan \u00e4ven v\u00e4lja att jobba sj\u00e4lvst\u00e4ndigt. L\u00e4rpunkten har fasta \u00f6ppettider under vilka det finns en eller flera pedagoger p\u00e5 plats. L\u00e4rpunktens schema finns uppsatt vid receptionen, p\u00e5 SchoolSoft och h\u00e4r p\u00e5 hemsidan.<\/p>\n<p>St\u00f6det erbjuds alla elever och verksamheten \u00e4r \u00f6ppen f\u00f6r drop-in. L\u00e4rare och mentorer kan rekommendera elever i behov av st\u00f6d att g\u00e5 till L\u00e4rpunkten. St\u00f6det f\u00f6r matematik g\u00e4ller enbart f\u00f6r det \u00e4mnet och n\u00e5gra tider kan vara kursniv\u00e5inriktade.<\/p>\n","protected":false},"excerpt":{"rendered":"<p>P\u00e5 L\u00e4rpunkten kan du som \u00e4r elev f\u00e5 hj\u00e4lp med dina skoluppgifter, l\u00e4xor och planeringsst\u00f6d av en pedagog. Du kan \u00e4ven v\u00e4lja att jobba sj\u00e4lvst\u00e4ndigt. L\u00e4rpunkten har fasta \u00f6ppettider under vilka det finns en eller flera pedagoger p\u00e5 plats. L\u00e4rpunktens&#8230;<\/p>\n","protected":false},"author":14,"featured_media":0,"parent":4199,"menu_order":0,"comment_status":"closed","ping_status":"closed","template":"","meta":{"footnotes":""},"class_list":["post-5227","page","type-page","status-publish","hentry"],"acf":[],"_links":{"self":[{"href":"https:\/\/tibble.nu\/campus-taby\/wp-json\/wp\/v2\/pages\/5227","targetHints":{"allow":["GET"]}}],"collection":[{"href":"https:\/\/tibble.nu\/campus-taby\/wp-json\/wp\/v2\/pages"}],"about":[{"href":"https:\/\/tibble.nu\/campus-taby\/wp-json\/wp\/v2\/types\/page"}],"author":[{"embeddable":true,"href":"https:\/\/tibble.nu\/campus-taby\/wp-json\/wp\/v2\/users\/14"}],"replies":[{"embeddable":true,"href":"https:\/\/tibble.nu\/campus-taby\/wp-json\/wp\/v2\/comments?post=5227"}],"version-history":[{"count":7,"href":"https:\/\/tibble.nu\/campus-taby\/wp-json\/wp\/v2\/pages\/5227\/revisions"}],"predecessor-version":[{"id":11723,"href":"https:\/\/tibble.nu\/campus-taby\/wp-json\/wp\/v2\/pages\/5227\/revisions\/11723"}],"up":[{"embeddable":true,"href":"https:\/\/tibble.nu\/campus-taby\/wp-json\/wp\/v2\/pages\/4199"}],"wp:attachment":[{"href":"https:\/\/tibble.nu\/campus-taby\/wp-json\/wp\/v2\/media?parent=5227"}],"curies":[{"name":"wp","href":"https:\/\/api.w.org\/{rel}","templated":true}]}}