{"id":5148,"date":"2021-08-09T13:36:59","date_gmt":"2021-08-09T11:36:59","guid":{"rendered":"http:\/\/tibble.nu\/campus-taby\/?page_id=5148"},"modified":"2025-11-13T14:45:15","modified_gmt":"2025-11-13T13:45:15","slug":"antagningsgrans-median","status":"publish","type":"page","link":"https:\/\/tibble.nu\/campus-taby\/gymnasievalet\/antagningsgrans-median\/","title":{"rendered":"Antagningsgr\u00e4ns &amp; median"},"content":{"rendered":"<p>H\u00e4r hittar du antagningsgr\u00e4nserna och median till alla program och inriktningar p\u00e5 Tibble inf\u00f6r gymnasiestart h\u00f6stterminen 2025.<\/p>\n<p><a href=\"https:\/\/ednia.se\/rakna-ut-meritvarde?skola=tibbletaby\" target=\"_blank\" rel=\"noopener\">Klicka h\u00e4r f\u00f6r att r\u00e4kna ut ditt meritv\u00e4rde.<\/a><\/p>\n","protected":false},"excerpt":{"rendered":"<p>H\u00e4r hittar du antagningsgr\u00e4nserna och median till alla program och inriktningar p\u00e5 Tibble inf\u00f6r gymnasiestart h\u00f6stterminen 2025. Klicka h\u00e4r f\u00f6r att r\u00e4kna ut ditt meritv\u00e4rde.<\/p>\n","protected":false},"author":14,"featured_media":0,"parent":4201,"menu_order":0,"comment_status":"closed","ping_status":"closed","template":"","meta":{"footnotes":""},"class_list":["post-5148","page","type-page","status-publish","hentry"],"acf":[],"_links":{"self":[{"href":"https:\/\/tibble.nu\/campus-taby\/wp-json\/wp\/v2\/pages\/5148","targetHints":{"allow":["GET"]}}],"collection":[{"href":"https:\/\/tibble.nu\/campus-taby\/wp-json\/wp\/v2\/pages"}],"about":[{"href":"https:\/\/tibble.nu\/campus-taby\/wp-json\/wp\/v2\/types\/page"}],"author":[{"embeddable":true,"href":"https:\/\/tibble.nu\/campus-taby\/wp-json\/wp\/v2\/users\/14"}],"replies":[{"embeddable":true,"href":"https:\/\/tibble.nu\/campus-taby\/wp-json\/wp\/v2\/comments?post=5148"}],"version-history":[{"count":6,"href":"https:\/\/tibble.nu\/campus-taby\/wp-json\/wp\/v2\/pages\/5148\/revisions"}],"predecessor-version":[{"id":11800,"href":"https:\/\/tibble.nu\/campus-taby\/wp-json\/wp\/v2\/pages\/5148\/revisions\/11800"}],"up":[{"embeddable":true,"href":"https:\/\/tibble.nu\/campus-taby\/wp-json\/wp\/v2\/pages\/4201"}],"wp:attachment":[{"href":"https:\/\/tibble.nu\/campus-taby\/wp-json\/wp\/v2\/media?parent=5148"}],"curies":[{"name":"wp","href":"https:\/\/api.w.org\/{rel}","templated":true}]}}