{"id":4986,"date":"2021-07-08T13:09:48","date_gmt":"2021-07-08T11:09:48","guid":{"rendered":"http:\/\/tibble.nu\/campus-taby\/?page_id=4986"},"modified":"2024-12-09T14:42:42","modified_gmt":"2024-12-09T13:42:42","slug":"uf","status":"publish","type":"page","link":"https:\/\/tibble.nu\/campus-taby\/att-vara-elev-pa-tibble\/uf\/","title":{"rendered":"UF"},"content":{"rendered":"<p>Ung F\u00f6retagsamhet (UF) ger dig m\u00f6jligheten att tr\u00e4na och utveckla din kreativitet, f\u00f6retagsamhet och ditt entrepren\u00f6rskap.<\/p>\n<p>Om du l\u00e4ser ekonomiprogrammet p\u00e5 Tibble s\u00e5 har dina ekonomil\u00e4rare som m\u00e5ls\u00e4ttning att du i \u00e5k 3 ska vara redo att driva ett eget f\u00f6retag. Under \u00e5k 1 och 2 l\u00e4r du dig allt om f\u00f6retagsekonomi inom omr\u00e5dena marknadsf\u00f6ring, redovisning, finansiering och kalkylering, ledarskap och organisation.<\/p>\n<p>N\u00e4r du kommer upp i \u00e5k 3 har du mycket kunskap och \u00e4r v\u00e4l f\u00f6rberedd f\u00f6r att starta ditt egna f\u00f6rsta f\u00f6retag. Du v\u00e4ljer sj\u00e4lv en aff\u00e4rsid\u00e9 som du och dina kompisar vill arbeta med. Under ett \u00e5r driver ni detta f\u00f6retag f\u00f6r att i slutet avveckla f\u00f6retaget. Kanske driver du vidare f\u00f6retaget i egen regi efter studenten?<\/p>\n<p>Till din hj\u00e4lp har du utbildningsmaterial, dina l\u00e4rare, minst en r\u00e5dgivare fr\u00e5n n\u00e4ringslivet och medarbetare fr\u00e5n Ung F\u00f6retagsamhet. P\u00e5 Tibble samarbetar vi \u00e4ven med Rotary T\u00e4by, Nyf\u00f6retagarcentrum T\u00e4by Danderyd Vallentuna, Swedbank och SEB. De ger dig r\u00e5d, tips och m\u00f6jlighet till en bra bankkontakt. Allt f\u00f6r att ditt UF-f\u00f6retag ska bli s\u00e5 framg\u00e5ngsrikt som m\u00f6jligt. Vi p\u00e5 Tibble arbetar med bokf\u00f6ringsprogrammet Visma vilket ger dig goda m\u00f6jligheter att sk\u00f6ta din bokf\u00f6ring och starta en webbutik under UF-\u00e5ret.<\/p>\n<p>F\u00f6rutom m\u00f6jligheten att t\u00e4vla mot andra UF-f\u00f6retag i Sverige s\u00e5 t\u00e4vlar alla f\u00f6retag p\u00e5 Tibble om Rotary T\u00e4bys stipendium som de delar ut till \u201d\u00c5rets UF-f\u00f6retag\u201d. UF-f\u00f6retagen \u00e4r ocks\u00e5 med och t\u00e4vlar i T\u00e4by kommuns egna t\u00e4vling som korar \u00e5rets b\u00e4st UF-f\u00f6retag i olika kategorier.<\/p>\n","protected":false},"excerpt":{"rendered":"<p>Ung F\u00f6retagsamhet (UF) ger dig m\u00f6jligheten att tr\u00e4na och utveckla din kreativitet, f\u00f6retagsamhet och ditt entrepren\u00f6rskap. Om du l\u00e4ser ekonomiprogrammet p\u00e5 Tibble s\u00e5 har dina ekonomil\u00e4rare som m\u00e5ls\u00e4ttning att du i \u00e5k 3 ska vara redo att driva ett eget&#8230;<\/p>\n","protected":false},"author":14,"featured_media":0,"parent":4199,"menu_order":0,"comment_status":"closed","ping_status":"closed","template":"","meta":{"footnotes":""},"class_list":["post-4986","page","type-page","status-publish","hentry"],"acf":[],"_links":{"self":[{"href":"https:\/\/tibble.nu\/campus-taby\/wp-json\/wp\/v2\/pages\/4986","targetHints":{"allow":["GET"]}}],"collection":[{"href":"https:\/\/tibble.nu\/campus-taby\/wp-json\/wp\/v2\/pages"}],"about":[{"href":"https:\/\/tibble.nu\/campus-taby\/wp-json\/wp\/v2\/types\/page"}],"author":[{"embeddable":true,"href":"https:\/\/tibble.nu\/campus-taby\/wp-json\/wp\/v2\/users\/14"}],"replies":[{"embeddable":true,"href":"https:\/\/tibble.nu\/campus-taby\/wp-json\/wp\/v2\/comments?post=4986"}],"version-history":[{"count":5,"href":"https:\/\/tibble.nu\/campus-taby\/wp-json\/wp\/v2\/pages\/4986\/revisions"}],"predecessor-version":[{"id":11393,"href":"https:\/\/tibble.nu\/campus-taby\/wp-json\/wp\/v2\/pages\/4986\/revisions\/11393"}],"up":[{"embeddable":true,"href":"https:\/\/tibble.nu\/campus-taby\/wp-json\/wp\/v2\/pages\/4199"}],"wp:attachment":[{"href":"https:\/\/tibble.nu\/campus-taby\/wp-json\/wp\/v2\/media?parent=4986"}],"curies":[{"name":"wp","href":"https:\/\/api.w.org\/{rel}","templated":true}]}}