{"id":4927,"date":"2021-07-08T09:44:57","date_gmt":"2021-07-08T07:44:57","guid":{"rendered":"http:\/\/tibble.nu\/campus-taby\/?page_id=4927"},"modified":"2026-01-22T08:32:43","modified_gmt":"2026-01-22T07:32:43","slug":"kvalitetsarbete","status":"publish","type":"page","link":"https:\/\/tibble.nu\/campus-taby\/om-tibble\/kvalitetsarbete\/","title":{"rendered":"Kvalitetsarbete"},"content":{"rendered":"<p>H\u00e4r kan du ta del av en rad resultat och intressanta exempel p\u00e5 den kvalitet som Tibble gymnasium erbjuder sina elever, blivande elever, f\u00f6r\u00e4ldrar, medarbetare, blivande medarbetare med flera.<\/p>\n<p>En stor gymnasieskola som Tibble ber\u00f6r m\u00e5nga m\u00e4nniskor b\u00e5de i nutid och inte minst fram\u00e5t och vi \u00e4r mycket stolta \u00f6ver den utveckling som skolan har gjort. Vi hoppas p\u00e5 ett engagemang fr\u00e5n m\u00e5nga f\u00f6r att det st\u00e4ndiga f\u00f6rb\u00e4ttringsarbetet p\u00e5 skolan ska forts\u00e4tta f\u00f6lja den positiva utvecklingstrend som pr\u00e4glar Tibble Gymnasium.<\/p>\n<p>&nbsp;<\/p>\n","protected":false},"excerpt":{"rendered":"<p>H\u00e4r kan du ta del av en rad resultat och intressanta exempel p\u00e5 den kvalitet som Tibble gymnasium erbjuder sina elever, blivande elever, f\u00f6r\u00e4ldrar, medarbetare, blivande medarbetare med flera. En stor gymnasieskola som Tibble ber\u00f6r m\u00e5nga m\u00e4nniskor b\u00e5de i nutid&#8230;<\/p>\n","protected":false},"author":14,"featured_media":0,"parent":4197,"menu_order":0,"comment_status":"closed","ping_status":"closed","template":"","meta":{"footnotes":""},"class_list":["post-4927","page","type-page","status-publish","hentry"],"acf":[],"_links":{"self":[{"href":"https:\/\/tibble.nu\/campus-taby\/wp-json\/wp\/v2\/pages\/4927","targetHints":{"allow":["GET"]}}],"collection":[{"href":"https:\/\/tibble.nu\/campus-taby\/wp-json\/wp\/v2\/pages"}],"about":[{"href":"https:\/\/tibble.nu\/campus-taby\/wp-json\/wp\/v2\/types\/page"}],"author":[{"embeddable":true,"href":"https:\/\/tibble.nu\/campus-taby\/wp-json\/wp\/v2\/users\/14"}],"replies":[{"embeddable":true,"href":"https:\/\/tibble.nu\/campus-taby\/wp-json\/wp\/v2\/comments?post=4927"}],"version-history":[{"count":5,"href":"https:\/\/tibble.nu\/campus-taby\/wp-json\/wp\/v2\/pages\/4927\/revisions"}],"predecessor-version":[{"id":11871,"href":"https:\/\/tibble.nu\/campus-taby\/wp-json\/wp\/v2\/pages\/4927\/revisions\/11871"}],"up":[{"embeddable":true,"href":"https:\/\/tibble.nu\/campus-taby\/wp-json\/wp\/v2\/pages\/4197"}],"wp:attachment":[{"href":"https:\/\/tibble.nu\/campus-taby\/wp-json\/wp\/v2\/media?parent=4927"}],"curies":[{"name":"wp","href":"https:\/\/api.w.org\/{rel}","templated":true}]}}