{"id":4914,"date":"2021-07-07T11:43:20","date_gmt":"2021-07-07T09:43:20","guid":{"rendered":"http:\/\/tibble.nu\/campus-taby\/?page_id=4914"},"modified":"2024-03-01T13:43:59","modified_gmt":"2024-03-01T12:43:59","slug":"internationella-satsningar","status":"publish","type":"page","link":"https:\/\/tibble.nu\/campus-taby\/om-tibble\/internationella-satsningar\/","title":{"rendered":"Internationella satsningar"},"content":{"rendered":"<p><span style=\"font-weight: 400\">Tibble Gymnasium \u00e4r en internationell skola. Det vill s\u00e4ga en skola som ger v\u00e5ra elever m\u00f6jlighet att uppleva andra kulturer och traditioner, att \u00f6va spr\u00e5k p\u00e5 plats och att skapa kontakter med ungdomar fr\u00e5n andra l\u00e4nder. Inom vissa programinriktningar ger vi \u00e4ven eleverna m\u00f6jlighet att resa till andra l\u00e4nder.<\/span><\/p>\n<p>Internationaliseringsarbetet p\u00e5 Tibble ska:<\/p>\n<div class=\"text\">\n<ul>\n<li>m\u00f6jligg\u00f6ra f\u00f6r elever och l\u00e4rare att m\u00f6ta och f\u00f6rst\u00e5 m\u00e4nniskor och tankar fr\u00e5n andra kulturer.<\/li>\n<li>se till att arrangera kurser och resor som leder elever och l\u00e4rare n\u00e4rmare andra l\u00e4nder och kulturer.<\/li>\n<li>inom ramen f\u00f6r olika \u00e4mnen och kurser tr\u00e4na det globala t\u00e4nkandet.<\/li>\n<li>utveckla ett l\u00e5ngsiktigt samarbete med olika utl\u00e4ndska partnerskolor.<\/li>\n<\/ul>\n<\/div>\n<h4><strong>Resor\u00a0<\/strong><\/h4>\n<p><span style=\"font-weight: 400\">Genom olika resor f\u00e5r v\u00e5ra elever en enast\u00e5ende upplevelse som ger de ett nytt perspektiv p\u00e5 andra l\u00e4nders kulturer och v\u00e4rderingar. Tidigare har vi bland annat rest till Kina, USA, Storbritannien d\u00e4r eleverna har f\u00e5tt bes\u00f6ka svenska f\u00f6retag utomlands och andra gymnasieskolor f\u00f6r att f\u00e5 en inblick i deras skolkultur. Vi har \u00e4ven h\u00e4lsat p\u00e5 olika religi\u00f6sas organisationer, till exempel Buddhist- och Sikhtempel och Baptistkyrkor.<\/span><\/p>\n<h4><strong>Samarbeten\u00a0<\/strong><\/h4>\n<p><span style=\"font-weight: 400\">Tibbles internationaliseringsarbete har en l\u00e5ng tradition av att uppmuntra elever och l\u00e4rare till internationellt n\u00e4tverkande och samarbete. Skolan har en rad olika projekt med andra europeiska l\u00e4nder, d\u00e4ribland Tyskland, Spanien och Baltikum d\u00e4r eleverna f\u00e5r tr\u00e4ffa ungdomar fr\u00e5n andra l\u00e4nder. Ibland handlar det om att arbeta i projekt tillsammans, bes\u00f6ka andra skolor eller ta emot elever som h\u00e4lsar p\u00e5 i Sverige. V\u00e5ra l\u00e4rare f\u00e5r ocks\u00e5 m\u00f6jligheten att f\u00f6lja europeiska kollegor och d\u00e4rmed samla erfarenhet och kunskaper som bidrar till vidareutvecklingen av v\u00e5r skola.<\/span><\/p>\n<p><span style=\"font-weight: 400\">Tibble Gymnasium \u00e4r en av 17 skolor i Sverige som erbjuder alla elever som l\u00e4ser tyska steg 4 m\u00f6jligheten att genomf\u00f6ra det tyska spr\u00e5kdiplomet, som heter DSD Stufe I. Det \u00e4r Tyska Statens officiella spr\u00e5kdiplom som varje \u00e5r genomf\u00f6rs i fler \u00e4n 65 l\u00e4nder p\u00e5 fler \u00e4n 900 skolor med kring 51000 deltagare per \u00e5r. Provet skrivs en g\u00e5ng per \u00e5r samma dag i hela v\u00e4rlden och skickas till Tyskland f\u00f6r bed\u00f6mning.<\/span><\/p>\n<p><span style=\"font-weight: 400\">Om man klarar av provet f\u00e5r man ett diplom som man med f\u00f6rdel kan ha med n\u00e4r man s\u00f6ker jobb i framtiden. Ett DSD diplom visar att man har kunskaper i tyska som erk\u00e4nns i hela v\u00e4rlden. Diplomet motsvarar CEF-niv\u00e5n B1 (enligt den gemensamma europeiska referensramen f\u00f6r spr\u00e5k \u2013 CEF) och g\u00f6r det m\u00f6jlighet att kunna g\u00f6ra DSD Stufe II som visar att du \u00e4r beh\u00f6rig att b\u00f6rja f\u00f6rberedande studier i Tyskland och ger f\u00f6rdelar vid ans\u00f6kningar p\u00e5 h\u00f6gskolor i Tyskland.<\/span><\/p>\n<h4><strong>Internationella studenter\u00a0<\/strong><\/h4>\n<p>Som internationell skola v\u00e4lkomnar vi elever fr\u00e5n andra l\u00e4nder. Vi kan p\u00e5 ett tillfredsst\u00e4llande s\u00e4tt tillgodose det stora intresse som finns hos dem, vad det g\u00e4ller svensk undervisning, spr\u00e5k, kultur och traditioner. Tibble har flera utbyteselever som kommer hit och studerar, umg\u00e5s och trivs med v\u00e5ra trevliga elever.<\/p>\n","protected":false},"excerpt":{"rendered":"<p>Tibble Gymnasium \u00e4r en internationell skola. Det vill s\u00e4ga en skola som ger v\u00e5ra elever m\u00f6jlighet att uppleva andra kulturer och traditioner, att \u00f6va spr\u00e5k p\u00e5 plats och att skapa kontakter med ungdomar fr\u00e5n andra l\u00e4nder. Inom vissa programinriktningar ger&#8230;<\/p>\n","protected":false},"author":14,"featured_media":0,"parent":4197,"menu_order":0,"comment_status":"closed","ping_status":"closed","template":"","meta":{"footnotes":""},"class_list":["post-4914","page","type-page","status-publish","hentry"],"acf":[],"_links":{"self":[{"href":"https:\/\/tibble.nu\/campus-taby\/wp-json\/wp\/v2\/pages\/4914","targetHints":{"allow":["GET"]}}],"collection":[{"href":"https:\/\/tibble.nu\/campus-taby\/wp-json\/wp\/v2\/pages"}],"about":[{"href":"https:\/\/tibble.nu\/campus-taby\/wp-json\/wp\/v2\/types\/page"}],"author":[{"embeddable":true,"href":"https:\/\/tibble.nu\/campus-taby\/wp-json\/wp\/v2\/users\/14"}],"replies":[{"embeddable":true,"href":"https:\/\/tibble.nu\/campus-taby\/wp-json\/wp\/v2\/comments?post=4914"}],"version-history":[{"count":5,"href":"https:\/\/tibble.nu\/campus-taby\/wp-json\/wp\/v2\/pages\/4914\/revisions"}],"predecessor-version":[{"id":10594,"href":"https:\/\/tibble.nu\/campus-taby\/wp-json\/wp\/v2\/pages\/4914\/revisions\/10594"}],"up":[{"embeddable":true,"href":"https:\/\/tibble.nu\/campus-taby\/wp-json\/wp\/v2\/pages\/4197"}],"wp:attachment":[{"href":"https:\/\/tibble.nu\/campus-taby\/wp-json\/wp\/v2\/media?parent=4914"}],"curies":[{"name":"wp","href":"https:\/\/api.w.org\/{rel}","templated":true}]}}