{"id":4773,"date":"2021-07-02T12:06:45","date_gmt":"2021-07-02T10:06:45","guid":{"rendered":"http:\/\/tibble.nu\/campus-taby\/?page_id=4773"},"modified":"2026-01-13T10:58:31","modified_gmt":"2026-01-13T09:58:31","slug":"individuella-val","status":"publish","type":"page","link":"https:\/\/tibble.nu\/campus-taby\/utbildningar\/individuella-val\/","title":{"rendered":"Individuella val"},"content":{"rendered":"<p><span style=\"font-weight: 400;\">Inf\u00f6r \u00e5rskurs 2 och \u00e5rskurs 3 g\u00f6r alla elever p\u00e5 Tibble ett individuellt val. Genom ditt individuella val har du m\u00f6jlighet att bredda din utbildning eller f\u00f6rdjupa dig inom n\u00e5got du tycker \u00e4r extra intressant. Du v\u00e4ljer totalt 200 po\u00e4ng.\u00a0<\/span><\/p>\n<p><span style=\"font-weight: 400;\">N\u00e4r du g\u00f6r ditt individuella val \u00e4r det bra att fundera \u00f6ver vad som \u00e4r viktigast f\u00f6r dig:<\/span><\/p>\n<ul>\n<li><span style=\"font-weight: 400;\">Beh\u00f6righet<\/span><\/li>\n<li><span style=\"font-weight: 400;\">Intresse<\/span><\/li>\n<li><span style=\"font-weight: 400;\">Meritpo\u00e4ng<\/span><\/li>\n<\/ul>\n<p><span style=\"font-weight: 400;\">P\u00e5 Tibble har du omkring 60 \u00e4mnen att v\u00e4lja p\u00e5 n\u00e4r du g\u00f6r ditt individuella val, de presenteras via l\u00e4nkarna nedan:\u00a0<\/span><\/p>\n<ul>\n<li><strong><a href=\"https:\/\/tibble.nu\/campus-taby\/wp-content\/uploads\/TCT_IN1.pdf\" target=\"_blank\" rel=\"noopener\">Individuella val-\u00e4mnen f\u00f6r dig i \u00e5rskurs 1<\/a><\/strong><\/li>\n<li><strong><a href=\"https:\/\/tibble.nu\/campus-taby\/wp-content\/uploads\/TCT_IN2.pdf\" target=\"_blank\" rel=\"noopener\">Individuella val-kurser f\u00f6r dig i \u00e5rskurs 2<\/a><\/strong><\/li>\n<\/ul>\n<h4><\/h4>\n<p>&nbsp;<\/p>\n<p>&nbsp;<\/p>\n","protected":false},"excerpt":{"rendered":"<p>Inf\u00f6r \u00e5rskurs 2 och \u00e5rskurs 3 g\u00f6r alla elever p\u00e5 Tibble ett individuellt val. Genom ditt individuella val har du m\u00f6jlighet att bredda din utbildning eller f\u00f6rdjupa dig inom n\u00e5got du tycker \u00e4r extra intressant. Du v\u00e4ljer totalt 200 po\u00e4ng.\u00a0&#8230;<\/p>\n","protected":false},"author":14,"featured_media":0,"parent":4195,"menu_order":0,"comment_status":"closed","ping_status":"closed","template":"","meta":{"footnotes":""},"class_list":["post-4773","page","type-page","status-publish","hentry"],"acf":[],"_links":{"self":[{"href":"https:\/\/tibble.nu\/campus-taby\/wp-json\/wp\/v2\/pages\/4773","targetHints":{"allow":["GET"]}}],"collection":[{"href":"https:\/\/tibble.nu\/campus-taby\/wp-json\/wp\/v2\/pages"}],"about":[{"href":"https:\/\/tibble.nu\/campus-taby\/wp-json\/wp\/v2\/types\/page"}],"author":[{"embeddable":true,"href":"https:\/\/tibble.nu\/campus-taby\/wp-json\/wp\/v2\/users\/14"}],"replies":[{"embeddable":true,"href":"https:\/\/tibble.nu\/campus-taby\/wp-json\/wp\/v2\/comments?post=4773"}],"version-history":[{"count":5,"href":"https:\/\/tibble.nu\/campus-taby\/wp-json\/wp\/v2\/pages\/4773\/revisions"}],"predecessor-version":[{"id":11847,"href":"https:\/\/tibble.nu\/campus-taby\/wp-json\/wp\/v2\/pages\/4773\/revisions\/11847"}],"up":[{"embeddable":true,"href":"https:\/\/tibble.nu\/campus-taby\/wp-json\/wp\/v2\/pages\/4195"}],"wp:attachment":[{"href":"https:\/\/tibble.nu\/campus-taby\/wp-json\/wp\/v2\/media?parent=4773"}],"curies":[{"name":"wp","href":"https:\/\/api.w.org\/{rel}","templated":true}]}}