{"id":4764,"date":"2021-07-02T10:41:43","date_gmt":"2021-07-02T08:41:43","guid":{"rendered":"http:\/\/tibble.nu\/campus-taby\/?page_id=4764"},"modified":"2024-03-27T15:30:42","modified_gmt":"2024-03-27T14:30:42","slug":"foreningar","status":"publish","type":"page","link":"https:\/\/tibble.nu\/campus-taby\/att-vara-elev-pa-tibble\/foreningar\/","title":{"rendered":"F\u00f6reningar"},"content":{"rendered":"<p>Tibble har en l\u00e5ng och stolt f\u00f6reningstraditioner och f\u00f6r m\u00e5nga elever \u00e4r det en sj\u00e4lvklarhet att engagera sig i en f\u00f6rening vid sidan av studierna. Nedan kan du l\u00e4sa mer om Tibbles olika f\u00f6reningar.<\/p>\n<h5>Tibbles Elevr\u00e5d<\/h5>\n<p>Elevr\u00e5det \u00e4r till f\u00f6r att fr\u00e4mja samarbetet mellan skolan och eleverna. I elevr\u00e5det ing\u00e5r representanter f\u00f6r samtliga klasser p\u00e5 skolan samt representanter f\u00f6r skolans ledning. Samtliga elever p\u00e5 skolan \u00e4r formellt sett medlemmar i elevr\u00e5det och har r\u00e4tt att f\u00e5 sin r\u00f6st h\u00f6rd.<\/p>\n<p><strong>Tibble Akademi<\/strong><\/p>\n<p>Tibble Akademi startade 2013 i syfte att erbjuda kunskapst\u00f6rstiga och nyfikna elever mer stimulans efter skoltid. N\u00e5gra g\u00e5nger per termin erbjuds eleverna i Tibble Akademi olika former av seminarier, utst\u00e4llningar eller andra skr\u00e4ddarsydda studiebes\u00f6k och tilldelas diplom vid l\u00e4s\u00e5rets slut.<\/p>\n<p><a href=\"https:\/\/tibble.nu\/campus-taby\/att-vara-elev-pa-tibble\/foreningar\/tibble-akademi\/\">L\u00e4s mer om Tibble Akademi h\u00e4r<\/a><\/p>\n<h5>Tibbles FN-f\u00f6rening<\/h5>\n<p><em>&#8221;Elevdriven f\u00f6rening som k\u00e4mpar f\u00f6r en b\u00e4ttre v\u00e4rld&#8221;<\/em><\/p>\n<p>F\u00f6reningen driver v\u00e4lg\u00f6renhetsarbete och olika kampanjer. Under l\u00e4s\u00e5ret 22\/23 \u00e4r FN-f\u00f6reningen vilande.<\/p>\n<h5>Tibbles Elevk\u00e5r<\/h5>\n<p>Elevk\u00e5ren \u00e4r en helt sj\u00e4lvst\u00e4ndig organisation som samarbetar med Sveriges Elevk\u00e5rer. Syftet \u00e4r bland annat att samordna aktiviteter f\u00f6r en roligare skoltid. Medlemskap i Elevk\u00e5ren \u00e4r frivilligt och k\u00e5ren styrs av en vald styrelse.<\/p>\n<p><strong>Tibble litter\u00e4ra salong\u00a0<\/strong><\/p>\n<p>Tibble litter\u00e4ra salong \u00e4r en bokcirkel f\u00f6r alla elever p\u00e5 skolan som tr\u00e4ffas n\u00e5gra g\u00e5nger per termin f\u00f6r att l\u00e4sa och diskutera b\u00f6cker.<\/p>\n<p><a href=\"https:\/\/tibble.nu\/campus-taby\/att-vara-elev-pa-tibble\/foreningar\/litterara-salongen\/\">L\u00e4s mer om Tibble litter\u00e4ra salong h\u00e4r<\/a><\/p>\n<h5>Tibbles skolidrottsf\u00f6rening<\/h5>\n<p>Tibble skol-IF ansvarar f\u00f6r att det finns utrymme f\u00f6r att spontanidrotta p\u00e5 Tibble. Vi \u00e4r med och arrangerar Tibble\/\u00c5va kampen varje \u00e5r i december och all skol-DM och skol-SM verksamhet.<\/p>\n","protected":false},"excerpt":{"rendered":"<p>Tibble har en l\u00e5ng och stolt f\u00f6reningstraditioner och f\u00f6r m\u00e5nga elever \u00e4r det en sj\u00e4lvklarhet att engagera sig i en f\u00f6rening vid sidan av studierna. Nedan kan du l\u00e4sa mer om Tibbles olika f\u00f6reningar. Tibbles Elevr\u00e5d Elevr\u00e5det \u00e4r till f\u00f6r&#8230;<\/p>\n","protected":false},"author":14,"featured_media":0,"parent":4199,"menu_order":0,"comment_status":"closed","ping_status":"closed","template":"","meta":{"footnotes":""},"class_list":["post-4764","page","type-page","status-publish","hentry"],"acf":[],"_links":{"self":[{"href":"https:\/\/tibble.nu\/campus-taby\/wp-json\/wp\/v2\/pages\/4764","targetHints":{"allow":["GET"]}}],"collection":[{"href":"https:\/\/tibble.nu\/campus-taby\/wp-json\/wp\/v2\/pages"}],"about":[{"href":"https:\/\/tibble.nu\/campus-taby\/wp-json\/wp\/v2\/types\/page"}],"author":[{"embeddable":true,"href":"https:\/\/tibble.nu\/campus-taby\/wp-json\/wp\/v2\/users\/14"}],"replies":[{"embeddable":true,"href":"https:\/\/tibble.nu\/campus-taby\/wp-json\/wp\/v2\/comments?post=4764"}],"version-history":[{"count":6,"href":"https:\/\/tibble.nu\/campus-taby\/wp-json\/wp\/v2\/pages\/4764\/revisions"}],"predecessor-version":[{"id":10761,"href":"https:\/\/tibble.nu\/campus-taby\/wp-json\/wp\/v2\/pages\/4764\/revisions\/10761"}],"up":[{"embeddable":true,"href":"https:\/\/tibble.nu\/campus-taby\/wp-json\/wp\/v2\/pages\/4199"}],"wp:attachment":[{"href":"https:\/\/tibble.nu\/campus-taby\/wp-json\/wp\/v2\/media?parent=4764"}],"curies":[{"name":"wp","href":"https:\/\/api.w.org\/{rel}","templated":true}]}}