{"id":4758,"date":"2021-07-02T09:58:46","date_gmt":"2021-07-02T07:58:46","guid":{"rendered":"http:\/\/tibble.nu\/campus-taby\/?page_id=4758"},"modified":"2023-03-21T10:47:18","modified_gmt":"2023-03-21T09:47:18","slug":"traditioner","status":"publish","type":"page","link":"https:\/\/tibble.nu\/campus-taby\/att-vara-elev-pa-tibble\/traditioner\/","title":{"rendered":"Traditioner"},"content":{"rendered":"<p>P\u00e5 Tibble har vi m\u00e5nga traditioner som \u00e4r uppskattade av b\u00e5de elever och personal. H\u00e4r kan du l\u00e4sa mer om n\u00e5gra av de h\u00f6jdpunkter som sker under \u00e5ret.<\/p>\n<p><strong>Esteternas musikal<\/strong><\/p>\n<p>Esteternas musikal \u00e4r en \u00e5rlig h\u00f6jdare p\u00e5 Tibble. Den \u00e4r mycket v\u00e4lbes\u00f6kt och T\u00e4by kommuns st\u00f6rsta kulturevenemang. Genom \u00e5ren har flera musikaler satts upp, allt fr\u00e5n Mamma Mia till The Beauty and the Beast.<\/p>\n<p><strong>F\u00f6rfattardag<\/strong><\/p>\n<p>Varje \u00e5r anordnar svenskl\u00e4rarna tillsammans med Tibbles skolbibliotek en uppskattad f\u00f6rfattardag f\u00f6r eleverna i \u00e5rskurs 2. Syftet \u00e4r att \u00f6ka intresset f\u00f6r litteratur. Dagen tillbringas i Tibble teater, d\u00e4r v\u00e4lk\u00e4nda f\u00f6rfattare framtr\u00e4der.<\/p>\n<p>Exempel p\u00e5 f\u00f6rfattare som deltagit under \u00e5ren:\u00a0Anna Hallberg, Anna Jansson, Bengt Ohlsson, Bob Hansson, Christina Wahld\u00e9n, Cilla Naumann, Daniel Boyacioglu, Daniel Sj\u00f6lin, Emil Jensen, Helene R\u00e5dberg, Ingela Wall, Ingrid Olsson, Johanne Hildebrandt, Jonas Hassen Khemiri, Karin Str\u00f6m, Katerina Janouch, Lena Kallenberg, Maria K\u00fcchen, Mats Berggren, Mats Kempe, Niklas Krog, Peter Kihlg\u00e5rd, Sara Villius. Anders de la Motte, David Lagercrantz.<\/p>\n<p><strong>Julavslutning<\/strong><\/p>\n<p>Julavslutningen p\u00e5 Tibble \u00e4r en traditionsenlig julavslutning med klassiska juls\u00e5nger. Men f\u00f6r att f\u00e5 lite extra glans och glamour p\u00e5 denna dag s\u00e5 brukar esteteleverna visa upp sina fantastiska talanger genom att g\u00f6ra ett bejublat julspel.<\/p>\n<p><strong>Luciat\u00e5g<\/strong><\/p>\n<p>Varje \u00e5r genomf\u00f6r esteteleverna ett mycket vackert och st\u00e4mningsfullt luciat\u00e5g i Tibble kyrka.<\/p>\n<p><strong>Orientering<\/strong><\/p>\n<p>Anordnas f\u00f6r \u00e5k 1 och 2. Eleverna f\u00e5r sj\u00e4lva v\u00e4lja niv\u00e5\/sv\u00e5righetsgrad p\u00e5 den bana de ska springa. Syftet \u00e4r att f\u00e5 eleverna att hitta i skog och mark med hj\u00e4lp av karta och om man vill, kompass. \u00c5k 1 genomf\u00f6r sin dag p\u00e5 Ensta Krog och \u00e5k 2 i Skavl\u00f6ten. Platserna erbjuder lite olika milj\u00f6er och sv\u00e5righeter.<\/p>\n<p><strong>Samlingen i Tibble teater<\/strong><\/p>\n<p>N\u00e5gra g\u00e5nger per termin bryter vi undervisningen och ger eleverna p\u00e5 Tibble m\u00f6jlighet att ta del av olika evenemang i Tibble teater. Det kan vara allt fr\u00e5n g\u00e4stf\u00f6rel\u00e4sare, en politisk debatt eller esteterna som upptr\u00e4der.<\/p>\n<p><strong>Sommaravslutning<\/strong><\/p>\n<p>Traditionsenlig avslutning med underh\u00e5llning f\u00f6r \u00e5k 1 och 2 sker i Tibble teater.<\/p>\n<p><strong>Studenten p\u00e5 Tibble<\/strong><\/p>\n<p>Eleverna i \u00e5rskurs 3 avslutar sina studier p\u00e5 Tibble med ett traditionsenligt studentutspring. P\u00e5 studentdagen samlas f\u00f6rst alla klasser i skolan f\u00f6r fotografering och avslutning med sin mentorsklass. Sedan springer du ut fr\u00e5n Tibble f\u00f6r att m\u00f6ta familj och v\u00e4nner.<\/p>\n<p><strong>Tibbledagen<\/strong><\/p>\n<p>Tibbledagen \u00e4r en ny tradition p\u00e5 Tibble gymnasium som syftar till att fr\u00e4mja Tibbles gemenskap, \u00f6verskrida programgr\u00e4nser, samt visa p\u00e5 skolans m\u00e5ngfald. Den f\u00f6rsta Tibbledagen firades tisdag 4 december 2018 genom en samling med musikaliska framtr\u00e4danden av elever fr\u00e5n flera av v\u00e5ra olika program. Tibbledagen kommer att vara \u00e5terkommande och firas genom samling och andra aktiviteter.<\/p>\n<p><strong>Tibblekampen<\/strong><\/p>\n<p>Detta \u00e4r ett tillf\u00e4lle d\u00e4r de nya klasserna i \u00e5k 1 ska l\u00e4ra k\u00e4nna varandra och sin handledare,\u00a0 genom att under lekfulla former gemensamt hj\u00e4lpas \u00e5t att samla po\u00e4ng till sin klass. Dagen avslutas med en stafett p\u00e5 16x 100 m samt en utslagsgivande dragkamp. Detta har varit en uppskattad tradition p\u00e5 v\u00e5rt gymnasium sedan 12 \u00e5r. Vinnande klass bjuds senare p\u00e5 t\u00e5rta.<\/p>\n","protected":false},"excerpt":{"rendered":"<p>P\u00e5 Tibble har vi m\u00e5nga traditioner som \u00e4r uppskattade av b\u00e5de elever och personal. H\u00e4r kan du l\u00e4sa mer om n\u00e5gra av de h\u00f6jdpunkter som sker under \u00e5ret. Esteternas musikal Esteternas musikal \u00e4r en \u00e5rlig h\u00f6jdare p\u00e5 Tibble. Den \u00e4r&#8230;<\/p>\n","protected":false},"author":14,"featured_media":0,"parent":4199,"menu_order":0,"comment_status":"closed","ping_status":"closed","template":"","meta":{"footnotes":""},"class_list":["post-4758","page","type-page","status-publish","hentry"],"acf":[],"_links":{"self":[{"href":"https:\/\/tibble.nu\/campus-taby\/wp-json\/wp\/v2\/pages\/4758","targetHints":{"allow":["GET"]}}],"collection":[{"href":"https:\/\/tibble.nu\/campus-taby\/wp-json\/wp\/v2\/pages"}],"about":[{"href":"https:\/\/tibble.nu\/campus-taby\/wp-json\/wp\/v2\/types\/page"}],"author":[{"embeddable":true,"href":"https:\/\/tibble.nu\/campus-taby\/wp-json\/wp\/v2\/users\/14"}],"replies":[{"embeddable":true,"href":"https:\/\/tibble.nu\/campus-taby\/wp-json\/wp\/v2\/comments?post=4758"}],"version-history":[{"count":6,"href":"https:\/\/tibble.nu\/campus-taby\/wp-json\/wp\/v2\/pages\/4758\/revisions"}],"predecessor-version":[{"id":9116,"href":"https:\/\/tibble.nu\/campus-taby\/wp-json\/wp\/v2\/pages\/4758\/revisions\/9116"}],"up":[{"embeddable":true,"href":"https:\/\/tibble.nu\/campus-taby\/wp-json\/wp\/v2\/pages\/4199"}],"wp:attachment":[{"href":"https:\/\/tibble.nu\/campus-taby\/wp-json\/wp\/v2\/media?parent=4758"}],"curies":[{"name":"wp","href":"https:\/\/api.w.org\/{rel}","templated":true}]}}