{"id":4746,"date":"2021-07-02T09:33:19","date_gmt":"2021-07-02T07:33:19","guid":{"rendered":"http:\/\/tibble.nu\/campus-taby\/?page_id=4746"},"modified":"2026-03-17T14:15:54","modified_gmt":"2026-03-17T13:15:54","slug":"soksida","status":"publish","type":"page","link":"https:\/\/tibble.nu\/campus-taby\/om-tibble\/bibliotektet\/soksida\/","title":{"rendered":"S\u00f6ksida"},"content":{"rendered":"<p>S\u00f6ksidan inneh\u00e5ller \u00e4mnes\u00f6vergripande databaser och webbplatser.<\/p>\n<p>Om du beh\u00f6ver hj\u00e4lp med att s\u00f6ka information eller har problem med att anv\u00e4nda databaserna, v\u00e4nd dig till skolbibliotekarien.<\/p>\n<p>F\u00f6r \u00e4mnessorterade databaser, se bibliotekets <a href=\"http:\/\/tibble.nu\/campus-taby\/bibliotektet\/lanksamlingen\/\" target=\"_blank\" rel=\"noopener\">l\u00e4nksamling<\/a>.<\/p>\n","protected":false},"excerpt":{"rendered":"<p>S\u00f6ksidan inneh\u00e5ller \u00e4mnes\u00f6vergripande databaser och webbplatser. Om du beh\u00f6ver hj\u00e4lp med att s\u00f6ka information eller har problem med att anv\u00e4nda databaserna, v\u00e4nd dig till skolbibliotekarien. F\u00f6r \u00e4mnessorterade databaser, se bibliotekets l\u00e4nksamling.<\/p>\n","protected":false},"author":14,"featured_media":0,"parent":4205,"menu_order":0,"comment_status":"closed","ping_status":"closed","template":"","meta":{"footnotes":""},"class_list":["post-4746","page","type-page","status-publish","hentry"],"acf":[],"_links":{"self":[{"href":"https:\/\/tibble.nu\/campus-taby\/wp-json\/wp\/v2\/pages\/4746","targetHints":{"allow":["GET"]}}],"collection":[{"href":"https:\/\/tibble.nu\/campus-taby\/wp-json\/wp\/v2\/pages"}],"about":[{"href":"https:\/\/tibble.nu\/campus-taby\/wp-json\/wp\/v2\/types\/page"}],"author":[{"embeddable":true,"href":"https:\/\/tibble.nu\/campus-taby\/wp-json\/wp\/v2\/users\/14"}],"replies":[{"embeddable":true,"href":"https:\/\/tibble.nu\/campus-taby\/wp-json\/wp\/v2\/comments?post=4746"}],"version-history":[{"count":6,"href":"https:\/\/tibble.nu\/campus-taby\/wp-json\/wp\/v2\/pages\/4746\/revisions"}],"predecessor-version":[{"id":11928,"href":"https:\/\/tibble.nu\/campus-taby\/wp-json\/wp\/v2\/pages\/4746\/revisions\/11928"}],"up":[{"embeddable":true,"href":"https:\/\/tibble.nu\/campus-taby\/wp-json\/wp\/v2\/pages\/4205"}],"wp:attachment":[{"href":"https:\/\/tibble.nu\/campus-taby\/wp-json\/wp\/v2\/media?parent=4746"}],"curies":[{"name":"wp","href":"https:\/\/api.w.org\/{rel}","templated":true}]}}