{"id":4733,"date":"2021-07-01T15:25:50","date_gmt":"2021-07-01T13:25:50","guid":{"rendered":"http:\/\/tibble.nu\/campus-taby\/?page_id=4733"},"modified":"2025-10-16T09:36:45","modified_gmt":"2025-10-16T07:36:45","slug":"lanksamlingen","status":"publish","type":"page","link":"https:\/\/tibble.nu\/campus-taby\/om-tibble\/bibliotektet\/lanksamlingen\/","title":{"rendered":"L\u00e4nksamlingen"},"content":{"rendered":"<p>L\u00e4nksamlingen inneh\u00e5ller databaser och webbplatser med fritt eller delvis fritt tillg\u00e4ngligt material, som exempelvis:<\/p>\n<p>\u00b7 Vetenskapliga artiklar<br \/>\n\u00b7 E-b\u00f6cker<br \/>\n\u00b7 L\u00e4nkar till myndigheter<br \/>\n\u00b7 Ordb\u00f6cker och uppslagsverk<br \/>\n\u00b7 Statistik<\/p>\n<p>Mycket av det material som g\u00e5r att hitta i databaserna finns i fulltext, vilket betyder att det g\u00e5r att f\u00e5 tillg\u00e5ng till utan att man beh\u00f6ver betala.<\/p>\n<p>Om du beh\u00f6ver hj\u00e4lp med att s\u00f6ka information eller har problem med att anv\u00e4nda databaserna, v\u00e4nd dig till skolbibliotekarien.<\/p>\n<p>F\u00f6r \u00e4mnes\u00f6vergripande databaser, se bibliotekets <a href=\"http:\/\/tibble.nu\/campus-taby\/bibliotektet\/soksida\/\">s\u00f6ksida<\/a>.<\/p>\n","protected":false},"excerpt":{"rendered":"<p>L\u00e4nksamlingen inneh\u00e5ller databaser och webbplatser med fritt eller delvis fritt tillg\u00e4ngligt material, som exempelvis: \u00b7 Vetenskapliga artiklar \u00b7 E-b\u00f6cker \u00b7 L\u00e4nkar till myndigheter \u00b7 Ordb\u00f6cker och uppslagsverk \u00b7 Statistik Mycket av det material som g\u00e5r att hitta i databaserna finns&#8230;<\/p>\n","protected":false},"author":14,"featured_media":0,"parent":4205,"menu_order":0,"comment_status":"closed","ping_status":"closed","template":"","meta":{"footnotes":""},"class_list":["post-4733","page","type-page","status-publish","hentry"],"acf":[],"_links":{"self":[{"href":"https:\/\/tibble.nu\/campus-taby\/wp-json\/wp\/v2\/pages\/4733","targetHints":{"allow":["GET"]}}],"collection":[{"href":"https:\/\/tibble.nu\/campus-taby\/wp-json\/wp\/v2\/pages"}],"about":[{"href":"https:\/\/tibble.nu\/campus-taby\/wp-json\/wp\/v2\/types\/page"}],"author":[{"embeddable":true,"href":"https:\/\/tibble.nu\/campus-taby\/wp-json\/wp\/v2\/users\/14"}],"replies":[{"embeddable":true,"href":"https:\/\/tibble.nu\/campus-taby\/wp-json\/wp\/v2\/comments?post=4733"}],"version-history":[{"count":6,"href":"https:\/\/tibble.nu\/campus-taby\/wp-json\/wp\/v2\/pages\/4733\/revisions"}],"predecessor-version":[{"id":11768,"href":"https:\/\/tibble.nu\/campus-taby\/wp-json\/wp\/v2\/pages\/4733\/revisions\/11768"}],"up":[{"embeddable":true,"href":"https:\/\/tibble.nu\/campus-taby\/wp-json\/wp\/v2\/pages\/4205"}],"wp:attachment":[{"href":"https:\/\/tibble.nu\/campus-taby\/wp-json\/wp\/v2\/media?parent=4733"}],"curies":[{"name":"wp","href":"https:\/\/api.w.org\/{rel}","templated":true}]}}