{"id":4561,"date":"2021-06-30T12:18:59","date_gmt":"2021-06-30T10:18:59","guid":{"rendered":"http:\/\/tibble.nu\/campus-taby\/?page_id=4561"},"modified":"2025-10-16T08:58:15","modified_gmt":"2025-10-16T06:58:15","slug":"simning","status":"publish","type":"page","link":"https:\/\/tibble.nu\/campus-taby\/utbildningar\/niu-liu\/simning\/","title":{"rendered":"NIU Simning"},"content":{"rendered":"<h3><strong><span style=\"font-size: 1rem; color: #323232;\">Nationell idrottsutbildning (NIU) i simning p\u00e5 Tibble Gymnasium, rekommenderat av svenska simf\u00f6rbundet.\u00a0<\/span><\/strong><\/h3>\n<div class=\"editor\">\n<p>Med Nationell Idrottsutbildning (NIU) i simning p\u00e5 Tibble Gymnasium, som \u00e4r ett gymnasium med en h\u00f6g akademisk ambitionsniv\u00e5, f\u00e5r du maximala m\u00f6jligheter att kombinera studier och simtr\u00e4ning. M\u00f6jligheten att v\u00e4lja den nationella idrottsutbildningen (NIU) i simning g\u00e4ller oavsett vilken simf\u00f6rening du tillh\u00f6r.<\/p>\n<p>Simutbildningen fokuserar p\u00e5 individuell utveckling av dig som simmare d\u00e4r kvalificerad tr\u00e4ningsverksamhet p\u00e5 skoltid kombineras med tr\u00e4ning och t\u00e4vling i den egna f\u00f6reningen. Du f\u00e5r en gymnasie- och simutbildning av h\u00f6gsta kvalitet samtidigt som du kan vara med och skapa kontinuerliga framg\u00e5ngar f\u00f6r din f\u00f6rening.<\/p>\n<p>N\u00e4r du v\u00e4ljer den nationella idrottsutbildningen (NIU) i simning p\u00e5 Tibble Gymnasium f\u00e5r du m\u00f6jlighet att, ut\u00f6ver tr\u00e4ning i din egen klubb, tr\u00e4na med licensierad tr\u00e4nare fr\u00e5n T\u00e4by Sim tre pass i veckan p\u00e5 skoltid.<\/p>\n<p>Simutbildningen \u00e4r \u00f6ppen f\u00f6r dig som v\u00e4ljer att studera p\u00e5 Tibble Gymnasium och blir antagen till n\u00e5got av f\u00f6ljande program &amp; inriktningar:<\/p>\n<ul>\n<li><a href=\"https:\/\/tibble.nu\/campus-taby\/utbildningar\/fritid-halsa\/\">Barn- &amp; fritidsprogrammet<\/a>, inriktning fritid &amp; h\u00e4lsa med ledarskapsprofil<\/li>\n<li><a href=\"https:\/\/tibble.nu\/campus-taby\/utbildningar\/ekonomi\/\">Ekonomiprogrammet<\/a>, inriktning Marknadsf\u00f6ring<\/li>\n<li><a href=\"https:\/\/tibble.nu\/campus-taby\/utbildningar\/naturvetenskap\/\">Naturvetenskapsprogrammet<\/a>, inriktning Naturvetenskap<\/li>\n<li><a href=\"https:\/\/tibble.nu\/campus-taby\/utbildningar\/samhallsvetenskap\/\">Samh\u00e4llsvetenskapsprogrammet<\/a>, inriktning Samh\u00e4llsvetenskap<\/li>\n<\/ul>\n<p>NIU best\u00e5r av 400p, d\u00e4r nedanst\u00e5ende \u00e4mnen ing\u00e5r:<\/p>\n<ul>\n<li>Specialidrott niv\u00e5 1, 200p<\/li>\n<li>Specialidrott niv\u00e5 2, 100p<\/li>\n<li>Tr\u00e4nings- och t\u00e4vlingsl\u00e4ra niv\u00e5 1, 100p<\/li>\n<\/ul>\n<\/div>\n<div class=\"video-embed-container\"><iframe loading=\"lazy\" title=\"NIU Simning - Tibble Campus T\u00e4by\" width=\"500\" height=\"281\" src=\"https:\/\/www.youtube.com\/embed\/fc4mKX-Svyc?feature=oembed\" frameborder=\"0\" allow=\"accelerometer; autoplay; clipboard-write; encrypted-media; gyroscope; picture-in-picture; web-share\" referrerpolicy=\"strict-origin-when-cross-origin\" allowfullscreen><\/iframe><\/div>\n","protected":false},"excerpt":{"rendered":"<p>Nationell idrottsutbildning (NIU) i simning p\u00e5 Tibble Gymnasium, rekommenderat av svenska simf\u00f6rbundet.\u00a0 Med Nationell Idrottsutbildning (NIU) i simning p\u00e5 Tibble Gymnasium, som \u00e4r ett gymnasium med en h\u00f6g akademisk ambitionsniv\u00e5, f\u00e5r du maximala m\u00f6jligheter att kombinera studier och simtr\u00e4ning. M\u00f6jligheten&#8230;<\/p>\n","protected":false},"author":14,"featured_media":0,"parent":4224,"menu_order":0,"comment_status":"closed","ping_status":"closed","template":"","meta":{"footnotes":""},"class_list":["post-4561","page","type-page","status-publish","hentry"],"acf":[],"_links":{"self":[{"href":"https:\/\/tibble.nu\/campus-taby\/wp-json\/wp\/v2\/pages\/4561","targetHints":{"allow":["GET"]}}],"collection":[{"href":"https:\/\/tibble.nu\/campus-taby\/wp-json\/wp\/v2\/pages"}],"about":[{"href":"https:\/\/tibble.nu\/campus-taby\/wp-json\/wp\/v2\/types\/page"}],"author":[{"embeddable":true,"href":"https:\/\/tibble.nu\/campus-taby\/wp-json\/wp\/v2\/users\/14"}],"replies":[{"embeddable":true,"href":"https:\/\/tibble.nu\/campus-taby\/wp-json\/wp\/v2\/comments?post=4561"}],"version-history":[{"count":6,"href":"https:\/\/tibble.nu\/campus-taby\/wp-json\/wp\/v2\/pages\/4561\/revisions"}],"predecessor-version":[{"id":11761,"href":"https:\/\/tibble.nu\/campus-taby\/wp-json\/wp\/v2\/pages\/4561\/revisions\/11761"}],"up":[{"embeddable":true,"href":"https:\/\/tibble.nu\/campus-taby\/wp-json\/wp\/v2\/pages\/4224"}],"wp:attachment":[{"href":"https:\/\/tibble.nu\/campus-taby\/wp-json\/wp\/v2\/media?parent=4561"}],"curies":[{"name":"wp","href":"https:\/\/api.w.org\/{rel}","templated":true}]}}