{"id":4557,"date":"2021-06-30T12:10:24","date_gmt":"2021-06-30T10:10:24","guid":{"rendered":"http:\/\/tibble.nu\/campus-taby\/?page_id=4557"},"modified":"2026-01-09T13:45:43","modified_gmt":"2026-01-09T12:45:43","slug":"ishockey","status":"publish","type":"page","link":"https:\/\/tibble.nu\/campus-taby\/utbildningar\/niu-liu\/ishockey\/","title":{"rendered":"LIU Ishockey"},"content":{"rendered":"<p>Inom ishockeyn har Tibble gymnasium samarbete med IFK T\u00e4by HC och anl\u00e4ggningen d\u00e4r du tr\u00e4nar ligger bara ett par 100 meter fr\u00e5n skolan.<\/p>\n<p>Ishockeyutbildningen fokuserar p\u00e5 individuell utveckling av dig som ishockeyspelare d\u00e4r kvalificerad tr\u00e4ningsverksamhet p\u00e5 skoltid kombineras med tr\u00e4ning och t\u00e4vling i f\u00f6reningsverksamhet p\u00e5 kv\u00e4llarna. Du f\u00e5r en gymnasie- och ishockeyutbildning av kvalitet samtidigt som du kan vara med och skapa kontinuerliga framg\u00e5ngar f\u00f6r din f\u00f6rening.<\/p>\n<p class=\"x_MsoNormal\">Du som v\u00e4ljer LIU Ishockey kan l\u00e4sa 300 po\u00e4ng. Po\u00e4ngen utg\u00f6r dina individuella val som startar fr\u00e5n \u00e5rskurs 1. Po\u00e4ngen utg\u00f6r f\u00f6ljande <span style=\"font-weight: 400;\">\u00e4mnen<\/span>:<\/p>\n<ul type=\"disc\">\n<li class=\"x_elementToProof\">T\u00e4vlingsidrott niv\u00e5 1, 100p<\/li>\n<li class=\"x_elementToProof\">T\u00e4vlingsidrott niv\u00e5 2, 100p<\/li>\n<\/ul>\n<p>LIU med egen idrott \u00e4r \u00f6ppen fr\u00e5n \u00e5rskurs 1 f\u00f6r dig som v\u00e4ljer att studera p\u00e5 Tibble Gymnasium och blir antagen till n\u00e5got av f\u00f6ljande program &amp; inriktningar:<\/p>\n<ul>\n<li><a href=\"https:\/\/tibble.nu\/campus-taby\/utbildningar\/fritid-halsa\/\">Barn- &amp; fritidsprogrammet<\/a>, inriktning fritid &amp; h\u00e4lsa med ledarskapsprofil<\/li>\n<li><a href=\"https:\/\/tibble.nu\/campus-taby\/utbildningar\/ekonomi\/\">Ekonomiprogrammet<\/a>, inriktning Marknadsf\u00f6ring<\/li>\n<li><a href=\"https:\/\/tibble.nu\/campus-taby\/utbildningar\/naturvetenskap\/\">Naturvetenskapsprogrammet<\/a>, inriktning Naturvetenskap<\/li>\n<li><a href=\"https:\/\/tibble.nu\/campus-taby\/utbildningar\/samhallsvetenskap\/\">Samh\u00e4llsvetenskapsprogrammet<\/a>, inriktning Samh\u00e4llsvetenskap<\/li>\n<\/ul>\n<p>Om du v\u00e4ljer ett annat program \u00e4r det \u00f6ppet att s\u00f6ka i \u00e5rskurs 2 och 3.<\/p>\n<p>&nbsp;<\/p>\n","protected":false},"excerpt":{"rendered":"<p>Inom ishockeyn har Tibble gymnasium samarbete med IFK T\u00e4by HC och anl\u00e4ggningen d\u00e4r du tr\u00e4nar ligger bara ett par 100 meter fr\u00e5n skolan. Ishockeyutbildningen fokuserar p\u00e5 individuell utveckling av dig som ishockeyspelare d\u00e4r kvalificerad tr\u00e4ningsverksamhet p\u00e5 skoltid kombineras med tr\u00e4ning&#8230;<\/p>\n","protected":false},"author":14,"featured_media":0,"parent":4224,"menu_order":0,"comment_status":"closed","ping_status":"closed","template":"","meta":{"footnotes":""},"class_list":["post-4557","page","type-page","status-publish","hentry"],"acf":[],"_links":{"self":[{"href":"https:\/\/tibble.nu\/campus-taby\/wp-json\/wp\/v2\/pages\/4557","targetHints":{"allow":["GET"]}}],"collection":[{"href":"https:\/\/tibble.nu\/campus-taby\/wp-json\/wp\/v2\/pages"}],"about":[{"href":"https:\/\/tibble.nu\/campus-taby\/wp-json\/wp\/v2\/types\/page"}],"author":[{"embeddable":true,"href":"https:\/\/tibble.nu\/campus-taby\/wp-json\/wp\/v2\/users\/14"}],"replies":[{"embeddable":true,"href":"https:\/\/tibble.nu\/campus-taby\/wp-json\/wp\/v2\/comments?post=4557"}],"version-history":[{"count":6,"href":"https:\/\/tibble.nu\/campus-taby\/wp-json\/wp\/v2\/pages\/4557\/revisions"}],"predecessor-version":[{"id":11839,"href":"https:\/\/tibble.nu\/campus-taby\/wp-json\/wp\/v2\/pages\/4557\/revisions\/11839"}],"up":[{"embeddable":true,"href":"https:\/\/tibble.nu\/campus-taby\/wp-json\/wp\/v2\/pages\/4224"}],"wp:attachment":[{"href":"https:\/\/tibble.nu\/campus-taby\/wp-json\/wp\/v2\/media?parent=4557"}],"curies":[{"name":"wp","href":"https:\/\/api.w.org\/{rel}","templated":true}]}}