{"id":4549,"date":"2021-06-30T10:32:34","date_gmt":"2021-06-30T08:32:34","guid":{"rendered":"http:\/\/tibble.nu\/campus-taby\/?page_id=4549"},"modified":"2026-01-09T13:46:32","modified_gmt":"2026-01-09T12:46:32","slug":"fotboll","status":"publish","type":"page","link":"https:\/\/tibble.nu\/campus-taby\/utbildningar\/niu-liu\/fotboll\/","title":{"rendered":"NIU &amp; LIU Fotboll"},"content":{"rendered":"<h3><span style=\"font-size: 1rem; color: #323232;\">Nationell idrottsutbildning (NIU) i fotboll p\u00e5 Tibble Gymnasium, rekommenderat av svenska fotbollsf\u00f6rbundet.\u00a0<\/span><\/h3>\n<div class=\"editor\">\n<p>Samarbetet mellan Tibble Gymnasium, AIK och T\u00e4by IS (numera T\u00e4by FK) startade l\u00e4s\u00e5ret 2009-2010. Vi v\u00e4nder oss till alla intresserade elever\/spelare i norrort. Med Nationell Idrottsutbildning (NIU) i fotboll p\u00e5 Tibble Gymnasium, som \u00e4r ett gymnasium med en h\u00f6g akademisk ambitionsniv\u00e5, f\u00e5r du maximala m\u00f6jligheter att kombinera studier och fotbollstr\u00e4ning. M\u00f6jligheten att v\u00e4lja den nationella idrottsutbildningen (NIU) i fotboll g\u00e4ller oavsett vilken fotbollsf\u00f6rening du tillh\u00f6r. Den Nationella Idrottsutbildningen innefattar:<\/p>\n<p>\u2022 3 pass\/v i 3 \u00e5rs tid under f\u00f6rmiddagar p\u00e5 skoltid<br \/>\n\u2022 Individuell utveckling av dig som spelare<br \/>\n\u2022 M\u00f6jlighet till periodisering utifr\u00e5n spelarens egna f\u00f6ruts\u00e4ttningar i sitt klubblag<br \/>\n\u2022 Uppf\u00f6ljning av varje spelares individuella utvecklingskurva<br \/>\n\u2022 Teoretisk djupdykning inom till exempel kost, psykologi och tr\u00e4ningsl\u00e4ra<\/p>\n<p>NIU \u00e4r \u00f6ppen f\u00f6r f\u00f6ljande programinriktningar:<\/p>\n<ul>\n<li><a href=\"https:\/\/tibble.nu\/campus-taby\/utbildningar\/fritid-halsa\/\">Barn- &amp; fritidsprogrammet<\/a>, inriktning fritid &amp; h\u00e4lsa med ledarskapsprofil<\/li>\n<\/ul>\n<ul>\n<li><a href=\"https:\/\/tibble.nu\/campus-taby\/utbildningar\/ekonomi\/\">Ekonomiprogrammet<\/a>, inriktning Marknadsf\u00f6ring<\/li>\n<li><a href=\"https:\/\/tibble.nu\/campus-taby\/utbildningar\/naturvetenskap\/\">Naturvetenskapsprogrammet<\/a>, inriktning Naturvetenskap<\/li>\n<li><a href=\"https:\/\/tibble.nu\/campus-taby\/utbildningar\/samhallsvetenskap\/\">Samh\u00e4llsvetenskapsprogrammet<\/a>, inriktning Samh\u00e4llsvetenskap<\/li>\n<\/ul>\n<p>Vi f\u00f6ljer Svenska Fotbollsf\u00f6rbundets studieplan f\u00f6r fotboll i gymnasieskolan. NIU best\u00e5r av 400p, d\u00e4r nedanst\u00e5ende \u00e4mnen ing\u00e5r:<\/p>\n<ul>\n<li>Specialidrott niv\u00e5 1, 200p<\/li>\n<li>Specialidrott niv\u00e5 2, 100p<\/li>\n<li>Tr\u00e4nings- och t\u00e4vlingsl\u00e4ra niv\u00e5 1, 100p<\/li>\n<\/ul>\n<\/div>\n<p>&nbsp;<\/p>\n<div class=\"video-embed-container\"><iframe loading=\"lazy\" title=\"NIU Fotboll - Tibble Campus T\u00e4by\" width=\"500\" height=\"281\" src=\"https:\/\/www.youtube.com\/embed\/AzDdKCXazn8?feature=oembed\" frameborder=\"0\" allow=\"accelerometer; autoplay; clipboard-write; encrypted-media; gyroscope; picture-in-picture; web-share\" referrerpolicy=\"strict-origin-when-cross-origin\" allowfullscreen><\/iframe><\/div>\n","protected":false},"excerpt":{"rendered":"<p>Nationell idrottsutbildning (NIU) i fotboll p\u00e5 Tibble Gymnasium, rekommenderat av svenska fotbollsf\u00f6rbundet.\u00a0 Samarbetet mellan Tibble Gymnasium, AIK och T\u00e4by IS (numera T\u00e4by FK) startade l\u00e4s\u00e5ret 2009-2010. Vi v\u00e4nder oss till alla intresserade elever\/spelare i norrort. Med Nationell Idrottsutbildning (NIU) i&#8230;<\/p>\n","protected":false},"author":14,"featured_media":0,"parent":4224,"menu_order":0,"comment_status":"closed","ping_status":"closed","template":"","meta":{"footnotes":""},"class_list":["post-4549","page","type-page","status-publish","hentry"],"acf":[],"_links":{"self":[{"href":"https:\/\/tibble.nu\/campus-taby\/wp-json\/wp\/v2\/pages\/4549","targetHints":{"allow":["GET"]}}],"collection":[{"href":"https:\/\/tibble.nu\/campus-taby\/wp-json\/wp\/v2\/pages"}],"about":[{"href":"https:\/\/tibble.nu\/campus-taby\/wp-json\/wp\/v2\/types\/page"}],"author":[{"embeddable":true,"href":"https:\/\/tibble.nu\/campus-taby\/wp-json\/wp\/v2\/users\/14"}],"replies":[{"embeddable":true,"href":"https:\/\/tibble.nu\/campus-taby\/wp-json\/wp\/v2\/comments?post=4549"}],"version-history":[{"count":7,"href":"https:\/\/tibble.nu\/campus-taby\/wp-json\/wp\/v2\/pages\/4549\/revisions"}],"predecessor-version":[{"id":11842,"href":"https:\/\/tibble.nu\/campus-taby\/wp-json\/wp\/v2\/pages\/4549\/revisions\/11842"}],"up":[{"embeddable":true,"href":"https:\/\/tibble.nu\/campus-taby\/wp-json\/wp\/v2\/pages\/4224"}],"wp:attachment":[{"href":"https:\/\/tibble.nu\/campus-taby\/wp-json\/wp\/v2\/media?parent=4549"}],"curies":[{"name":"wp","href":"https:\/\/api.w.org\/{rel}","templated":true}]}}