{"id":4544,"date":"2021-06-30T10:29:08","date_gmt":"2021-06-30T08:29:08","guid":{"rendered":"http:\/\/tibble.nu\/campus-taby\/?page_id=4544"},"modified":"2025-08-28T16:35:45","modified_gmt":"2025-08-28T14:35:45","slug":"basket","status":"publish","type":"page","link":"https:\/\/tibble.nu\/campus-taby\/utbildningar\/niu-liu\/basket\/","title":{"rendered":"NIU Basket"},"content":{"rendered":"<h3><strong><span style=\"font-size: 1rem; color: #323232;\">Nationell idrottsutbildning (NIU) i basket p\u00e5 Tibble Gymnasium, rekommenderat av svenska basketbollf\u00f6rbundet.\u00a0<\/span><\/strong><\/h3>\n<div class=\"editor\">\n<p>Tibble Gymnasium \u00e4r ett gymnasium med en h\u00f6g akademisk ambitionsniv\u00e5 och en tydlig idrottsprofil med satsande elever i flertalet NIU-idrotter.<\/p>\n<p>P\u00e5 NIU Basket f\u00e5r du d\u00e4rf\u00f6r maximala m\u00f6jligheter att kombinera studier och baskettr\u00e4ning. M\u00f6jligheten att v\u00e4lja den nationella idrottsutbildningen (NIU) i basket g\u00e4ller oavsett vilken basketf\u00f6rening du tillh\u00f6r.<\/p>\n<p>Basketutbildningen fokuserar p\u00e5 individuell utveckling av dig som spelare d\u00e4r kvalificerad tr\u00e4ningsverksamhet p\u00e5 skoltid kombineras med tr\u00e4ning och matcher i den egna f\u00f6reningen. Du f\u00e5r en gymnasie- och basketutbildning av h\u00f6gsta kvalitet samtidigt som du kan vara med och skapa kontinuerliga framg\u00e5ngar f\u00f6r din f\u00f6rening.<\/p>\n<p>N\u00e4r du v\u00e4ljer den nationella idrottsutbildningen (NIU) i basket p\u00e5 Tibble Gymnasium f\u00e5r du m\u00f6jlighet att, ut\u00f6ver tr\u00e4ning i din egen klubb, tr\u00e4na med kvalificerade baskettr\u00e4nare tre pass i veckan p\u00e5 skoltid.<\/p>\n<p>Basketutbildningen \u00e4r \u00f6ppen f\u00f6r de som v\u00e4ljer att studera p\u00e5 Tibble Gymnasium och blir antagen till n\u00e5got av f\u00f6ljande program och inriktningar:<\/p>\n<\/div>\n<ul>\n<li><a href=\"https:\/\/tibble.nu\/campus-taby\/utbildningar\/fritid-halsa\/\">Barn- &amp; fritidsprogrammet<\/a>, inriktning fritid &amp; h\u00e4lsa med ledarskapsprofil.<\/li>\n<li><a href=\"https:\/\/tibble.nu\/campus-taby\/utbildningar\/ekonomi\/\">Ekonomiprogrammet<\/a>, inriktning Marknadsf\u00f6ring.<\/li>\n<li><a href=\"https:\/\/tibble.nu\/campus-taby\/utbildningar\/naturvetenskap\/\">Naturvetenskapsprogrammet<\/a>, inriktning Naturvetenskap.<\/li>\n<li><a href=\"https:\/\/tibble.nu\/campus-taby\/utbildningar\/samhallsvetenskap\/\">Samh\u00e4llsvetenskapsprogrammet<\/a>, inriktning Samh\u00e4llsvetenskap.<\/li>\n<\/ul>\n<p>NIU best\u00e5r av 400p, d\u00e4r nedanst\u00e5ende \u00e4mnen ing\u00e5r:<\/p>\n<ul>\n<li>Specialidrott niv\u00e5 1, 200p<\/li>\n<li>Specialidrott niv\u00e5 2, 100p<\/li>\n<li>Tr\u00e4nings- och t\u00e4vlingsl\u00e4ra niv\u00e5 1, 100p<\/li>\n<\/ul>\n<div class=\"video-embed-container\"><iframe loading=\"lazy\" title=\"NIU Basket - Tibble Campus T\u00e4by\" width=\"500\" height=\"281\" src=\"https:\/\/www.youtube.com\/embed\/jVkAuFdEP1M?feature=oembed\" frameborder=\"0\" allow=\"accelerometer; autoplay; clipboard-write; encrypted-media; gyroscope; picture-in-picture; web-share\" referrerpolicy=\"strict-origin-when-cross-origin\" allowfullscreen><\/iframe><\/div>\n<p>&nbsp;<\/p>\n","protected":false},"excerpt":{"rendered":"<p>Nationell idrottsutbildning (NIU) i basket p\u00e5 Tibble Gymnasium, rekommenderat av svenska basketbollf\u00f6rbundet.\u00a0 Tibble Gymnasium \u00e4r ett gymnasium med en h\u00f6g akademisk ambitionsniv\u00e5 och en tydlig idrottsprofil med satsande elever i flertalet NIU-idrotter. P\u00e5 NIU Basket f\u00e5r du d\u00e4rf\u00f6r maximala m\u00f6jligheter&#8230;<\/p>\n","protected":false},"author":14,"featured_media":0,"parent":4224,"menu_order":0,"comment_status":"closed","ping_status":"closed","template":"","meta":{"footnotes":""},"class_list":["post-4544","page","type-page","status-publish","hentry"],"acf":[],"_links":{"self":[{"href":"https:\/\/tibble.nu\/campus-taby\/wp-json\/wp\/v2\/pages\/4544","targetHints":{"allow":["GET"]}}],"collection":[{"href":"https:\/\/tibble.nu\/campus-taby\/wp-json\/wp\/v2\/pages"}],"about":[{"href":"https:\/\/tibble.nu\/campus-taby\/wp-json\/wp\/v2\/types\/page"}],"author":[{"embeddable":true,"href":"https:\/\/tibble.nu\/campus-taby\/wp-json\/wp\/v2\/users\/14"}],"replies":[{"embeddable":true,"href":"https:\/\/tibble.nu\/campus-taby\/wp-json\/wp\/v2\/comments?post=4544"}],"version-history":[{"count":7,"href":"https:\/\/tibble.nu\/campus-taby\/wp-json\/wp\/v2\/pages\/4544\/revisions"}],"predecessor-version":[{"id":11712,"href":"https:\/\/tibble.nu\/campus-taby\/wp-json\/wp\/v2\/pages\/4544\/revisions\/11712"}],"up":[{"embeddable":true,"href":"https:\/\/tibble.nu\/campus-taby\/wp-json\/wp\/v2\/pages\/4224"}],"wp:attachment":[{"href":"https:\/\/tibble.nu\/campus-taby\/wp-json\/wp\/v2\/media?parent=4544"}],"curies":[{"name":"wp","href":"https:\/\/api.w.org\/{rel}","templated":true}]}}