{"id":4537,"date":"2021-06-30T10:21:32","date_gmt":"2021-06-30T08:21:32","guid":{"rendered":"http:\/\/tibble.nu\/campus-taby\/?page_id=4537"},"modified":"2025-10-06T10:23:40","modified_gmt":"2025-10-06T08:23:40","slug":"badminton","status":"publish","type":"page","link":"https:\/\/tibble.nu\/campus-taby\/utbildningar\/niu-liu\/badminton\/","title":{"rendered":"NIU Badminton"},"content":{"rendered":"<h3><strong><span style=\"font-size: 1rem; color: #323232;\">Nationell idrottsutbildning (NIU) i badminton p\u00e5 Tibble Gymnasium, rekommenderat av svenska badmintonf\u00f6rbundet.\u00a0<\/span><\/strong><\/h3>\n<div class=\"editor\">\n<p>Med Nationell Idrottsutbildning (NIU) i badminton p\u00e5 Tibble Gymnasium, som \u00e4r ett gymnasium med en h\u00f6g akademisk ambitionsniv\u00e5, f\u00e5r du maximala m\u00f6jligheter att kombinera studier med din badmintonsatsning. M\u00f6jligheten att v\u00e4lja den nationella idrottsutbildningen (NIU) i badminton g\u00e4ller oavsett vilken badmintonf\u00f6rening du tillh\u00f6r.<\/p>\n<p>Badmintonutbildningen fokuserar p\u00e5 individuell utveckling av dig som badmintonspelare d\u00e4r kvalificerad tr\u00e4ningsverksamhet p\u00e5 skoltid kombineras med tr\u00e4ning och t\u00e4vling i den egna f\u00f6reningen. Du f\u00e5r en gymnasie- och badmintonutbildning av h\u00f6gsta kvalitet samtidigt som du kan vara med och skapa kontinuerliga framg\u00e5ngar f\u00f6r din f\u00f6rening.<\/p>\n<p>N\u00e4r du v\u00e4ljer den nationella idrottsutbildningen (NIU) i badminton p\u00e5 Tibble Gymnasium f\u00e5r du m\u00f6jlighet att, ut\u00f6ver tr\u00e4ning i din egen klubb, tr\u00e4na med instrukt\u00f6rer fr\u00e5n T\u00e4by Badminton tre pass i veckan p\u00e5 skoltid.<\/p>\n<p>Badmintonutbildningen \u00e4r \u00f6ppen f\u00f6r de som v\u00e4ljer att studera p\u00e5 Tibble Gymnasium och blir antagen till:<\/p>\n<ul>\n<li><a href=\"https:\/\/tibble.nu\/campus-taby\/utbildningar\/fritid-halsa\/\">Barn- &amp; fritidsprogrammet<\/a>, inriktning Fritid &amp; h\u00e4lsa med ledarskapsprofil.<\/li>\n<li><a href=\"https:\/\/tibble.nu\/campus-taby\/utbildningar\/ekonomi\/\">Ekonomiprogrammet,<\/a> inriktning Marknadsf\u00f6ring.<\/li>\n<li><a href=\"https:\/\/tibble.nu\/campus-taby\/utbildningar\/naturvetenskap\/\">Naturvetenskapsprogrammet<\/a>, inriktning Naturvetenskap.<\/li>\n<li><a href=\"https:\/\/tibble.nu\/campus-taby\/utbildningar\/samhallsvetenskap\/\">Samh\u00e4llsvetenskapsprogrammet<\/a>, inriktning Samh\u00e4llsvetenskap.<\/li>\n<\/ul>\n<p>NIU best\u00e5r av 400p, d\u00e4r nedanst\u00e5ende <span style=\"font-weight: 400;\">\u00e4mnen <\/span>ing\u00e5r:<\/p>\n<ul>\n<li>Specialidrott niv\u00e5 1, 200p<\/li>\n<li>Specialidrott niv\u00e5 2, 100p<\/li>\n<li>Tr\u00e4nings- och t\u00e4vlingsl\u00e4ra niv\u00e5 1, 100p<\/li>\n<\/ul>\n<\/div>\n<div class=\"video-embed-container\"><iframe loading=\"lazy\" title=\"NIU Badminton - Tibble Campus T\u00e4by\" width=\"500\" height=\"281\" src=\"https:\/\/www.youtube.com\/embed\/2LTBxDrlfeo?feature=oembed\" frameborder=\"0\" allow=\"accelerometer; autoplay; clipboard-write; encrypted-media; gyroscope; picture-in-picture; web-share\" referrerpolicy=\"strict-origin-when-cross-origin\" allowfullscreen><\/iframe><\/div>\n<p>&nbsp;<\/p>\n","protected":false},"excerpt":{"rendered":"<p>Nationell idrottsutbildning (NIU) i badminton p\u00e5 Tibble Gymnasium, rekommenderat av svenska badmintonf\u00f6rbundet.\u00a0 Med Nationell Idrottsutbildning (NIU) i badminton p\u00e5 Tibble Gymnasium, som \u00e4r ett gymnasium med en h\u00f6g akademisk ambitionsniv\u00e5, f\u00e5r du maximala m\u00f6jligheter att kombinera studier med din badmintonsatsning&#8230;.<\/p>\n","protected":false},"author":14,"featured_media":0,"parent":4224,"menu_order":0,"comment_status":"closed","ping_status":"closed","template":"","meta":{"footnotes":""},"class_list":["post-4537","page","type-page","status-publish","hentry"],"acf":[],"_links":{"self":[{"href":"https:\/\/tibble.nu\/campus-taby\/wp-json\/wp\/v2\/pages\/4537","targetHints":{"allow":["GET"]}}],"collection":[{"href":"https:\/\/tibble.nu\/campus-taby\/wp-json\/wp\/v2\/pages"}],"about":[{"href":"https:\/\/tibble.nu\/campus-taby\/wp-json\/wp\/v2\/types\/page"}],"author":[{"embeddable":true,"href":"https:\/\/tibble.nu\/campus-taby\/wp-json\/wp\/v2\/users\/14"}],"replies":[{"embeddable":true,"href":"https:\/\/tibble.nu\/campus-taby\/wp-json\/wp\/v2\/comments?post=4537"}],"version-history":[{"count":5,"href":"https:\/\/tibble.nu\/campus-taby\/wp-json\/wp\/v2\/pages\/4537\/revisions"}],"predecessor-version":[{"id":11750,"href":"https:\/\/tibble.nu\/campus-taby\/wp-json\/wp\/v2\/pages\/4537\/revisions\/11750"}],"up":[{"embeddable":true,"href":"https:\/\/tibble.nu\/campus-taby\/wp-json\/wp\/v2\/pages\/4224"}],"wp:attachment":[{"href":"https:\/\/tibble.nu\/campus-taby\/wp-json\/wp\/v2\/media?parent=4537"}],"curies":[{"name":"wp","href":"https:\/\/api.w.org\/{rel}","templated":true}]}}