{"id":4485,"date":"2021-06-29T15:36:47","date_gmt":"2021-06-29T13:36:47","guid":{"rendered":"http:\/\/tibble.nu\/campus-taby\/?page_id=4485"},"modified":"2026-01-13T12:41:32","modified_gmt":"2026-01-13T11:41:32","slug":"samhallsvetenskap","status":"publish","type":"page","link":"https:\/\/tibble.nu\/campus-taby\/utbildningar\/samhallsvetenskap\/","title":{"rendered":"Samh\u00e4llsvetenskap"},"content":{"rendered":"<p>P\u00e5 Samh\u00e4llsvetenskapsprogrammet f\u00e5r du kunskap och f\u00f6rst\u00e5else f\u00f6r samh\u00e4llet vi lever i. H\u00e4r m\u00f6ter du engagerade l\u00e4rare och en undervisning som utmanar, stimulerar och \u00f6ppnar nya perspektiv p\u00e5 samh\u00e4llet och v\u00e4rlden. Vi f\u00f6rdjupar oss i \u00e4mnen som politik, historia, psykologi och geografi och ger dig verktyg f\u00f6r att analysera och tolka samh\u00e4llsfr\u00e5gor p\u00e5 b\u00e5de lokal och global niv\u00e5.<\/p>\n<p>Under din studietid uppmuntras du att t\u00e4nka kritiskt, utmana id\u00e9er och delta i meningsfulla diskussioner tillsammans med dina klasskamrater. Vi tar oss ocks\u00e5 ut i samh\u00e4llet p\u00e5 studiebes\u00f6k och bjuder in g\u00e4ster och f\u00f6rel\u00e4sare f\u00f6r att m\u00f6ta de stora samh\u00e4llsfr\u00e5gorna. Genom n\u00e4ra kontakter med universitet och h\u00f6gskola f\u00e5r du l\u00e4ra dig effektiva studieteknik och ett akademiskt f\u00f6rh\u00e5llningss\u00e4tt som g\u00f6r dig v\u00e4l f\u00f6rberedd f\u00f6r vidare studier.<\/p>\n<p>I dagens globaliserade v\u00e4rld l\u00e4gger vi fokus p\u00e5 att utveckla dina spr\u00e5kkunskaper. Under tv\u00e5 \u00e5r kommer du l\u00e4sa moderna spr\u00e5k med m\u00f6jlighet att ta internationella spr\u00e5kdiplom i b\u00e5de spanska och tyska. Dessutom kan alla elever s\u00f6ka till ett utbyte med v\u00e5r partnerskola i Barcelona.<\/p>\n<p>Samh\u00e4llsvetenskapsprogrammet p\u00e5 Tibble Campus T\u00e4by erbjuder dig en sp\u00e4nnande resa d\u00e4r du f\u00e5r utforska samh\u00e4llets komplexa strukturer, problem och m\u00f6jligheter samtidigt som du f\u00e5r de kunskaper du beh\u00f6ver f\u00f6r att kunna p\u00e5verka och g\u00f6ra skillnad.<\/p>\n<p>Nu kan eleverna som l\u00e4ser inriktningen Beteendevetenskap v\u00e4lja programf\u00f6rdjupningen Digitala beteenden inf\u00f6r \u00e5rskurs 2. <a href=\"https:\/\/tibble.nu\/campus-taby\/utbildningar\/samhallsvetenskap\/digitala-beteenden\/\">L\u00e4s mer om inriktningen Digitala beteenden h\u00e4r!\u00a0<\/a><\/p>\n<p><strong>V\u00e4lkommen till Samh\u00e4llsvetenskapsprogrammet p\u00e5 Tibble!<\/strong><\/p>\n<div class=\"video-embed-container\"><iframe loading=\"lazy\" title=\"Samh\u00e4llsvetenskapsprogrammet p\u00e5 Tibble Campus T\u00e4by\" width=\"500\" height=\"281\" src=\"https:\/\/www.youtube.com\/embed\/tcLiC12n_U4?feature=oembed\" frameborder=\"0\" allow=\"accelerometer; autoplay; clipboard-write; encrypted-media; gyroscope; picture-in-picture; web-share\" referrerpolicy=\"strict-origin-when-cross-origin\" allowfullscreen><\/iframe><\/div>\n","protected":false},"excerpt":{"rendered":"<p>P\u00e5 Samh\u00e4llsvetenskapsprogrammet f\u00e5r du kunskap och f\u00f6rst\u00e5else f\u00f6r samh\u00e4llet vi lever i. H\u00e4r m\u00f6ter du engagerade l\u00e4rare och en undervisning som utmanar, stimulerar och \u00f6ppnar nya perspektiv p\u00e5 samh\u00e4llet och v\u00e4rlden. Vi f\u00f6rdjupar oss i \u00e4mnen som politik, historia, psykologi&#8230;<\/p>\n","protected":false},"author":14,"featured_media":0,"parent":4195,"menu_order":1,"comment_status":"closed","ping_status":"closed","template":"template-program.php","meta":{"footnotes":""},"class_list":["post-4485","page","type-page","status-publish","hentry"],"acf":[],"_links":{"self":[{"href":"https:\/\/tibble.nu\/campus-taby\/wp-json\/wp\/v2\/pages\/4485","targetHints":{"allow":["GET"]}}],"collection":[{"href":"https:\/\/tibble.nu\/campus-taby\/wp-json\/wp\/v2\/pages"}],"about":[{"href":"https:\/\/tibble.nu\/campus-taby\/wp-json\/wp\/v2\/types\/page"}],"author":[{"embeddable":true,"href":"https:\/\/tibble.nu\/campus-taby\/wp-json\/wp\/v2\/users\/14"}],"replies":[{"embeddable":true,"href":"https:\/\/tibble.nu\/campus-taby\/wp-json\/wp\/v2\/comments?post=4485"}],"version-history":[{"count":6,"href":"https:\/\/tibble.nu\/campus-taby\/wp-json\/wp\/v2\/pages\/4485\/revisions"}],"predecessor-version":[{"id":11848,"href":"https:\/\/tibble.nu\/campus-taby\/wp-json\/wp\/v2\/pages\/4485\/revisions\/11848"}],"up":[{"embeddable":true,"href":"https:\/\/tibble.nu\/campus-taby\/wp-json\/wp\/v2\/pages\/4195"}],"wp:attachment":[{"href":"https:\/\/tibble.nu\/campus-taby\/wp-json\/wp\/v2\/media?parent=4485"}],"curies":[{"name":"wp","href":"https:\/\/api.w.org\/{rel}","templated":true}]}}