{"id":4461,"date":"2021-06-29T15:01:58","date_gmt":"2021-06-29T13:01:58","guid":{"rendered":"http:\/\/tibble.nu\/campus-taby\/?page_id=4461"},"modified":"2025-05-21T13:22:25","modified_gmt":"2025-05-21T11:22:25","slug":"elevintervju-med-simon-nilsson","status":"publish","type":"page","link":"https:\/\/tibble.nu\/campus-taby\/elevintervju-med-simon-nilsson\/","title":{"rendered":"Elevintervju med Simon Nilsson"},"content":{"rendered":"<p>Idag l\u00e4ser han kandidatprogrammet i religionsvetenskap mot att bli pr\u00e4st i Svenska kyrkan. P\u00e5 Tibble Gymnasium gick Simon FHL-programmet och tog studenten 2015. Studierna kombinerar Simon med att jobba som personlig assisten och som lagledare f\u00f6r fotbollslaget GoIF K\u00e5re.<\/p>\n<p>\u201dFr\u00e5n studierna p\u00e5 Tibble fick jag viktiga kunskaper inom ledarskap. Det har varit otroligt givande att f\u00e5 vara med och arrangera evenemang och det har gett mig logistiska f\u00e4rdigheter vilka hj\u00e4lpt mig i rollen som ledare inom fotboll. Jag har ocks\u00e5 med mig kunskaper om hur det \u00e4r att arbeta med m\u00e4nniskor vilket hj\u00e4lper mig b\u00e5de i min religionsvetare utbildning, framtida yrke och i mitt jobb som personlig assistent.<\/p>\n<p>Av h\u00e4ndelser \u00e4r det starkaste minnet nog fr\u00e5n veckan i Fj\u00e4lln\u00e4s n\u00e4r vi var ute p\u00e5 tur i kursen friluftsliv. Men ocks\u00e5 alla evenemang vi fick vara med och arrangera eller vara volont\u00e4rer p\u00e5, som exempelvis Stockholm triathlon, Skid VM i Falun och den \u00e5rliga Tibble &#8211; \u00c5va kampen. Jag har ocks\u00e5 starka minnen mer generellt fr\u00e5n gemenskapen som fanns p\u00e5 skolan.\u201d<\/p>\n<p>&nbsp;<\/p>\n<p>&nbsp;<\/p>\n","protected":false},"excerpt":{"rendered":"<p>Idag l\u00e4ser han kandidatprogrammet i religionsvetenskap mot att bli pr\u00e4st i Svenska kyrkan. P\u00e5 Tibble Gymnasium gick Simon FHL-programmet och tog studenten 2015. Studierna kombinerar Simon med att jobba som personlig assisten och som lagledare f\u00f6r fotbollslaget GoIF K\u00e5re. \u201dFr\u00e5n&#8230;<\/p>\n","protected":false},"author":14,"featured_media":0,"parent":0,"menu_order":12,"comment_status":"closed","ping_status":"closed","template":"","meta":{"footnotes":""},"class_list":["post-4461","page","type-page","status-publish","hentry"],"acf":[],"_links":{"self":[{"href":"https:\/\/tibble.nu\/campus-taby\/wp-json\/wp\/v2\/pages\/4461","targetHints":{"allow":["GET"]}}],"collection":[{"href":"https:\/\/tibble.nu\/campus-taby\/wp-json\/wp\/v2\/pages"}],"about":[{"href":"https:\/\/tibble.nu\/campus-taby\/wp-json\/wp\/v2\/types\/page"}],"author":[{"embeddable":true,"href":"https:\/\/tibble.nu\/campus-taby\/wp-json\/wp\/v2\/users\/14"}],"replies":[{"embeddable":true,"href":"https:\/\/tibble.nu\/campus-taby\/wp-json\/wp\/v2\/comments?post=4461"}],"version-history":[{"count":5,"href":"https:\/\/tibble.nu\/campus-taby\/wp-json\/wp\/v2\/pages\/4461\/revisions"}],"predecessor-version":[{"id":11323,"href":"https:\/\/tibble.nu\/campus-taby\/wp-json\/wp\/v2\/pages\/4461\/revisions\/11323"}],"wp:attachment":[{"href":"https:\/\/tibble.nu\/campus-taby\/wp-json\/wp\/v2\/media?parent=4461"}],"curies":[{"name":"wp","href":"https:\/\/api.w.org\/{rel}","templated":true}]}}