{"id":4390,"date":"2021-06-29T12:45:25","date_gmt":"2021-06-29T10:45:25","guid":{"rendered":"http:\/\/tibble.nu\/campus-taby\/?page_id=4390"},"modified":"2026-03-19T17:45:44","modified_gmt":"2026-03-19T16:45:44","slug":"musikal","status":"publish","type":"page","link":"https:\/\/tibble.nu\/campus-taby\/utbildningar\/estet\/musikal\/","title":{"rendered":"Musikal"},"content":{"rendered":"<p>Musikal \u00e4r en programf\u00f6rdjupningen p\u00e5 estetiska programmet d\u00e4r du i huvudsak studerar s\u00e5ng, teater och dans men \u00e4ven scenisk gestaltning och scenisk produktion. S\u00e5ngundervisningen sker b\u00e5de individuellt och i grupp.<\/p>\n","protected":false},"excerpt":{"rendered":"<p>Musikal \u00e4r en programf\u00f6rdjupningen p\u00e5 estetiska programmet d\u00e4r du i huvudsak studerar s\u00e5ng, teater och dans men \u00e4ven scenisk gestaltning och scenisk produktion. S\u00e5ngundervisningen sker b\u00e5de individuellt och i grupp.<\/p>\n","protected":false},"author":14,"featured_media":0,"parent":4216,"menu_order":0,"comment_status":"closed","ping_status":"closed","template":"template-program.php","meta":{"footnotes":""},"class_list":["post-4390","page","type-page","status-publish","hentry"],"acf":[],"_links":{"self":[{"href":"https:\/\/tibble.nu\/campus-taby\/wp-json\/wp\/v2\/pages\/4390","targetHints":{"allow":["GET"]}}],"collection":[{"href":"https:\/\/tibble.nu\/campus-taby\/wp-json\/wp\/v2\/pages"}],"about":[{"href":"https:\/\/tibble.nu\/campus-taby\/wp-json\/wp\/v2\/types\/page"}],"author":[{"embeddable":true,"href":"https:\/\/tibble.nu\/campus-taby\/wp-json\/wp\/v2\/users\/14"}],"replies":[{"embeddable":true,"href":"https:\/\/tibble.nu\/campus-taby\/wp-json\/wp\/v2\/comments?post=4390"}],"version-history":[{"count":6,"href":"https:\/\/tibble.nu\/campus-taby\/wp-json\/wp\/v2\/pages\/4390\/revisions"}],"predecessor-version":[{"id":11946,"href":"https:\/\/tibble.nu\/campus-taby\/wp-json\/wp\/v2\/pages\/4390\/revisions\/11946"}],"up":[{"embeddable":true,"href":"https:\/\/tibble.nu\/campus-taby\/wp-json\/wp\/v2\/pages\/4216"}],"wp:attachment":[{"href":"https:\/\/tibble.nu\/campus-taby\/wp-json\/wp\/v2\/media?parent=4390"}],"curies":[{"name":"wp","href":"https:\/\/api.w.org\/{rel}","templated":true}]}}