{"id":4385,"date":"2021-06-29T12:40:48","date_gmt":"2021-06-29T10:40:48","guid":{"rendered":"http:\/\/tibble.nu\/campus-taby\/?page_id=4385"},"modified":"2021-08-24T18:48:55","modified_gmt":"2021-08-24T16:48:55","slug":"musik","status":"publish","type":"page","link":"https:\/\/tibble.nu\/campus-taby\/utbildningar\/estet\/musik\/","title":{"rendered":"Musik"},"content":{"rendered":"<p>Under alla tre \u00e5ren f\u00e5r du enskild undervisning p\u00e5 ditt huvudinstrument\/s\u00e5ng samt p\u00e5 ett obligatoriskt biinstrument (piano eller s\u00e5ng). Du f\u00e5r \u00e4ven spela\/sjunga i olika ensembler d\u00e4r du arbetar inom olika genrer &#8211; t ex pop, rock, jazz, soul eller RnB. Du f\u00e5r \u00e4ven undervisning i geh\u00f6rs- och musikl\u00e4ra som ger dig en god grund f\u00f6r fortsatta musikstudier.<\/p>\n<p>Du f\u00e5r undervisning i ljudteknik d\u00e4r du f\u00e5r l\u00e4ra dig att arbeta med live-ljud och i studiomilj\u00f6. Vi jobbar med musikprogrammen Pro Tools och Logic, som \u00e4r de mest anv\u00e4nd inom professionell musikproduktion. Vi har en v\u00e4lutrustad inspelningsstudio som du f\u00e5r m\u00f6jlighet att anv\u00e4nda inom ramen f\u00f6r kursen. I kursen Estetisk kommunikation f\u00e5r du, tillsammans med andra, l\u00e4ra dig att kommunicera och uttrycka en id\u00e9\/budskap genom musikut\u00f6vande. Ensemble, Geh\u00f6rs- och musikl\u00e4ra samt Instrument\/S\u00e5ng \u00e4r kurser som p\u00e5g\u00e5r genom hela utbildningen och som f\u00f6rdjupas allt mer under studietiden.<\/p>\n<p>P\u00e5 den stora scenen i Tibble teater f\u00e5r du m\u00e5nga m\u00f6jligheter att framtr\u00e4da inf\u00f6r publik i form av uppspel\/konserter eller egna projekt. I \u00e5rskurs tre genomf\u00f6r Musikeleverna sin slutkonsert, som \u00e4r en p\u00e5kostad show med massor av modern ljud- och ljusteknik.<\/p>\n<p>&nbsp;<\/p>\n","protected":false},"excerpt":{"rendered":"<p>Under alla tre \u00e5ren f\u00e5r du enskild undervisning p\u00e5 ditt huvudinstrument\/s\u00e5ng samt p\u00e5 ett obligatoriskt biinstrument (piano eller s\u00e5ng). Du f\u00e5r \u00e4ven spela\/sjunga i olika ensembler d\u00e4r du arbetar inom olika genrer &#8211; t ex pop, rock, jazz, soul eller&#8230;<\/p>\n","protected":false},"author":14,"featured_media":0,"parent":4216,"menu_order":0,"comment_status":"closed","ping_status":"closed","template":"template-program.php","meta":{"footnotes":""},"class_list":["post-4385","page","type-page","status-publish","hentry"],"acf":[],"_links":{"self":[{"href":"https:\/\/tibble.nu\/campus-taby\/wp-json\/wp\/v2\/pages\/4385","targetHints":{"allow":["GET"]}}],"collection":[{"href":"https:\/\/tibble.nu\/campus-taby\/wp-json\/wp\/v2\/pages"}],"about":[{"href":"https:\/\/tibble.nu\/campus-taby\/wp-json\/wp\/v2\/types\/page"}],"author":[{"embeddable":true,"href":"https:\/\/tibble.nu\/campus-taby\/wp-json\/wp\/v2\/users\/14"}],"replies":[{"embeddable":true,"href":"https:\/\/tibble.nu\/campus-taby\/wp-json\/wp\/v2\/comments?post=4385"}],"version-history":[{"count":5,"href":"https:\/\/tibble.nu\/campus-taby\/wp-json\/wp\/v2\/pages\/4385\/revisions"}],"predecessor-version":[{"id":5778,"href":"https:\/\/tibble.nu\/campus-taby\/wp-json\/wp\/v2\/pages\/4385\/revisions\/5778"}],"up":[{"embeddable":true,"href":"https:\/\/tibble.nu\/campus-taby\/wp-json\/wp\/v2\/pages\/4216"}],"wp:attachment":[{"href":"https:\/\/tibble.nu\/campus-taby\/wp-json\/wp\/v2\/media?parent=4385"}],"curies":[{"name":"wp","href":"https:\/\/api.w.org\/{rel}","templated":true}]}}