{"id":4374,"date":"2021-06-29T12:35:21","date_gmt":"2021-06-29T10:35:21","guid":{"rendered":"http:\/\/tibble.nu\/campus-taby\/?page_id=4374"},"modified":"2024-04-30T11:31:13","modified_gmt":"2024-04-30T09:31:13","slug":"bild-formgivning","status":"publish","type":"page","link":"https:\/\/tibble.nu\/campus-taby\/utbildningar\/estet\/bild-formgivning\/","title":{"rendered":"Bild &amp; Formgivning"},"content":{"rendered":"<p>Arbetsmilj\u00f6n p\u00e5\u00a0Tibbles\u00a0Bild och forminriktning \u00e4r v\u00e4nlig, trygg och kreativ. Fokus ligger p\u00e5 att l\u00e5ta konsten fungera p\u00e5 olika s\u00e4tt, den kan f\u00f6rmedla en k\u00e4nsla, ber\u00e4tta en historia eller lyfta upp en id\u00e9. Precis som vetenskapen vill vi f\u00f6rklara och bearbeta verkligheten men fr\u00e5n en annan utg\u00e5ngspunkt.<span data-ccp-props=\"{&quot;201341983&quot;:0,&quot;335559739&quot;:160,&quot;335559740&quot;:259}\">\u00a0<\/span><\/p>\n<p><span data-contrast=\"none\">N\u00e4r vi arbetar har vi ett fokus p\u00e5 att inte n\u00f6ja sig, att ta projekten ett steg vidare samtidigt som vi stannar upp f\u00f6r att inte missa alla positiva saker som redan ligger p\u00e5 plats. Ska n\u00e5got bli bra s\u00e5 m\u00e5ste det b\u00e5de vara roligt och jobbigt.<\/span><span data-ccp-props=\"{&quot;201341983&quot;:0,&quot;335559739&quot;:160,&quot;335559740&quot;:259}\">\u00a0<\/span><\/p>\n<p><span data-contrast=\"none\">Tibble\u00a0estet ger en bred konstn\u00e4rlig grund att bygga vidare p\u00e5 i olika riktningar. Bildteorin ger ett djup och en f\u00f6rst\u00e5else f\u00f6r konsten, m\u00e4nniskan och samh\u00e4llet som g\u00f6r att det egna skapandet utvecklas. Materialen vi anv\u00e4nder oss av har konstn\u00e4rskvalitet i allt fr\u00e5n olja, akvarell och lera till de digitala verktygen som Photoshop,\u00a0Illustrator\u00a0och\u00a0Dragonframe. H\u00e4r \u00e4r teknik och hantverk lika viktigt som kreativitet och uttryck. Det \u00e4r i samspelet mellan dessa som det blir sp\u00e4nnande.<\/span><span data-ccp-props=\"{&quot;201341983&quot;:0,&quot;335559739&quot;:160,&quot;335559740&quot;:259}\">\u00a0<\/span><\/p>\n<p><span data-contrast=\"none\">Vad vill du s\u00e4ga? Vad vill du ber\u00e4tta? Varf\u00f6r vill du det? Och hur vill du g\u00f6ra det?\u00a0<\/span><span data-ccp-props=\"{&quot;201341983&quot;:0,&quot;335559739&quot;:160,&quot;335559740&quot;:259}\">\u00a0<\/span><\/p>\n<p><span data-contrast=\"none\">Vi r\u00f6r oss g\u00e4rna utanf\u00f6r skolan f\u00f6r att ge inspiration i form av utst\u00e4llningar men \u00e4ven f\u00e5 inspiration genom studiebes\u00f6k och av idag verksamma konstn\u00e4rer<\/span><span data-contrast=\"none\">. Genom konsten n\u00e4rmar vi oss omr\u00e5den som design, grafisk kommunikation och scenografi eftersom v\u00e5ra elevers framtid med stor sannolikhet kan ligga inom dessa omr\u00e5den. Efter tre \u00e5r p\u00e5 estetiska programmets bild- och forminriktning g\u00e5r m\u00e5nga vidare mot konstn\u00e4rliga yrken och utbildningar, m\u00e5nga r\u00f6r sig ocks\u00e5 i andra riktningar som omr\u00e5den inom psykologi eller naturvetenskapliga utbildningar. Detta \u00e4r en f\u00f6rdel med estetiskprogrammet tv\u00e5 fokus, teori och praktik. Oavsett vad framtiden inneb\u00e4r s\u00e5 har alla nytta av den grund i kommunikation och kreativitet vi riktar blicken mot p\u00e5 Tibble.<\/span><span data-ccp-props=\"{&quot;201341983&quot;:0,&quot;335559739&quot;:160,&quot;335559740&quot;:259}\">\u00a0<\/span><\/p>\n<p>&nbsp;<\/p>\n","protected":false},"excerpt":{"rendered":"<p>Arbetsmilj\u00f6n p\u00e5\u00a0Tibbles\u00a0Bild och forminriktning \u00e4r v\u00e4nlig, trygg och kreativ. Fokus ligger p\u00e5 att l\u00e5ta konsten fungera p\u00e5 olika s\u00e4tt, den kan f\u00f6rmedla en k\u00e4nsla, ber\u00e4tta en historia eller lyfta upp en id\u00e9. Precis som vetenskapen vill vi f\u00f6rklara och bearbeta&#8230;<\/p>\n","protected":false},"author":14,"featured_media":0,"parent":4216,"menu_order":0,"comment_status":"closed","ping_status":"closed","template":"template-program.php","meta":{"footnotes":""},"class_list":["post-4374","page","type-page","status-publish","hentry"],"acf":[],"_links":{"self":[{"href":"https:\/\/tibble.nu\/campus-taby\/wp-json\/wp\/v2\/pages\/4374","targetHints":{"allow":["GET"]}}],"collection":[{"href":"https:\/\/tibble.nu\/campus-taby\/wp-json\/wp\/v2\/pages"}],"about":[{"href":"https:\/\/tibble.nu\/campus-taby\/wp-json\/wp\/v2\/types\/page"}],"author":[{"embeddable":true,"href":"https:\/\/tibble.nu\/campus-taby\/wp-json\/wp\/v2\/users\/14"}],"replies":[{"embeddable":true,"href":"https:\/\/tibble.nu\/campus-taby\/wp-json\/wp\/v2\/comments?post=4374"}],"version-history":[{"count":6,"href":"https:\/\/tibble.nu\/campus-taby\/wp-json\/wp\/v2\/pages\/4374\/revisions"}],"predecessor-version":[{"id":10819,"href":"https:\/\/tibble.nu\/campus-taby\/wp-json\/wp\/v2\/pages\/4374\/revisions\/10819"}],"up":[{"embeddable":true,"href":"https:\/\/tibble.nu\/campus-taby\/wp-json\/wp\/v2\/pages\/4216"}],"wp:attachment":[{"href":"https:\/\/tibble.nu\/campus-taby\/wp-json\/wp\/v2\/media?parent=4374"}],"curies":[{"name":"wp","href":"https:\/\/api.w.org\/{rel}","templated":true}]}}