{"id":4365,"date":"2021-06-29T12:28:09","date_gmt":"2021-06-29T10:28:09","guid":{"rendered":"http:\/\/tibble.nu\/campus-taby\/?page_id=4365"},"modified":"2025-05-21T13:22:25","modified_gmt":"2025-05-21T11:22:25","slug":"fannyhultman","status":"publish","type":"page","link":"https:\/\/tibble.nu\/campus-taby\/fannyhultman\/","title":{"rendered":"Elevintervju med Fanny Hultman"},"content":{"rendered":"<p>Fanny Hultman l\u00e4ste inriktning Musik p\u00e5 Tibbles Estetiska program. Idag jobbar hon som l\u00e5tskrivare och producent \u00e5t andra artister, b\u00e5de p\u00e5 engelska och p\u00e5 svenska. Dom senaste \u00e5ren har hon varit med och skrivit l\u00e5tar till bland annat Kygo, Ellie Goulding, Miriam Bryant, estraden, L\u00c9ON, Jireel mfl.<\/p>\n<p>\u201cMitt starkaste minne fr\u00e5n Tibble \u00e4r Ensemble- och s\u00e5nglektionerna, att f\u00e5 l\u00e4gga s\u00e5 mycket tid p\u00e5 musik och att l\u00e4rarna alltid var v\u00e4ldigt engagerade i det man skrev eller spelade. Alla l\u00e4rare var v\u00e4ldigt personliga och st\u00f6ttande b\u00e5de i det som var kul och kreativt och det som kunde vara motigt.<\/p>\n<p>Det viktigaste jag fick med mig fr\u00e5n min tid p\u00e5 Tibble var mitt sista samtal med min ensemble l\u00e4rare Hasse. Efter att min klass hade haft v\u00e5r avslutningskonsert i trean s\u00e5 pratade jag och han om hur l\u00e4skigt det k\u00e4ndes f\u00f6r mig att v\u00e5ga satsa p\u00e5 musiken fullt ut. Hasse var v\u00e4ldigt \u00e4rlig med att s\u00e4ga att det kan vara skittufft under l\u00e5nga perioder men s\u00e5 l\u00e4nge man h\u00e4rdar igenom det kommer det alltid komma n\u00e5gonting som g\u00f6r det v\u00e4rt all tid och frustration man lagt ner i slut\u00e4ndan, att det g\u00e5r i cykler av mer eller mindre medvind men att man bara m\u00e5ste h\u00e4rda ut d\u00e5. Det \u00e4r n\u00e5got jag fortfarande t\u00e4nker p\u00e5 n\u00e4r jag hamnar i perioder d\u00e4r det k\u00e4nns som att jag inte kommer n\u00e5gonstans.\u201d<\/p>\n<p>&nbsp;<\/p>\n","protected":false},"excerpt":{"rendered":"<p>Fanny Hultman l\u00e4ste inriktning Musik p\u00e5 Tibbles Estetiska program. Idag jobbar hon som l\u00e5tskrivare och producent \u00e5t andra artister, b\u00e5de p\u00e5 engelska och p\u00e5 svenska. Dom senaste \u00e5ren har hon varit med och skrivit l\u00e5tar till bland annat Kygo, Ellie&#8230;<\/p>\n","protected":false},"author":14,"featured_media":0,"parent":0,"menu_order":11,"comment_status":"closed","ping_status":"closed","template":"","meta":{"footnotes":""},"class_list":["post-4365","page","type-page","status-publish","hentry"],"acf":[],"_links":{"self":[{"href":"https:\/\/tibble.nu\/campus-taby\/wp-json\/wp\/v2\/pages\/4365","targetHints":{"allow":["GET"]}}],"collection":[{"href":"https:\/\/tibble.nu\/campus-taby\/wp-json\/wp\/v2\/pages"}],"about":[{"href":"https:\/\/tibble.nu\/campus-taby\/wp-json\/wp\/v2\/types\/page"}],"author":[{"embeddable":true,"href":"https:\/\/tibble.nu\/campus-taby\/wp-json\/wp\/v2\/users\/14"}],"replies":[{"embeddable":true,"href":"https:\/\/tibble.nu\/campus-taby\/wp-json\/wp\/v2\/comments?post=4365"}],"version-history":[{"count":5,"href":"https:\/\/tibble.nu\/campus-taby\/wp-json\/wp\/v2\/pages\/4365\/revisions"}],"predecessor-version":[{"id":11427,"href":"https:\/\/tibble.nu\/campus-taby\/wp-json\/wp\/v2\/pages\/4365\/revisions\/11427"}],"wp:attachment":[{"href":"https:\/\/tibble.nu\/campus-taby\/wp-json\/wp\/v2\/media?parent=4365"}],"curies":[{"name":"wp","href":"https:\/\/api.w.org\/{rel}","templated":true}]}}