{"id":4224,"date":"2021-06-09T13:24:53","date_gmt":"2021-06-09T11:24:53","guid":{"rendered":"http:\/\/localhost\/tibble\/?page_id=4224"},"modified":"2025-01-21T15:13:07","modified_gmt":"2025-01-21T14:13:07","slug":"niu-liu","status":"publish","type":"page","link":"https:\/\/tibble.nu\/campus-taby\/utbildningar\/niu-liu\/","title":{"rendered":"NIU &amp; LIU"},"content":{"rendered":"<p><span style=\"font-weight: 400\">Tibble har sedan m\u00e5nga \u00e5r framg\u00e5ngsrikt kombinerat starkt fokus p\u00e5 teoretiska kunskaper med idrottsut\u00f6vande p\u00e5 h\u00f6g niv\u00e5. Inom v\u00e5r nationella och lokala idrottsutbildning f\u00e5r du en gymnasieutbildning av h\u00f6gsta kvalitet och samtidigt chansen att prestera maximalt p\u00e5 idrottsarenan.<\/span><\/p>\n<h2><span style=\"font-weight: 400\">Nationell idrottsutbildning (NIU)<\/span><\/h2>\n<p><span style=\"font-weight: 400\">Den nationella idrottsutbildningen fokuserar p\u00e5 individuell utveckling av dig som idrottare d\u00e4r kvalificerad tr\u00e4ningsverksamhet p\u00e5 skoltid kombineras med tr\u00e4ning och t\u00e4vling i den egna f\u00f6reningen. Du som v\u00e4ljer NIU l\u00e4ser 400 po\u00e4ng inom \u00e4mnet specialidrott, f\u00f6rdelat p\u00e5 dina tre \u00e5r. Po\u00e4ngen utg\u00f6r dina individuella val-po\u00e4ng samt delar av din programf\u00f6rdjupning och best\u00e5r av f\u00f6ljande \u00e4mnen:\u00a0<\/span><\/p>\n<p><strong>\u2219 Specialidrott niv\u00e5 1\u00a0<\/strong>200p<br \/>\n<strong>\u2219 Specialidrott niv\u00e5\u00a02<\/strong>\u00a0100p<br \/>\n<strong>\u2219 Tr\u00e4nings- och t\u00e4vlingsl\u00e4ra 1\u00a0<\/strong>100p<\/p>\n<p><strong>F\u00f6r att g\u00e5 NIU p\u00e5 Tibble m\u00e5ste du s\u00f6ka till och komma in p\u00e5 n\u00e5got av f\u00f6ljande program:\u00a0<\/strong><\/p>\n<p><span style=\"font-weight: 400\">\u2219 Barn- och fritidsprogrammet inriktning fritid &amp; h\u00e4lsa med ledarskapsprofil, <i>f\u00f6r timplan tryck <\/i><a href=\"https:\/\/tibble.nu\/campus-taby\/wp-content\/uploads\/Tibble_poangplaner_NIU-FHL.pdf\"><i>h\u00e4r<\/i><\/a><i>.<\/i><strong><br \/>\n<\/strong><\/span><span style=\"font-weight: 400\"><strong>\u2219 <\/strong>Ekonomiprogrammet inriktning Marknadsf\u00f6ring, <\/span><i><span style=\"font-weight: 400\">f\u00f6r timplan tryck <\/span><\/i><a href=\"https:\/\/tibble.nu\/campus-taby\/wp-content\/uploads\/Tibble_poangplaner_NIU_EK.pdf\"><i><span style=\"font-weight: 400\">h\u00e4r<\/span><\/i><\/a><br \/>\n<span style=\"font-weight: 400\"><strong>\u2219 <\/strong>Naturvetenskapsprogrammet inriktning Naturvetenskap, <\/span><i><span style=\"font-weight: 400\">f\u00f6r timplan tryck <\/span><\/i><a href=\"https:\/\/tibble.nu\/campus-taby\/wp-content\/uploads\/Tibble_poangplaner_NIU_NA.pdf\"><i><span style=\"font-weight: 400\">h\u00e4r<\/span><\/i><\/a><br \/>\n<span style=\"font-weight: 400\"><strong>\u2219 <\/strong>Samh\u00e4llsvetenskapsprogrammet inriktning Samh\u00e4llsvetenskap, <\/span><i><span style=\"font-weight: 400\">f\u00f6r timplan tryck <\/span><\/i><a href=\"https:\/\/tibble.nu\/campus-taby\/wp-content\/uploads\/Tibble_poangplaner_NIU_SA.pdf\"><i><span style=\"font-weight: 400\">h\u00e4r<\/span><\/i><\/a><span style=\"font-weight: 400\"><br \/>\n<\/span><\/p>\n<h2><span style=\"font-weight: 400\">Lokal idrottsutbildning (LIU)<\/span><\/h2>\n<p><span style=\"font-weight: 400\">Det vi kallar lokal idrottsutbildning \u00e4r f\u00f6r dig som ut\u00f6var en idrott p\u00e5 h\u00f6g niv\u00e5 och vill satsa p\u00e5 din idrott men inte ta po\u00e4ng fr\u00e5n din ordinarie gymnasieutbildning. Du som v\u00e4ljer LIU l\u00e4ser 200 po\u00e4ng inom \u00e4mnet t\u00e4vlingsidrott. Po\u00e4ngen utg\u00f6r dina individuella val som startar fr\u00e5n \u00e5rskurs 1 f\u00f6r dig.\u00a0<\/span><\/p>\n<p><span style=\"font-weight: 400\"><strong>\u2219<\/strong> <strong>T\u00e4vlingsidrott niv\u00e5 1<\/strong>\u00a0100 p<br \/>\n<\/span><span style=\"font-weight: 400\"><strong>\u2219 T\u00e4vlingsidrott niv\u00e5 2<\/strong>\u00a0100 p<\/span><\/p>\n<p><span style=\"font-weight: 400\">F\u00f6r att g\u00e5 LIU p\u00e5 Tibble kan du s\u00f6ka till samtliga program och inriktningar och v\u00e4lja till LIU som individuellt val fr\u00e5n och med \u00e5rskurs 2.<\/span><\/p>\n<p>&nbsp;<\/p>\n<div class=\"video-embed-container\"><iframe loading=\"lazy\" title=\"NIU &amp; LIU p\u00e5 Tibble Campus T\u00e4by\" width=\"500\" height=\"281\" src=\"https:\/\/www.youtube.com\/embed\/4kNStDz5PuE?feature=oembed\" frameborder=\"0\" allow=\"accelerometer; autoplay; clipboard-write; encrypted-media; gyroscope; picture-in-picture; web-share\" referrerpolicy=\"strict-origin-when-cross-origin\" allowfullscreen><\/iframe><\/div>\n<p>&nbsp;<\/p>\n","protected":false},"excerpt":{"rendered":"<p>Tibble har sedan m\u00e5nga \u00e5r framg\u00e5ngsrikt kombinerat starkt fokus p\u00e5 teoretiska kunskaper med idrottsut\u00f6vande p\u00e5 h\u00f6g niv\u00e5. Inom v\u00e5r nationella och lokala idrottsutbildning f\u00e5r du en gymnasieutbildning av h\u00f6gsta kvalitet och samtidigt chansen att prestera maximalt p\u00e5 idrottsarenan. Nationell idrottsutbildning&#8230;<\/p>\n","protected":false},"author":1,"featured_media":0,"parent":4195,"menu_order":0,"comment_status":"closed","ping_status":"closed","template":"","meta":{"footnotes":""},"class_list":["post-4224","page","type-page","status-publish","hentry"],"acf":[],"_links":{"self":[{"href":"https:\/\/tibble.nu\/campus-taby\/wp-json\/wp\/v2\/pages\/4224","targetHints":{"allow":["GET"]}}],"collection":[{"href":"https:\/\/tibble.nu\/campus-taby\/wp-json\/wp\/v2\/pages"}],"about":[{"href":"https:\/\/tibble.nu\/campus-taby\/wp-json\/wp\/v2\/types\/page"}],"author":[{"embeddable":true,"href":"https:\/\/tibble.nu\/campus-taby\/wp-json\/wp\/v2\/users\/1"}],"replies":[{"embeddable":true,"href":"https:\/\/tibble.nu\/campus-taby\/wp-json\/wp\/v2\/comments?post=4224"}],"version-history":[{"count":5,"href":"https:\/\/tibble.nu\/campus-taby\/wp-json\/wp\/v2\/pages\/4224\/revisions"}],"predecessor-version":[{"id":11488,"href":"https:\/\/tibble.nu\/campus-taby\/wp-json\/wp\/v2\/pages\/4224\/revisions\/11488"}],"up":[{"embeddable":true,"href":"https:\/\/tibble.nu\/campus-taby\/wp-json\/wp\/v2\/pages\/4195"}],"wp:attachment":[{"href":"https:\/\/tibble.nu\/campus-taby\/wp-json\/wp\/v2\/media?parent=4224"}],"curies":[{"name":"wp","href":"https:\/\/api.w.org\/{rel}","templated":true}]}}