{"id":4218,"date":"2021-06-09T13:23:53","date_gmt":"2021-06-09T11:23:53","guid":{"rendered":"http:\/\/localhost\/tibble\/?page_id=4218"},"modified":"2026-01-13T12:41:47","modified_gmt":"2026-01-13T11:41:47","slug":"fritid-halsa","status":"publish","type":"page","link":"https:\/\/tibble.nu\/campus-taby\/utbildningar\/fritid-halsa\/","title":{"rendered":"Fritid &amp; h\u00e4lsa"},"content":{"rendered":"<p>Fritid &amp; h\u00e4lsa \u00e4r en inriktning inom Barn- och fritidsprogrammet som ger dig b\u00e5de grundl\u00e4ggande h\u00f6gskolebeh\u00f6righet och yrkeserfarenhet genom praktik. Vi kombinerar teori med praktik f\u00f6r att ge dig en m\u00e5ngsidig och berikande utbildning med bred erfarenhet inom tr\u00e4ning och h\u00e4lsa. Du f\u00e5r f\u00f6rdjupa dig i hur kroppen fungerar i tr\u00e4ning och vila, om l\u00e4mplig kost f\u00f6r god prestation och h\u00e4lsa samt om olika tr\u00e4ningsmetoder och idrottsskador. Inom programmets ledarskapsprofil f\u00e5r du utveckla din ledarskapsf\u00f6rm\u00e5ga genom att leda och motivera grupper i olika sammanhang och milj\u00f6er.<\/p>\n<p>Skolans l\u00e4ge ger dig tillg\u00e5ng till idrottsanl\u00e4ggningar och tr\u00e4ningslokaler d\u00e4r vi f\u00f6rl\u00e4gger delar av v\u00e5r undervisning. I anslutning till skolan finns bland annat, ishall, konstgr\u00e4s, beachvolleyplan, idrottshallar, kl\u00e4tterv\u00e4gg, danssal och gym.<\/p>\n<p>Utbildningen Fritid &amp; h\u00e4lsa ger dig en fantastisk m\u00f6jlighet att f\u00f6lja din passion f\u00f6r idrott och h\u00e4lsa samtidigt som du utvecklar viktiga ledaregenskaper. Efter din tid p\u00e5 Tibble kommer du att f\u00e5 en stark grund inf\u00f6r fortsatta studier inom idrottsvetenskap, h\u00e4lsa eller ledarskap och genom APL (arbetsplatsf\u00f6rlagt l\u00e4rande) skapas ett brett kontaktn\u00e4t inom arbetslivet.<\/p>\n<p><strong>V\u00e4lkommen till Fritid, h\u00e4lsa &amp; ledarskap p\u00e5 Tibble!<\/strong><\/p>\n<div class=\"video-embed-container\"><iframe loading=\"lazy\" title=\"Fritid, h\u00e4lsa &amp; ledarskap (FHL) p\u00e5 Tibble Campus T\u00e4by\" width=\"500\" height=\"281\" src=\"https:\/\/www.youtube.com\/embed\/4p_3xXZPcI8?feature=oembed\" frameborder=\"0\" allow=\"accelerometer; autoplay; clipboard-write; encrypted-media; gyroscope; picture-in-picture; web-share\" referrerpolicy=\"strict-origin-when-cross-origin\" allowfullscreen><\/iframe><\/div>\n","protected":false},"excerpt":{"rendered":"<p>Fritid &amp; h\u00e4lsa \u00e4r en inriktning inom Barn- och fritidsprogrammet som ger dig b\u00e5de grundl\u00e4ggande h\u00f6gskolebeh\u00f6righet och yrkeserfarenhet genom praktik. Vi kombinerar teori med praktik f\u00f6r att ge dig en m\u00e5ngsidig och berikande utbildning med bred erfarenhet inom tr\u00e4ning och&#8230;<\/p>\n","protected":false},"author":1,"featured_media":0,"parent":4195,"menu_order":0,"comment_status":"closed","ping_status":"closed","template":"template-program.php","meta":{"footnotes":""},"class_list":["post-4218","page","type-page","status-publish","hentry"],"acf":[],"_links":{"self":[{"href":"https:\/\/tibble.nu\/campus-taby\/wp-json\/wp\/v2\/pages\/4218","targetHints":{"allow":["GET"]}}],"collection":[{"href":"https:\/\/tibble.nu\/campus-taby\/wp-json\/wp\/v2\/pages"}],"about":[{"href":"https:\/\/tibble.nu\/campus-taby\/wp-json\/wp\/v2\/types\/page"}],"author":[{"embeddable":true,"href":"https:\/\/tibble.nu\/campus-taby\/wp-json\/wp\/v2\/users\/1"}],"replies":[{"embeddable":true,"href":"https:\/\/tibble.nu\/campus-taby\/wp-json\/wp\/v2\/comments?post=4218"}],"version-history":[{"count":7,"href":"https:\/\/tibble.nu\/campus-taby\/wp-json\/wp\/v2\/pages\/4218\/revisions"}],"predecessor-version":[{"id":11908,"href":"https:\/\/tibble.nu\/campus-taby\/wp-json\/wp\/v2\/pages\/4218\/revisions\/11908"}],"up":[{"embeddable":true,"href":"https:\/\/tibble.nu\/campus-taby\/wp-json\/wp\/v2\/pages\/4195"}],"wp:attachment":[{"href":"https:\/\/tibble.nu\/campus-taby\/wp-json\/wp\/v2\/media?parent=4218"}],"curies":[{"name":"wp","href":"https:\/\/api.w.org\/{rel}","templated":true}]}}