{"id":4216,"date":"2021-06-09T13:23:31","date_gmt":"2021-06-09T11:23:31","guid":{"rendered":"http:\/\/localhost\/tibble\/?page_id=4216"},"modified":"2026-03-19T17:38:39","modified_gmt":"2026-03-19T16:38:39","slug":"estet","status":"publish","type":"page","link":"https:\/\/tibble.nu\/campus-taby\/utbildningar\/estet\/","title":{"rendered":"Estetiska programmet"},"content":{"rendered":"<p>Estetiska programmet \u00e4r ett h\u00f6gskolef\u00f6rberedande program som \u00e4r utformat av l\u00e4rare med l\u00e5ng branscherfarenhet. Vi kombinerar teoretiska och estetiska \u00e4mnen som ger dig en bred grund att st\u00e5 p\u00e5, oavsett om du vill studera vidare p\u00e5 konstn\u00e4rliga utbildningar, universitet och h\u00f6gskola eller ge dig direkt ut i arbetslivet.<\/p>\n<h4>Uttryck din kreativitet<\/h4>\n<p>Vi erbjuder estetiska inriktningar inom bild &amp; formgivning, musik och teater. Som elev har du tillg\u00e5ng till v\u00e4lutrustade atelj\u00e9er, musikstudios, danssalar, medielokaler och en stor teater som ger dig de b\u00e4sta f\u00f6ruts\u00e4ttningarna f\u00f6r ditt kreativa arbete. Under din studietid f\u00e5r du uttrycka ditt konstn\u00e4rliga uttryck genom konserter, workshops, utst\u00e4llningar och f\u00f6rst\u00e4llningar som ger dig m\u00f6jlighet att utveckla din samarbetsf\u00f6rm\u00e5ga samt l\u00e4ra dig att hantera olika roller och utmaningar inom den estetiska v\u00e4rlden.<\/p>\n<h4>Vad kan man bli sen?<\/h4>\n<p>Efter dina studier p\u00e5 Tibbles estetiska program kommer du ha \u00f6ppnat d\u00f6rrar till en m\u00e4ngd olika m\u00f6jligheter. Kanske vill du forts\u00e4tta inom det estetiska omr\u00e5det med vidare studier eller arbete, eller s\u00e5 v\u00e4ljer du en studie- eller yrkesv\u00e4g inom en annan bransch. Tibbles tidigare estetelever arbetar idag som scenografer, programledare, musikalartister och sk\u00e5despelare, men ocks\u00e5 som l\u00e4kare, jurister och l\u00e4rare.<\/p>\n<p><span style=\"font-weight: 400;\">V\u00e4lkommen till Estetiska programmet p\u00e5 Tibble!<\/span><\/p>\n<p>&nbsp;<\/p>\n<div class=\"video-embed-container\"><iframe loading=\"lazy\" title=\"Estetiska programmet p\u00e5 Tibble Campus T\u00e4by\" width=\"500\" height=\"281\" src=\"https:\/\/www.youtube.com\/embed\/RAcB1E4WgBg?feature=oembed\" frameborder=\"0\" allow=\"accelerometer; autoplay; clipboard-write; encrypted-media; gyroscope; picture-in-picture; web-share\" referrerpolicy=\"strict-origin-when-cross-origin\" allowfullscreen><\/iframe><\/div>\n","protected":false},"excerpt":{"rendered":"<p>Estetiska programmet \u00e4r ett h\u00f6gskolef\u00f6rberedande program som \u00e4r utformat av l\u00e4rare med l\u00e5ng branscherfarenhet. Vi kombinerar teoretiska och estetiska \u00e4mnen som ger dig en bred grund att st\u00e5 p\u00e5, oavsett om du vill studera vidare p\u00e5 konstn\u00e4rliga utbildningar, universitet och&#8230;<\/p>\n","protected":false},"author":1,"featured_media":0,"parent":4195,"menu_order":0,"comment_status":"closed","ping_status":"closed","template":"template-program.php","meta":{"footnotes":""},"class_list":["post-4216","page","type-page","status-publish","hentry"],"acf":[],"_links":{"self":[{"href":"https:\/\/tibble.nu\/campus-taby\/wp-json\/wp\/v2\/pages\/4216","targetHints":{"allow":["GET"]}}],"collection":[{"href":"https:\/\/tibble.nu\/campus-taby\/wp-json\/wp\/v2\/pages"}],"about":[{"href":"https:\/\/tibble.nu\/campus-taby\/wp-json\/wp\/v2\/types\/page"}],"author":[{"embeddable":true,"href":"https:\/\/tibble.nu\/campus-taby\/wp-json\/wp\/v2\/users\/1"}],"replies":[{"embeddable":true,"href":"https:\/\/tibble.nu\/campus-taby\/wp-json\/wp\/v2\/comments?post=4216"}],"version-history":[{"count":6,"href":"https:\/\/tibble.nu\/campus-taby\/wp-json\/wp\/v2\/pages\/4216\/revisions"}],"predecessor-version":[{"id":11945,"href":"https:\/\/tibble.nu\/campus-taby\/wp-json\/wp\/v2\/pages\/4216\/revisions\/11945"}],"up":[{"embeddable":true,"href":"https:\/\/tibble.nu\/campus-taby\/wp-json\/wp\/v2\/pages\/4195"}],"wp:attachment":[{"href":"https:\/\/tibble.nu\/campus-taby\/wp-json\/wp\/v2\/media?parent=4216"}],"curies":[{"name":"wp","href":"https:\/\/api.w.org\/{rel}","templated":true}]}}