{"id":11802,"date":"2025-11-19T11:46:49","date_gmt":"2025-11-19T10:46:49","guid":{"rendered":"https:\/\/tibble.nu\/campus-taby\/?page_id=11802"},"modified":"2025-11-19T12:33:26","modified_gmt":"2025-11-19T11:33:26","slug":"jesus-christ-superstar","status":"publish","type":"page","link":"https:\/\/tibble.nu\/campus-taby\/utbildningar\/estet\/musikal\/jesus-christ-superstar\/","title":{"rendered":"Jesus Christ Superstar"},"content":{"rendered":"<p>Jesus Christ Superstar skrevs av Andrew Lloyd Webber och Tim Rice och var till en b\u00f6rjan en dubbel-LP som kom ut 1970.<\/p>\n<p>I samband med att konceptalbumet sl\u00e4pptes s\u00e5 gjorde man en konsertversion i St Paul\u2019s Cathedral i London. Konserten v\u00e4ckte tanken p\u00e5 att g\u00f6ra verket till en musikal, vilket blev verklighet ett \u00e5r senare 1971.<\/p>\n<p>Sverigepremi\u00e4ren \u00e4gde rum i Scandinavium i G\u00f6teborg 1972 och sedan dess har musikalen spelats flitigt p\u00e5 scener, sporthallar och i kyrkor framf\u00f6r allt i p\u00e5sktider.<\/p>\n<p>Jesus Christ Superstar \u00e4r den f\u00f6rsta s\u00e5 kallade rockoperan och banade v\u00e4g f\u00f6r pop- och rockmusiken att g\u00f6ra sitt int\u00e5g i musikalrepertoaren.<\/p>\n<p>Jesus Christ Superstar var ocks\u00e5 den f\u00f6rsta \u201dk\u00e4nda\u201d musikalen vi spelade p\u00e5 Tibble gymnasiums estetiska program redan 1997. 2020 var tanken att vi skulle s\u00e4tta upp den igen men den fick tyv\u00e4rr st\u00e4llas in p\u00e5 grund av den p\u00e5g\u00e5ende pandemin.<\/p>\n<p>Men&#8230; nu \u00e4r det, 29 \u00e5r senare, dags att l\u00e5ta T\u00e4byborna ta del av detta fantastiska verk igen.<\/p>\n<p>Historien om Jesus ber\u00e4ttas, som brukligt i JCS, ur Judas perspektiv men vi spetsar till hela historien ytterligare genom att\u00a0 Jesus, Judas, Pilatus, Herodes, pr\u00e4ster och l\u00e4rjungar gestaltas av \u00a0kvinnor.<\/p>\n<p>Varmt v\u00e4lkomna!<\/p>\n\n\t\t<style type=\"text\/css\">\n\t\t\t#gallery-1 {\n\t\t\t\tmargin: auto;\n\t\t\t}\n\t\t\t#gallery-1 .gallery-item {\n\t\t\t\tfloat: left;\n\t\t\t\tmargin-top: 10px;\n\t\t\t\ttext-align: center;\n\t\t\t\twidth: 33%;\n\t\t\t}\n\t\t\t#gallery-1 img {\n\t\t\t\tborder: 2px solid #cfcfcf;\n\t\t\t}\n\t\t\t#gallery-1 .gallery-caption {\n\t\t\t\tmargin-left: 0;\n\t\t\t}\n\t\t\t\/* see gallery_shortcode() in wp-includes\/media.php *\/\n\t\t<\/style>\n\t\t<div id='gallery-1' class='gallery galleryid-11802 gallery-columns-3 gallery-size-thumbnail'><dl class='gallery-item'>\n\t\t\t<dt class='gallery-icon landscape'>\n\t\t\t\t<a href='https:\/\/tibble.nu\/campus-taby\/wp-content\/uploads\/JCSW_Instagram.png' title=\"\" data-rl_title=\"\" class=\"rl-gallery-link\" data-rl_caption=\"\" data-rel=\"lightbox-gallery-1\"><img loading=\"lazy\" decoding=\"async\" width=\"500\" height=\"500\" src=\"https:\/\/tibble.nu\/campus-taby\/wp-content\/uploads\/JCSW_Instagram-500x500.png\" class=\"attachment-thumbnail size-thumbnail\" alt=\"\" srcset=\"https:\/\/tibble.nu\/campus-taby\/wp-content\/uploads\/JCSW_Instagram-500x500.png 500w, https:\/\/tibble.nu\/campus-taby\/wp-content\/uploads\/JCSW_Instagram-300x300.png 300w, https:\/\/tibble.nu\/campus-taby\/wp-content\/uploads\/JCSW_Instagram-1024x1024.png 1024w, https:\/\/tibble.nu\/campus-taby\/wp-content\/uploads\/JCSW_Instagram-768x768.png 768w, https:\/\/tibble.nu\/campus-taby\/wp-content\/uploads\/JCSW_Instagram-150x150.png 150w, https:\/\/tibble.nu\/campus-taby\/wp-content\/uploads\/JCSW_Instagram-440x440.png 440w, https:\/\/tibble.nu\/campus-taby\/wp-content\/uploads\/JCSW_Instagram.png 1080w\" sizes=\"auto, (max-width: 500px) 100vw, 500px\" \/><\/a>\n\t\t\t<\/dt><\/dl>\n\t\t\t<br style='clear: both' \/>\n\t\t<\/div>\n\n","protected":false},"excerpt":{"rendered":"<p>Jesus Christ Superstar skrevs av Andrew Lloyd Webber och Tim Rice och var till en b\u00f6rjan en dubbel-LP som kom ut 1970. I samband med att konceptalbumet sl\u00e4pptes s\u00e5 gjorde man en konsertversion i St Paul\u2019s Cathedral i London. Konserten&#8230;<\/p>\n","protected":false},"author":14,"featured_media":0,"parent":4390,"menu_order":0,"comment_status":"closed","ping_status":"closed","template":"","meta":{"footnotes":""},"class_list":["post-11802","page","type-page","status-publish","hentry"],"acf":[],"_links":{"self":[{"href":"https:\/\/tibble.nu\/campus-taby\/wp-json\/wp\/v2\/pages\/11802","targetHints":{"allow":["GET"]}}],"collection":[{"href":"https:\/\/tibble.nu\/campus-taby\/wp-json\/wp\/v2\/pages"}],"about":[{"href":"https:\/\/tibble.nu\/campus-taby\/wp-json\/wp\/v2\/types\/page"}],"author":[{"embeddable":true,"href":"https:\/\/tibble.nu\/campus-taby\/wp-json\/wp\/v2\/users\/14"}],"replies":[{"embeddable":true,"href":"https:\/\/tibble.nu\/campus-taby\/wp-json\/wp\/v2\/comments?post=11802"}],"version-history":[{"count":5,"href":"https:\/\/tibble.nu\/campus-taby\/wp-json\/wp\/v2\/pages\/11802\/revisions"}],"predecessor-version":[{"id":11915,"href":"https:\/\/tibble.nu\/campus-taby\/wp-json\/wp\/v2\/pages\/11802\/revisions\/11915"}],"up":[{"embeddable":true,"href":"https:\/\/tibble.nu\/campus-taby\/wp-json\/wp\/v2\/pages\/4390"}],"wp:attachment":[{"href":"https:\/\/tibble.nu\/campus-taby\/wp-json\/wp\/v2\/media?parent=11802"}],"curies":[{"name":"wp","href":"https:\/\/api.w.org\/{rel}","templated":true}]}}