{"id":11556,"date":"2025-02-28T15:19:01","date_gmt":"2025-02-28T14:19:01","guid":{"rendered":"https:\/\/tibble.nu\/campus-taby\/?page_id=11556"},"modified":"2025-02-28T15:21:25","modified_gmt":"2025-02-28T14:21:25","slug":"programmeringsskola","status":"publish","type":"page","link":"https:\/\/tibble.nu\/campus-taby\/mentorspace\/programmeringsskola\/","title":{"rendered":"Programmeringsskola"},"content":{"rendered":"<p>Nu startar vi en ny programmeringsskola p\u00e5 Tibble Mentorspace f\u00f6r alla fr\u00e5n 16 \u00e5r och upp\u00e5t som vill l\u00e4ra sig programmera. D\u00f6rrarna till Mentorspace kommer att vara \u00f6ppna varje torsdag kl. 15\u201317 med start 20 mars, d\u00e4r professor emeritus Mark Smith tillsammans med studenter fr\u00e5n KTH kommer att h\u00e5lla i workshops. Under utbildningen f\u00e5r deltagarna testa p\u00e5 probleml\u00f6sning, programmering och teknikutveckling p\u00e5 ett engagerande och praktiskt s\u00e4tt.<\/p>\n<p class=\"x_xxmsonormal\" data-olk-copy-source=\"MessageBody\">Om du undrar vad f\u00f6r typ av problem som programmering och enkel teknologi kan l\u00f6sa? H\u00e4r kommer ett exempel:<\/p>\n<p class=\"x_xxmsonormal\">S\u00e4g att du \u00e4r elev p\u00e5 en skola och du m\u00e5ste knipsa h\u00e4ngl\u00e5set till ditt sk\u00e5p d\u00e5 du gl\u00f6mt nyckeln? Du vill inte ta ut allt ur sk\u00e5pet, men du vill \u00e4nd\u00e5 veta om n\u00e5gon \u00e4r p\u00e5 v\u00e4g att ta sig in i ditt ol\u00e5sta sk\u00e5p under dagen! D\u00e5 finns en liten detektor som du byggt och som du s\u00e4tter fast i sk\u00e5pet: s\u00e5 fort n\u00e5gon \u00f6ppnar sk\u00e5pet g\u00e5r en larmsignal till din telefon! Du kan springa ut och ta den oinbjudna g\u00e4sten p\u00e5 bar g\u00e4rning, och det b\u00e4sta \u00e4r att du har byggt produkten sj\u00e4lv &#8211; inklusive programmeringen!<\/p>\n<p class=\"x_xxmsonormal\">Kom p\u00e5 ett problem &#8211; ta med dig det till Mentorspace &#8211; och programmera och bygg din id\u00e9 till l\u00f6sning p\u00e5 plats!<\/p>\n","protected":false},"excerpt":{"rendered":"<p>Nu startar vi en ny programmeringsskola p\u00e5 Tibble Mentorspace f\u00f6r alla fr\u00e5n 16 \u00e5r och upp\u00e5t som vill l\u00e4ra sig programmera. D\u00f6rrarna till Mentorspace kommer att vara \u00f6ppna varje torsdag kl. 15\u201317 med start 20 mars, d\u00e4r professor emeritus Mark&#8230;<\/p>\n","protected":false},"author":14,"featured_media":0,"parent":10942,"menu_order":0,"comment_status":"closed","ping_status":"closed","template":"","meta":{"footnotes":""},"class_list":["post-11556","page","type-page","status-publish","hentry"],"acf":[],"_links":{"self":[{"href":"https:\/\/tibble.nu\/campus-taby\/wp-json\/wp\/v2\/pages\/11556","targetHints":{"allow":["GET"]}}],"collection":[{"href":"https:\/\/tibble.nu\/campus-taby\/wp-json\/wp\/v2\/pages"}],"about":[{"href":"https:\/\/tibble.nu\/campus-taby\/wp-json\/wp\/v2\/types\/page"}],"author":[{"embeddable":true,"href":"https:\/\/tibble.nu\/campus-taby\/wp-json\/wp\/v2\/users\/14"}],"replies":[{"embeddable":true,"href":"https:\/\/tibble.nu\/campus-taby\/wp-json\/wp\/v2\/comments?post=11556"}],"version-history":[{"count":3,"href":"https:\/\/tibble.nu\/campus-taby\/wp-json\/wp\/v2\/pages\/11556\/revisions"}],"predecessor-version":[{"id":11560,"href":"https:\/\/tibble.nu\/campus-taby\/wp-json\/wp\/v2\/pages\/11556\/revisions\/11560"}],"up":[{"embeddable":true,"href":"https:\/\/tibble.nu\/campus-taby\/wp-json\/wp\/v2\/pages\/10942"}],"wp:attachment":[{"href":"https:\/\/tibble.nu\/campus-taby\/wp-json\/wp\/v2\/media?parent=11556"}],"curies":[{"name":"wp","href":"https:\/\/api.w.org\/{rel}","templated":true}]}}