{"id":11376,"date":"2024-12-04T14:37:41","date_gmt":"2024-12-04T13:37:41","guid":{"rendered":"https:\/\/tibble.nu\/campus-taby\/?page_id=11376"},"modified":"2024-12-04T15:14:32","modified_gmt":"2024-12-04T14:14:32","slug":"elevintervju-med-beata-klinkert","status":"publish","type":"page","link":"https:\/\/tibble.nu\/campus-taby\/utbildningar\/naturvetenskap\/elevintervju-med-beata-klinkert\/","title":{"rendered":"Elevintervju med Beata Klinkert"},"content":{"rendered":"<p>Beata tog studenten fr\u00e5n Tibble 2019 efter tre \u00e5r p\u00e5 <a href=\"https:\/\/tibble.nu\/campus-taby\/utbildningar\/naturvetenskap\/\">Naturvetenskapsprogrammet<\/a> med NIU-inriktning i basket. Idag studerar hon sin tredje termin p\u00e5 ett masterprogram i finansiell ekonomi vid Lunds universitet. Valet av Naturvetenskapsprogrammet var en kombination av intresse f\u00f6r matematik och viljan att utmana sig sj\u00e4lv.<\/p>\n<p>\u2013 Jag valde Naturvetenskapsprogrammet f\u00f6r att det k\u00e4ndes som en bra utmaning f\u00f6r mig och f\u00f6r att jag ville l\u00e4sa mer matte. Dessutom visste jag inte vad jag ville g\u00f6ra i framtiden och ville inte st\u00e4nga n\u00e5gra d\u00f6rrar, s\u00e4ger Beata.<\/p>\n<p>Gymnasietiden p\u00e5 Tibble blev en viktig grund f\u00f6r Beatas vidare studier.<\/p>\n<p>\u2013 Mycket av det jag l\u00e4rde mig p\u00e5 Tibble har jag nytta av \u00e4n idag, kanske speciellt fr\u00e5n matematiken. Jag \u00e4r v\u00e4ldigt tacksam f\u00f6r det.<\/p>\n<p><strong>Fr\u00e5n kemi och fysik till ekonomi<\/strong><\/p>\n<p>Trots att Beata ins\u00e5g tidigt att hon inte ville forts\u00e4tta inom fysik eller kemi, \u00e5ngrar hon inte valet av naturvetenskapsprogrammet.<\/p>\n<p>\u2013 I efterhand \u00e4r jag glad att jag valde natur \u00e4nd\u00e5. Det funkar bra \u00e4ven om man inte vill l\u00e4sa vidare inom naturvetenskap.<\/p>\n<p>Efter studenten tog Beata en paus fr\u00e5n studierna och arbetade som au pair i London. Kort d\u00e4refter p\u00e5b\u00f6rjade hon sina universitetsstudier i Lund, d\u00e4r hon nu l\u00e4ser sin master.<\/p>\n<p>\u2013 Jag kan varmt rekommendera Lund f\u00f6r den som \u00e4r sugen p\u00e5 att l\u00e4sa vidare.<\/p>\n<p><strong>Minnen och f\u00f6rebilder fr\u00e5n Tibble<\/strong><\/p>\n<p>Det b\u00e4sta med Tibble, enligt Beata, var de v\u00e4nner hon fick \u2013 m\u00e5nga av dem \u00e4r fortfarande en viktig del av hennes liv idag. Hon lyfter ocks\u00e5 fram den avslappnade och trygga st\u00e4mningen mellan l\u00e4rare och elever som en stor styrka. Tv\u00e5 av l\u00e4rarna blev s\u00e4rskilda f\u00f6rebilder f\u00f6r henne under gymnasietiden: en svensk- och en mattel\u00e4rare.<\/p>\n<p>\u2013 Min svenskl\u00e4rare var ett fantastiskt st\u00f6d och bollplank. Jag \u00e4r s\u00e5 tacksam att vi blev hennes f\u00f6rsta mentorsklass och jag hoppas att hon f\u00f6rst\u00e5r hur mycket hon har betytt f\u00f6r klassen och f\u00f6r mig.<\/p>\n<p><strong>Framtidsdr\u00f6mmar<\/strong><\/p>\n<p>Idag dr\u00f6mmer Beata om en karri\u00e4r inom kapitalf\u00f6rvaltning, med planer p\u00e5 att arbeta i Stockholm eller K\u00f6penhamn. Beatas resa \u00e4r ett bevis p\u00e5 hur m\u00e5nga v\u00e4gar som \u00f6ppnas med en bra grund i gymnasiet och hur viktiga b\u00e5de utmaningar och f\u00f6rebilder \u00e4r under ungdoms\u00e5ren.<\/p>\n","protected":false},"excerpt":{"rendered":"<p>Beata tog studenten fr\u00e5n Tibble 2019 efter tre \u00e5r p\u00e5 Naturvetenskapsprogrammet med NIU-inriktning i basket. Idag studerar hon sin tredje termin p\u00e5 ett masterprogram i finansiell ekonomi vid Lunds universitet. Valet av Naturvetenskapsprogrammet var en kombination av intresse f\u00f6r matematik&#8230;<\/p>\n","protected":false},"author":14,"featured_media":0,"parent":4220,"menu_order":0,"comment_status":"closed","ping_status":"closed","template":"","meta":{"footnotes":""},"class_list":["post-11376","page","type-page","status-publish","hentry"],"acf":[],"_links":{"self":[{"href":"https:\/\/tibble.nu\/campus-taby\/wp-json\/wp\/v2\/pages\/11376","targetHints":{"allow":["GET"]}}],"collection":[{"href":"https:\/\/tibble.nu\/campus-taby\/wp-json\/wp\/v2\/pages"}],"about":[{"href":"https:\/\/tibble.nu\/campus-taby\/wp-json\/wp\/v2\/types\/page"}],"author":[{"embeddable":true,"href":"https:\/\/tibble.nu\/campus-taby\/wp-json\/wp\/v2\/users\/14"}],"replies":[{"embeddable":true,"href":"https:\/\/tibble.nu\/campus-taby\/wp-json\/wp\/v2\/comments?post=11376"}],"version-history":[{"count":3,"href":"https:\/\/tibble.nu\/campus-taby\/wp-json\/wp\/v2\/pages\/11376\/revisions"}],"predecessor-version":[{"id":11384,"href":"https:\/\/tibble.nu\/campus-taby\/wp-json\/wp\/v2\/pages\/11376\/revisions\/11384"}],"up":[{"embeddable":true,"href":"https:\/\/tibble.nu\/campus-taby\/wp-json\/wp\/v2\/pages\/4220"}],"wp:attachment":[{"href":"https:\/\/tibble.nu\/campus-taby\/wp-json\/wp\/v2\/media?parent=11376"}],"curies":[{"name":"wp","href":"https:\/\/api.w.org\/{rel}","templated":true}]}}