{"id":11245,"date":"2024-10-25T13:00:51","date_gmt":"2024-10-25T11:00:51","guid":{"rendered":"https:\/\/tibble.nu\/campus-taby\/?page_id=11245"},"modified":"2024-10-25T13:18:23","modified_gmt":"2024-10-25T11:18:23","slug":"gymnasiearbeten","status":"publish","type":"page","link":"https:\/\/tibble.nu\/campus-taby\/utbildningar\/teknik\/gymnasiearbeten\/","title":{"rendered":"Gymnasiearbeten"},"content":{"rendered":"<p>Gymnasiearbetet \u00e4r ett viktigt moment i gymnasieutbildningen d\u00e4r eleverna arbetar med st\u00f6rre projekt och till\u00e4mpar kunskaper fr\u00e5n olika kurser. Eleverna arbetar ofta i grupp, vilket ger v\u00e4rdefull tr\u00e4ning i gruppdynamik, arbetsf\u00f6rdelning och kommunikation och konflikthantering. Det f\u00f6rbereder dem f\u00f6r framtida studier eller yrkesliv. En vetenskaplig rapport, ofta p\u00e5 engelska, ing\u00e5r, och projektet avslutas med en presentation och kritisk opposition. K\u00e4llkritik \u00e4r central, d\u00e4r eleverna l\u00e4r sig att granska information noggrant. Gymnasiearbetet, som omfattar 100 po\u00e4ng, m\u00e5ste vara godk\u00e4nt f\u00f6r att f\u00e5 examen, och fungerar som bevis p\u00e5 att eleven \u00e4r redo f\u00f6r h\u00f6gre studier eller arbetslivet.<\/p>\n","protected":false},"excerpt":{"rendered":"<p>Gymnasiearbetet \u00e4r ett viktigt moment i gymnasieutbildningen d\u00e4r eleverna arbetar med st\u00f6rre projekt och till\u00e4mpar kunskaper fr\u00e5n olika kurser. Eleverna arbetar ofta i grupp, vilket ger v\u00e4rdefull tr\u00e4ning i gruppdynamik, arbetsf\u00f6rdelning och kommunikation och konflikthantering. Det f\u00f6rbereder dem f\u00f6r framtida&#8230;<\/p>\n","protected":false},"author":14,"featured_media":0,"parent":8232,"menu_order":0,"comment_status":"closed","ping_status":"closed","template":"template-program.php","meta":{"footnotes":""},"class_list":["post-11245","page","type-page","status-publish","hentry"],"acf":[],"_links":{"self":[{"href":"https:\/\/tibble.nu\/campus-taby\/wp-json\/wp\/v2\/pages\/11245","targetHints":{"allow":["GET"]}}],"collection":[{"href":"https:\/\/tibble.nu\/campus-taby\/wp-json\/wp\/v2\/pages"}],"about":[{"href":"https:\/\/tibble.nu\/campus-taby\/wp-json\/wp\/v2\/types\/page"}],"author":[{"embeddable":true,"href":"https:\/\/tibble.nu\/campus-taby\/wp-json\/wp\/v2\/users\/14"}],"replies":[{"embeddable":true,"href":"https:\/\/tibble.nu\/campus-taby\/wp-json\/wp\/v2\/comments?post=11245"}],"version-history":[{"count":3,"href":"https:\/\/tibble.nu\/campus-taby\/wp-json\/wp\/v2\/pages\/11245\/revisions"}],"predecessor-version":[{"id":11274,"href":"https:\/\/tibble.nu\/campus-taby\/wp-json\/wp\/v2\/pages\/11245\/revisions\/11274"}],"up":[{"embeddable":true,"href":"https:\/\/tibble.nu\/campus-taby\/wp-json\/wp\/v2\/pages\/8232"}],"wp:attachment":[{"href":"https:\/\/tibble.nu\/campus-taby\/wp-json\/wp\/v2\/media?parent=11245"}],"curies":[{"name":"wp","href":"https:\/\/api.w.org\/{rel}","templated":true}]}}