{"id":11113,"date":"2024-10-10T10:07:06","date_gmt":"2024-10-10T08:07:06","guid":{"rendered":"https:\/\/tibble.nu\/campus-taby\/?page_id=11113"},"modified":"2024-12-11T09:58:26","modified_gmt":"2024-12-11T08:58:26","slug":"little-women","status":"publish","type":"page","link":"https:\/\/tibble.nu\/campus-taby\/utbildningar\/estet\/musikal\/little-women\/","title":{"rendered":"Little women"},"content":{"rendered":"<p>Musikalen <em>Little women<\/em> \u00e4r en gripande ber\u00e4ttelse om att f\u00f6rverkliga sina dr\u00f6mmar. Vi f\u00e5r f\u00f6lja fyra systrar i 1800-talets Amerika som uppfostras av sin mamma (och \u00e4ven sin pappa i sin fr\u00e5nvaro) till att kunna och ha m\u00f6jligheten att vara sj\u00e4lvst\u00e4ndiga trots att de inte har r\u00f6str\u00e4tt. Under denna tid och fram till att kvinnor fick r\u00f6str\u00e4tt 1920 var kvinnans roll begr\u00e4nsad till hush\u00e5llet men trots detta b\u00f6rjade kvinnor organisera sig f\u00f6r att f\u00e5 st\u00f6rre politiskt inflytande och f\u00f6r att kunna v\u00e4lja sitt liv och yrke. Systrarna tampas p\u00e5 olika s\u00e4tt med normer, arv och fasta traditioner men genom konst, litteratur, musik och pedagogiskt arbete s\u00f6ker och finner de sina olika v\u00e4gar i livet. Musiken i denna eftert\u00e4nksamma och samtidigt sprudlande musikal \u00e4r i klassisk musikalanda och den lyfter karakt\u00e4rernas r\u00f6ster, tankar och k\u00e4nslor med kraft, v\u00e4rme och lekfullhet.<\/p>\n<p>Musikalen Little women baseras p\u00e5 boken med samma namn skriven av f\u00f6rfattarinnan Louisa May Alcott. Det \u00e4r 152 \u00e5r sedan boken publicerades i USA och den har kommit att bli en v\u00e4lk\u00e4nd och omtyckt ungdomsbok med syfte att uppfostra.<\/p>\n<p><img loading=\"lazy\" decoding=\"async\" class=\"alignnone wp-image-11364 size-full\" src=\"https:\/\/tibble.nu\/campus-taby\/wp-content\/uploads\/1080x1080_instagram.png\" alt=\"\" width=\"1080\" height=\"1080\" srcset=\"https:\/\/tibble.nu\/campus-taby\/wp-content\/uploads\/1080x1080_instagram.png 1080w, https:\/\/tibble.nu\/campus-taby\/wp-content\/uploads\/1080x1080_instagram-300x300.png 300w, https:\/\/tibble.nu\/campus-taby\/wp-content\/uploads\/1080x1080_instagram-1024x1024.png 1024w, https:\/\/tibble.nu\/campus-taby\/wp-content\/uploads\/1080x1080_instagram-500x500.png 500w, https:\/\/tibble.nu\/campus-taby\/wp-content\/uploads\/1080x1080_instagram-768x768.png 768w, https:\/\/tibble.nu\/campus-taby\/wp-content\/uploads\/1080x1080_instagram-150x150.png 150w, https:\/\/tibble.nu\/campus-taby\/wp-content\/uploads\/1080x1080_instagram-440x440.png 440w\" sizes=\"auto, (max-width: 1080px) 100vw, 1080px\" \/><\/p>\n","protected":false},"excerpt":{"rendered":"<p>Musikalen Little women \u00e4r en gripande ber\u00e4ttelse om att f\u00f6rverkliga sina dr\u00f6mmar. Vi f\u00e5r f\u00f6lja fyra systrar i 1800-talets Amerika som uppfostras av sin mamma (och \u00e4ven sin pappa i sin fr\u00e5nvaro) till att kunna och ha m\u00f6jligheten att vara&#8230;<\/p>\n","protected":false},"author":14,"featured_media":0,"parent":4390,"menu_order":0,"comment_status":"closed","ping_status":"closed","template":"","meta":{"footnotes":""},"class_list":["post-11113","page","type-page","status-publish","hentry"],"acf":[],"_links":{"self":[{"href":"https:\/\/tibble.nu\/campus-taby\/wp-json\/wp\/v2\/pages\/11113","targetHints":{"allow":["GET"]}}],"collection":[{"href":"https:\/\/tibble.nu\/campus-taby\/wp-json\/wp\/v2\/pages"}],"about":[{"href":"https:\/\/tibble.nu\/campus-taby\/wp-json\/wp\/v2\/types\/page"}],"author":[{"embeddable":true,"href":"https:\/\/tibble.nu\/campus-taby\/wp-json\/wp\/v2\/users\/14"}],"replies":[{"embeddable":true,"href":"https:\/\/tibble.nu\/campus-taby\/wp-json\/wp\/v2\/comments?post=11113"}],"version-history":[{"count":5,"href":"https:\/\/tibble.nu\/campus-taby\/wp-json\/wp\/v2\/pages\/11113\/revisions"}],"predecessor-version":[{"id":11442,"href":"https:\/\/tibble.nu\/campus-taby\/wp-json\/wp\/v2\/pages\/11113\/revisions\/11442"}],"up":[{"embeddable":true,"href":"https:\/\/tibble.nu\/campus-taby\/wp-json\/wp\/v2\/pages\/4390"}],"wp:attachment":[{"href":"https:\/\/tibble.nu\/campus-taby\/wp-json\/wp\/v2\/media?parent=11113"}],"curies":[{"name":"wp","href":"https:\/\/api.w.org\/{rel}","templated":true}]}}